{"id":1017,"date":"2023-10-24T12:08:22","date_gmt":"2023-10-24T15:08:22","guid":{"rendered":"https:\/\/consmendoza.esteri.it\/servizi-consolari-e-visti\/servizi-per-il-cittadino-italiano\/altri-servizi\/albo-consolare\/modulistica\/"},"modified":"2026-03-19T11:28:19","modified_gmt":"2026-03-19T14:28:19","slug":"modulistica","status":"publish","type":"page","link":"https:\/\/consmendoza.esteri.it\/es\/servizi-consolari-e-visti\/servizi-per-il-cittadino-italiano\/altri-servizi\/albo-consolare\/modulistica\/","title":{"rendered":"Modulistica"},"content":{"rendered":"<p>Formularios requeridos, divididos seg\u00fan Oficina consular:<\/p>\n<ul>\n<li><strong>Ciudadan\u00eda<\/strong><\/li>\n<\/ul>\n<p><a href=\"https:\/\/consmendoza.esteri.it\/wp-content\/uploads\/2023\/10\/Modulo-richiesta-atti-al-Comune.pdf\">Solicitud de actas a la Comuna Italiana<\/a><\/p>\n<p><a href=\"https:\/\/consmendoza.esteri.it\/wp-content\/uploads\/2023\/10\/Richiesta-Atto-Integrale-per-matrimonio.pdf\">Solicitud Acta Integral para matrimonio<\/a><\/p>\n<p><a href=\"https:\/\/consmendoza.esteri.it\/wp-content\/uploads\/2023\/10\/ISTANZA-CT-AVO-PER-RICONOSCIMENTO-DELLA-CITTADINANZA-ITALIANA.docx\">Solicitud Ciudadan\u00eda iure sanguinis<\/a><\/p>\n<ul>\n<li><strong>Anagrafe\/Fast It<\/strong><\/li>\n<\/ul>\n<p><a href=\"https:\/\/consmendoza.esteri.it\/wp-content\/uploads\/2024\/10\/Iscrizione-aire.-Aggiornamento.-Fomulario-Anagrafe.doc\">Inscripci\u00f3n AIRE<\/a><\/p>\n<ul>\n<li><strong>Pasaportes<\/strong><\/li>\n<\/ul>\n<p><a href=\"https:\/\/consmendoza.esteri.it\/wp-content\/uploads\/2023\/10\/Formulario_passaporto_maggiorenni.pdf\">Adultos<\/a><\/p>\n<p><a href=\"https:\/\/consmendoza.esteri.it\/wp-content\/uploads\/2023\/10\/domanda_pass_minorenni.pdf\">Menores<\/a><\/p>\n<p><a href=\"https:\/\/consmendoza.esteri.it\/wp-content\/uploads\/2024\/10\/Assenso_in_favore_minore_con_autentica.pdf\">Acta de consentimiento<\/a><\/p>\n<ul>\n<li><strong>Carta d\u2019Identit\u00e0 Elettronica (CIE)<\/strong><\/li>\n<\/ul>\n<p><a href=\"https:\/\/consmendoza.esteri.it\/wp-content\/uploads\/2026\/03\/Modello-_richiesta-CIE-maggiorenne_-2024.pdf\">CIE mayores de edad<\/a><br \/>\n<a href=\"https:\/\/consmendoza.esteri.it\/wp-content\/uploads\/2026\/03\/Modello_richiesta_CIE_minori_-2024.pdf\">CIE menores de edad<\/a><br \/>\n<a href=\"https:\/\/consmendoza.esteri.it\/wp-content\/uploads\/2026\/03\/ATTO-ASSENSO-CIE.pdf\">Acta de consentimiento CIE<\/a><\/p>\n<ul>\n<li><strong>Emergency Travel Documents (ETD)<\/strong><\/li>\n<\/ul>\n<p><a href=\"https:\/\/consmendoza.esteri.it\/wp-content\/uploads\/2025\/12\/ETD-EU-Modulo-di-Domanda.pdf\">Formulario Solicitud EU Emergency Travel Documents (ETD)<\/a><\/p>\n<ul>\n<li><strong>Anagrafe\/Estado Civil<\/strong><\/li>\n<\/ul>\n<p><a href=\"https:\/\/consmendoza.esteri.it\/wp-content\/uploads\/2023\/10\/Certificado-Sentencia-Firme.pdf\">Pedido Certificaci\u00f3n Sentencia Divorcio (firme)<\/a><\/p>\n<p><a href=\"https:\/\/consmendoza.esteri.it\/wp-content\/uploads\/2023\/10\/Dichiarazione-sostitutiva-divorzio-atto-di-notarieta.pdf\">Declaraci\u00f3n Sustitutiva del Acto de Notoriedad<\/a><\/p>\n<ul>\n<li><strong>C\u00f3digo Fiscal<\/strong><\/li>\n<\/ul>\n<p><a href=\"https:\/\/consmendoza.esteri.it\/wp-content\/uploads\/2023\/10\/Modulo-richiesta-Codice-Fiscale.pdf\">Formulario Solicitud C\u00f3digo Fiscal Italiano<\/a><\/p>\n<ul>\n<li><strong>Estudios<\/strong><\/li>\n<\/ul>\n<p><a href=\"https:\/\/consmendoza.esteri.it\/wp-content\/uploads\/2024\/10\/Domanda-rilascio-dich.-valore.pdf\">Formulario Solicitud Declaraci\u00f3n de Valor<\/a><\/p>\n<p>&nbsp;<\/p>\n","protected":false},"excerpt":{"rendered":"Formularios requeridos, divididos seg\u00fan Oficina consular: Ciudadan\u00eda Solicitud de actas a la Comuna Italiana Solicitud Acta Integral para matrimonio Solicitud Ciudadan\u00eda iure sanguinis Anagrafe\/Fast It Inscripci\u00f3n AIRE Pasaportes Adultos Menores Acta de consentimiento Carta d\u2019Identit\u00e0 Elettronica (CIE) CIE mayores de edad CIE menores de edad Acta de consentimiento CIE Emergency Travel Documents (ETD) Formulario Solicitud [&hellip;]","protected":false},"author":5,"featured_media":0,"parent":207,"menu_order":0,"comment_status":"closed","ping_status":"closed","template":"","meta":{"footnotes":""},"class_list":["post-1017","page","type-page","status-publish","hentry"],"_links":{"self":[{"href":"https:\/\/consmendoza.esteri.it\/es\/wp-json\/wp\/v2\/pages\/1017","targetHints":{"allow":["GET"]}}],"collection":[{"href":"https:\/\/consmendoza.esteri.it\/es\/wp-json\/wp\/v2\/pages"}],"about":[{"href":"https:\/\/consmendoza.esteri.it\/es\/wp-json\/wp\/v2\/types\/page"}],"author":[{"embeddable":true,"href":"https:\/\/consmendoza.esteri.it\/es\/wp-json\/wp\/v2\/users\/5"}],"replies":[{"embeddable":true,"href":"https:\/\/consmendoza.esteri.it\/es\/wp-json\/wp\/v2\/comments?post=1017"}],"version-history":[{"count":6,"href":"https:\/\/consmendoza.esteri.it\/es\/wp-json\/wp\/v2\/pages\/1017\/revisions"}],"predecessor-version":[{"id":3752,"href":"https:\/\/consmendoza.esteri.it\/es\/wp-json\/wp\/v2\/pages\/1017\/revisions\/3752"}],"up":[{"embeddable":true,"href":"https:\/\/consmendoza.esteri.it\/es\/wp-json\/wp\/v2\/pages\/207"}],"wp:attachment":[{"href":"https:\/\/consmendoza.esteri.it\/es\/wp-json\/wp\/v2\/media?parent=1017"}],"curies":[{"name":"wp","href":"https:\/\/api.w.org\/{rel}","templated":true}]}}