{"id":1437,"date":"2024-05-14T10:34:50","date_gmt":"2024-05-14T13:34:50","guid":{"rendered":"https:\/\/consmendoza.esteri.it\/?page_id=1437"},"modified":"2024-10-25T14:49:33","modified_gmt":"2024-10-25T17:49:33","slug":"otras-formas-de-proteccion-y-asistencia-consular","status":"publish","type":"page","link":"https:\/\/consmendoza.esteri.it\/es\/servizi-consolari-e-visti\/servizi-per-il-cittadino-italiano\/assistenza-ai-cittadini-allestero\/otras-formas-de-proteccion-y-asistencia-consular\/","title":{"rendered":"Otras formas de Protecci\u00f3n y Asistencia Consular"},"content":{"rendered":"<p><strong>Asistencia legal<\/strong><\/p>\n<p>El Consulado no puede proporcionar asistencia legal en ning\u00fan caso. El ciudadano que necesite asistencia legal puede consultar el\u00a0sitio web del colegio de abogados local: <a href=\"https:\/\/colabogmza.com.ar\/\">Mendoza<\/a>, <a href=\"https:\/\/colegiodeabogados.com.ar\/san-juan\/\">San Juan<\/a>, <a href=\"https:\/\/capsl.com.ar\/\">San Luis<\/a>. El Consulado, en casos de extrema gravedad, puede brindar ayuda para el pago de los gastos legales solo en caso de comprobada necesidad:<\/p>\n<ul>\n<li>en forma de subsidio para los ciudadanos residentes en la circunscripci\u00f3n consular;<\/li>\n<li>en forma de pr\u00e9stamo con la promesa de devoluci\u00f3n para los ciudadanos que se encuentran de paso o temporalmente en el lugar.<\/li>\n<\/ul>\n<p><strong><a href=\"https:\/\/www.esteri.it\/it\/servizi-consolari-e-visti\/italiani-all-estero\/assistenzacittadiniestero\/assistenza_legale\/\">M\u00e1s informaci\u00f3n<\/a><\/strong><\/p>\n<p>&nbsp;<\/p>\n<p><strong>Otras formas de protecci\u00f3n consular<\/strong><\/p>\n<p>En el marco de la protecci\u00f3n y asistencia consular, existen numerosas situaciones en las que los ciudadanos italianos en el extranjero pueden requerir intervenci\u00f3n. A continuaci\u00f3n, se presenta una lista no exhaustiva de los eventos m\u00e1s frecuentes que ocurren en esta circunscripci\u00f3n consular y que involucran a ciudadanos que se encuentran temporalmente o de paso en el lugar:<\/p>\n<ul>\n<li>\n<ul>\n<li>accidentes en el extranjero;<\/li>\n<li>b\u00fasqueda de compatriotas que no han dado noticias sobre su paradero;<\/li>\n<li>asistencia a ciudadanos que han sido v\u00edctimas de robo o p\u00e9rdida de documentos u otros efectos personales;<\/li>\n<li>asistencia a padres italianos a quienes el c\u00f3nyuge extranjero o ciudadano con doble nacionalidad les ha sustra\u00eddo a un hijo llev\u00e1ndolo al extranjero.<\/li>\n<\/ul>\n<\/li>\n<\/ul>\n<p>&nbsp;<\/p>\n<ul>\n<li>En caso de accidentes en el extranjero, las Representaciones diplom\u00e1ticas y consulares se aseguran de que los ciudadanos reciban atenci\u00f3n m\u00e9dica adecuada en el lugar, que se informe debidamente a sus familiares y que se brinde toda la asistencia posible en caso de necesidad de traslado a Italia.<\/li>\n<li>En lo que respecta a la b\u00fasqueda de personas, es importante tener en cuenta que la informaci\u00f3n sobre ciudadanos italianos presentes en la circunscripci\u00f3n consular puede ser proporcionada de acuerdo con la normativa vigente en materia de protecci\u00f3n de datos personales, que en la mayor\u00eda de los casos requiere el consentimiento de la persona buscada. Por lo tanto, el Consulado realizar\u00e1 b\u00fasquedas dentro de los l\u00edmites de los recursos proporcionados por la legislaci\u00f3n local y lo mencionado anteriormente.<\/li>\n<\/ul>\n<p>El Consulado realizar\u00e1 b\u00fasquedas dentro de los l\u00edmites de los recursos proporcionados por la legislaci\u00f3n local y lo mencionado anteriormente.<\/p>\n<p><a href=\"https:\/\/www.esteri.it\/it\/servizi-consolari-e-visti\/italiani-all-estero\/assistenzacittadiniestero\/ricerche_connazionali\/\"><strong>Mayor informaci\u00f3n<\/strong><\/a><\/p>\n<p>&nbsp;<\/p>\n<div class=\"flex flex-grow flex-col gap-3\">\n<div class=\"min-h-[20px] flex items-start overflow-x-auto whitespace-pre-wrap break-words flex-col gap-4\">\n<div class=\"markdown prose w-full break-words dark:prose-invert light\">\n<ul>\n<li>En caso de robo o p\u00e9rdida de documentos u otros efectos personales, la Oficina de Asistencia orientar\u00e1 al ciudadano hacia las autoridades competentes para presentar la denuncia u obtener otro tipo de documentaci\u00f3n.<\/li>\n<\/ul>\n<p>En algunos casos, se puede acceder a una asistencia econ\u00f3mica llamada \u00abpr\u00e9stamo con promesa de restituci\u00f3n\u00bb, ya que la suma otorgada debe ser devuelta al Erario (tesoro p\u00fablico) despu\u00e9s del regreso a Italia, dentro de los plazos y seg\u00fan las modalidades especificadas por la ley. Esta forma de ayuda, para poder ser otorgada, requiere que:<\/p>\n<ul>\n<li>\n<ul>\n<li>se trate de un ciudadano italiano en tr\u00e1nsito;<\/li>\n<li>est\u00e9 en una necesidad ocasional y urgente (debido, por ejemplo, a un robo o extrav\u00edo, etc.);<\/li>\n<li>el ciudadano presente el documento oficial que demuestre el robo o extrav\u00edo, emitido por las autoridades de polic\u00eda locales;<\/li>\n<li>a trav\u00e9s de investigaciones minuciosas que la Oficina de Asistencia debe realizar a trav\u00e9s de las competentes Questure (comisar\u00edas) en el lugar de residencia del solicitante, se demuestre la imposibilidad de recibir cualquier tipo de ayuda econ\u00f3mica por parte de familiares;<\/li>\n<li>mediante la verificaci\u00f3n en el portal correspondiente del Ministero Affari Esteri (Ministerio de Asuntos Exteriores), no se muestre que la persona sea deudora de otros pr\u00e9stamos concedidos por otras Representaciones italianas en el extranjero.<\/li>\n<\/ul>\n<\/li>\n<\/ul>\n<p><strong><a href=\"https:\/\/www.esteri.it\/it\/servizi-consolari-e-visti\/italiani-all-estero\/assistenzacittadiniestero\/assistenza_economica\/\">M\u00e1s informaci\u00f3n<\/a><\/strong><\/p>\n<p>&nbsp;<\/p>\n<ul>\n<li>El problema de la sustracci\u00f3n internacional de menores ha adquirido una relevancia creciente en los \u00faltimos tiempos, tanto por el aumento de separaciones, a menudo conflictivas, entre personas de diferentes nacionalidades o doble ciudadan\u00eda, como por la mayor sensibilidad con la que se percibe el problema en nuestro pa\u00eds.<\/li>\n<\/ul>\n<p>El \u00fanico instrumento legalmente vinculante disponible para el padre ciudadano para la recuperaci\u00f3n del menor es el\u00a0<a href=\"https:\/\/www.giustizia.it\/giustizia\/it\/contentview.wp;jsessionid=9013A3B9B3191021B73056BEBADDE378.ajpAL02?previsiousPage=mg_2_5_10&amp;contentId=ART49398\">Convenio de La Haya de fecha 25\/10\/1980<\/a>.<\/p>\n<p>La Autoridad Central para Italia es el\u00a0<strong><a href=\"https:\/\/www.giustizia.it\/giustizia\/page\/it\/centri_per_la_giustizia_minorile\">Departamento de Justicia de Menores del Ministerio de Justicia<\/a><\/strong>.<\/p>\n<p>En caso de ser necesario, el Consulado puede:<\/p>\n<ul>\n<li>\n<ul>\n<li>sensibilizar a las autoridades u organismos locales;<\/li>\n<li>seguir la acci\u00f3n de las autoridades policiales para buscar al menor sustra\u00eddo;<\/li>\n<li>realizar intentos de conciliaci\u00f3n entre las partes;<\/li>\n<li>realizar visitas consulares al menor en disputa con el objetivo de:\n<ul>\n<li>verificar las condiciones de vida y salud del menor italiano, en beneficio de su inter\u00e9s superior;<\/li>\n<li>obtener informaci\u00f3n sobre el contexto social, ambiental y familiar en el que vive el menor, despu\u00e9s de su traslado desde su lugar de residencia habitual en Italia o despu\u00e9s de su regreso al pa\u00eds de residencia habitual;<\/li>\n<\/ul>\n<\/li>\n<li>proporcionar nombres de abogados locales conocidos;<\/li>\n<li>asistir a las audiencias en calidad de oyente si as\u00ed lo considera oportuno el abogado de la parte, de acuerdo con las leyes y el sistema legal local;<\/li>\n<li>ejercer los poderes de juez tutelar en la persona del C\u00f3nsul;<\/li>\n<li>apoyar la acci\u00f3n de la Autoridad Central, con la cual la DGIT (Direzione Generale per i Rapporti con l\u2019Unione Europea e per i Rapporti Internazionali) mantiene una colaboraci\u00f3n constante.<\/li>\n<\/ul>\n<\/li>\n<\/ul>\n<p><strong><a href=\"https:\/\/www.esteri.it\/it\/servizi-consolari-e-visti\/italiani-all-estero\/minori-estero\/sottrazioneinternazionalediminori\/\">M\u00e1s informaci\u00f3n<\/a><\/strong><\/p>\n<\/div>\n<\/div>\n<\/div>\n","protected":false},"excerpt":{"rendered":"Asistencia legal El Consulado no puede proporcionar asistencia legal en ning\u00fan caso. El ciudadano que necesite asistencia legal puede consultar el\u00a0sitio web del colegio de abogados local: Mendoza, San Juan, San Luis. El Consulado, en casos de extrema gravedad, puede brindar ayuda para el pago de los gastos legales solo en caso de comprobada necesidad: [&hellip;]","protected":false},"author":5,"featured_media":0,"parent":189,"menu_order":12,"comment_status":"closed","ping_status":"closed","template":"","meta":{"footnotes":""},"class_list":["post-1437","page","type-page","status-publish","hentry"],"_links":{"self":[{"href":"https:\/\/consmendoza.esteri.it\/es\/wp-json\/wp\/v2\/pages\/1437","targetHints":{"allow":["GET"]}}],"collection":[{"href":"https:\/\/consmendoza.esteri.it\/es\/wp-json\/wp\/v2\/pages"}],"about":[{"href":"https:\/\/consmendoza.esteri.it\/es\/wp-json\/wp\/v2\/types\/page"}],"author":[{"embeddable":true,"href":"https:\/\/consmendoza.esteri.it\/es\/wp-json\/wp\/v2\/users\/5"}],"replies":[{"embeddable":true,"href":"https:\/\/consmendoza.esteri.it\/es\/wp-json\/wp\/v2\/comments?post=1437"}],"version-history":[{"count":2,"href":"https:\/\/consmendoza.esteri.it\/es\/wp-json\/wp\/v2\/pages\/1437\/revisions"}],"predecessor-version":[{"id":1910,"href":"https:\/\/consmendoza.esteri.it\/es\/wp-json\/wp\/v2\/pages\/1437\/revisions\/1910"}],"up":[{"embeddable":true,"href":"https:\/\/consmendoza.esteri.it\/es\/wp-json\/wp\/v2\/pages\/189"}],"wp:attachment":[{"href":"https:\/\/consmendoza.esteri.it\/es\/wp-json\/wp\/v2\/media?parent=1437"}],"curies":[{"name":"wp","href":"https:\/\/api.w.org\/{rel}","templated":true}]}}