{"id":144,"date":"2023-04-03T18:23:20","date_gmt":"2023-04-03T21:23:20","guid":{"rendered":"https:\/\/consmendoza.esteri.it\/chi-siamo\/"},"modified":"2024-06-12T12:15:03","modified_gmt":"2024-06-12T15:15:03","slug":"chi-siamo","status":"publish","type":"page","link":"https:\/\/consmendoza.esteri.it\/es\/chi-siamo\/","title":{"rendered":"Qui\u00e9nes Somos"},"content":{"rendered":"<p>El Consulado General de Italia en Mendoza ofrece servicios consulares a los italianos residentes en la circunscripci\u00f3n consular de Mendoza (Mendoza, San Juan, San Luis), a los turistas de paso, y s\u00f3lo para casos de Visas por estudios, por motivos religiosos o por actividades deportivas, tambi\u00e9n a los no ciudadanos.<\/p>\n<p>Para acceder al Consulado General es necesario un documento v\u00e1lido con foto actual (DNI, Pasaporte o C\u00e9dula del Mercosur). Para los servicios reservados a los residentes podr\u00e1 ser exigida una prueba de la residencia en la circunscripci\u00f3n consular.<\/p>\n<p>A excepci\u00f3n del sector de Asistencia y los casos de emergencias comprobadas\u00a0(robo de pasaporte o urgencia de viajar, en <strong>caso de personas que posean s\u00f3lo la ciudadan\u00eda italiana<\/strong>) o de\u00a0necesidad (portadores de h\u00e1ndicap, personas ancianas con edad superior a 70 a\u00f1os), para poder acceder a los servicios consulares es necesario fijar una cita previa online (ver Sistema de <a href=\"https:\/\/prenotami.esteri.it\/\">Turnos Prenot@Mi<\/a>). Los turnos son GRATUITOS, personales y no pueden ser cedidos o intercambiados ni tomados por terceros bajo\u00a0pena de cancelaci\u00f3n.<\/p>\n<p>Para contactar a las oficinas consulares: <a href=\"https:\/\/consmendoza.esteri.it\/it\/chi-siamo\/gli-uffici\/\">https:\/\/consmendoza.esteri.it\/it\/chi-siamo\/gli-uffici\/<\/a><\/p>\n<p>En casos de <strong>emergencias graves<\/strong> y <strong>en ning\u00fan caso para informaciones generales,<\/strong> se encuentra activo los fines de semana de 9 a 21 el n\u00famero 261-155590570\u00a0(desde Italia 54 9\u00a0261-155590570). En todos los otros d\u00edas y horarios, solo por emergencias graves, es posible comunicarse con el n\u00famero +39 06 3691 2790.<\/p>\n","protected":false},"excerpt":{"rendered":"El Consulado General de Italia en Mendoza ofrece servicios consulares a los italianos residentes en la circunscripci\u00f3n consular de Mendoza (Mendoza, San Juan, San Luis), a los turistas de paso, y s\u00f3lo para casos de Visas por estudios, por motivos religiosos o por actividades deportivas, tambi\u00e9n a los no ciudadanos. Para acceder al Consulado General [&hellip;]","protected":false},"author":1,"featured_media":0,"parent":0,"menu_order":2,"comment_status":"closed","ping_status":"closed","template":"","meta":{"footnotes":""},"class_list":["post-144","page","type-page","status-publish","hentry"],"_links":{"self":[{"href":"https:\/\/consmendoza.esteri.it\/es\/wp-json\/wp\/v2\/pages\/144","targetHints":{"allow":["GET"]}}],"collection":[{"href":"https:\/\/consmendoza.esteri.it\/es\/wp-json\/wp\/v2\/pages"}],"about":[{"href":"https:\/\/consmendoza.esteri.it\/es\/wp-json\/wp\/v2\/types\/page"}],"author":[{"embeddable":true,"href":"https:\/\/consmendoza.esteri.it\/es\/wp-json\/wp\/v2\/users\/1"}],"replies":[{"embeddable":true,"href":"https:\/\/consmendoza.esteri.it\/es\/wp-json\/wp\/v2\/comments?post=144"}],"version-history":[{"count":4,"href":"https:\/\/consmendoza.esteri.it\/es\/wp-json\/wp\/v2\/pages\/144\/revisions"}],"predecessor-version":[{"id":1542,"href":"https:\/\/consmendoza.esteri.it\/es\/wp-json\/wp\/v2\/pages\/144\/revisions\/1542"}],"wp:attachment":[{"href":"https:\/\/consmendoza.esteri.it\/es\/wp-json\/wp\/v2\/media?parent=144"}],"curies":[{"name":"wp","href":"https:\/\/api.w.org\/{rel}","templated":true}]}}