{"id":146,"date":"2023-04-03T18:24:11","date_gmt":"2023-04-03T21:24:11","guid":{"rendered":"https:\/\/consmendoza.esteri.it\/servizi-consolari-e-visti\/"},"modified":"2026-02-09T09:09:22","modified_gmt":"2026-02-09T12:09:22","slug":"servizi-consolari-e-visti","status":"publish","type":"page","link":"https:\/\/consmendoza.esteri.it\/es\/servizi-consolari-e-visti\/","title":{"rendered":"Servicios consulares y de visados"},"content":{"rendered":"<p>La columna de la derecha enumera los principales servicios que prestan las oficinas consulares, cada una de las cuales tiene una secci\u00f3n descriptiva espec\u00edfica.<\/p>\n<p>Las representaciones diplom\u00e1tico-consulares prestan sus servicios seg\u00fan los principios de igualdad, imparcialidad, eficiencia y transparencia, con el objetivo de proteger a los ciudadanos italianos en el extranjero con el respeto de los derechos fundamentales y la libertad personal, garantizando la protecci\u00f3n de sus intereses fuera de las fronteras nacionales.<\/p>\n<p>Algunos de los servicios son pagos. Lo invitamos a consultar la Tabla de derechos consulares en la secci\u00f3n \u00abTemas en Evidencia\u00bb en el centro de la Home Page.<\/p>\n<p>Los solicitantes de servicios pagos, deber\u00e1n &#8211; antes de acudir a este Consulado General &#8211; realizar el pago del monto correspondiente a la cuenta del Consulado General abierta en el \u00abBanco Patagonia\u00bb, seg\u00fan se describe y enumera en la secci\u00f3n <a href=\"https:\/\/consmendoza.esteri.it\/wp-content\/uploads\/2024\/10\/2024_-_instrucciones_para_el_pago_de_tarifas_consulares.pdf\">\u00abM\u00e9todo de pago de servicios consulares\u00bb<\/a>, entregando copia impresa del correspondiente recibo de pago en la oficina competente del servicio solicitado.<\/p>\n<p>Para mayor informaci\u00f3n sobre este tema, consulte cada Servicio Consular haciendo click en la columna de la derecha.<\/p>\n","protected":false},"excerpt":{"rendered":"La columna de la derecha enumera los principales servicios que prestan las oficinas consulares, cada una de las cuales tiene una secci\u00f3n descriptiva espec\u00edfica. Las representaciones diplom\u00e1tico-consulares prestan sus servicios seg\u00fan los principios de igualdad, imparcialidad, eficiencia y transparencia, con el objetivo de proteger a los ciudadanos italianos en el extranjero con el respeto de [&hellip;]","protected":false},"author":1,"featured_media":0,"parent":0,"menu_order":6,"comment_status":"closed","ping_status":"closed","template":"","meta":{"footnotes":""},"class_list":["post-146","page","type-page","status-publish","hentry"],"_links":{"self":[{"href":"https:\/\/consmendoza.esteri.it\/es\/wp-json\/wp\/v2\/pages\/146","targetHints":{"allow":["GET"]}}],"collection":[{"href":"https:\/\/consmendoza.esteri.it\/es\/wp-json\/wp\/v2\/pages"}],"about":[{"href":"https:\/\/consmendoza.esteri.it\/es\/wp-json\/wp\/v2\/types\/page"}],"author":[{"embeddable":true,"href":"https:\/\/consmendoza.esteri.it\/es\/wp-json\/wp\/v2\/users\/1"}],"replies":[{"embeddable":true,"href":"https:\/\/consmendoza.esteri.it\/es\/wp-json\/wp\/v2\/comments?post=146"}],"version-history":[{"count":4,"href":"https:\/\/consmendoza.esteri.it\/es\/wp-json\/wp\/v2\/pages\/146\/revisions"}],"predecessor-version":[{"id":3532,"href":"https:\/\/consmendoza.esteri.it\/es\/wp-json\/wp\/v2\/pages\/146\/revisions\/3532"}],"wp:attachment":[{"href":"https:\/\/consmendoza.esteri.it\/es\/wp-json\/wp\/v2\/media?parent=146"}],"curies":[{"name":"wp","href":"https:\/\/api.w.org\/{rel}","templated":true}]}}