{"id":148,"date":"2023-04-03T19:08:27","date_gmt":"2023-04-03T22:08:27","guid":{"rendered":"https:\/\/consmendoza.esteri.it\/amministrazione-trasparente\/"},"modified":"2025-01-02T12:16:30","modified_gmt":"2025-01-02T15:16:30","slug":"amministrazione-trasparente","status":"publish","type":"page","link":"https:\/\/consmendoza.esteri.it\/es\/amministrazione-trasparente\/","title":{"rendered":"Administraci\u00f3n transparente"},"content":{"rendered":"<p style=\"text-align: left;\">Contenido disponible s\u00f3lo en italiano.<\/p>\n<p style=\"text-align: right;\"><em>\u00daltima actualizaci\u00f3n: 02\/01\/2025<\/em><\/p>\n","protected":false},"excerpt":{"rendered":"Contenido disponible s\u00f3lo en italiano. \u00daltima actualizaci\u00f3n: 02\/01\/2025","protected":false},"author":1,"featured_media":0,"parent":0,"menu_order":12,"comment_status":"closed","ping_status":"closed","template":"","meta":{"footnotes":""},"class_list":["post-148","page","type-page","status-publish","hentry"],"_links":{"self":[{"href":"https:\/\/consmendoza.esteri.it\/es\/wp-json\/wp\/v2\/pages\/148","targetHints":{"allow":["GET"]}}],"collection":[{"href":"https:\/\/consmendoza.esteri.it\/es\/wp-json\/wp\/v2\/pages"}],"about":[{"href":"https:\/\/consmendoza.esteri.it\/es\/wp-json\/wp\/v2\/types\/page"}],"author":[{"embeddable":true,"href":"https:\/\/consmendoza.esteri.it\/es\/wp-json\/wp\/v2\/users\/1"}],"replies":[{"embeddable":true,"href":"https:\/\/consmendoza.esteri.it\/es\/wp-json\/wp\/v2\/comments?post=148"}],"version-history":[{"count":3,"href":"https:\/\/consmendoza.esteri.it\/es\/wp-json\/wp\/v2\/pages\/148\/revisions"}],"predecessor-version":[{"id":2094,"href":"https:\/\/consmendoza.esteri.it\/es\/wp-json\/wp\/v2\/pages\/148\/revisions\/2094"}],"wp:attachment":[{"href":"https:\/\/consmendoza.esteri.it\/es\/wp-json\/wp\/v2\/media?parent=148"}],"curies":[{"name":"wp","href":"https:\/\/api.w.org\/{rel}","templated":true}]}}