{"id":156,"date":"2023-04-03T19:15:47","date_gmt":"2023-04-03T22:15:47","guid":{"rendered":"https:\/\/consmendoza.esteri.it\/chi-siamo\/gli-uffici\/"},"modified":"2024-11-14T10:36:57","modified_gmt":"2024-11-14T13:36:57","slug":"gli-uffici","status":"publish","type":"page","link":"https:\/\/consmendoza.esteri.it\/es\/chi-siamo\/gli-uffici\/","title":{"rendered":"Las oficinas"},"content":{"rendered":"<p><strong>Anagrafe \/ Estado Civil<br \/>\n<\/strong><a href=\"mailto:anagrafe.mendoza@esteri.it\">anagrafe.mendoza@esteri.it<\/a><\/p>\n<p>PEC:\u00a0<a href=\"mailto:con.mendoza.anagrafe@cert.esteri.it\">con.mendoza.anagrafe@cert.esteri.it<\/a><br \/>\nTel.:\u00a0<span class=\"baec5a81-e4d6-4674-97f3-e9220f0136c1\">\u00a0+54 261 520 1412<\/span><\/p>\n<p><strong>Asistencia y Pensiones<br \/>\n<\/strong><a href=\"mailto:assistenza.mendoza@esteri.it\">assistenza.mendoza@esteri.it<\/a><br \/>\nTel.:\u00a0<span class=\"baec5a81-e4d6-4674-97f3-e9220f0136c1\">+54 261 520 1409<\/span><\/p>\n<p><strong>Atribuci\u00f3n C\u00f3digo Fiscal<br \/>\n<\/strong><a href=\"mailto:assistenza.mendoza@esteri.it\">mendoza.studi@esteri.it<\/a><\/p>\n<p><strong>Ciudadan\u00eda<br \/>\n<\/strong><a href=\"mailto:cittadinanza.mendoza@esteri.it\">cittadinanza.mendoza@esteri.it<\/a><\/p>\n<p>PEC:\u00a0<a href=\"mailto:con.mendoza.cittadinanza@cert.esteri.it\">con.mendoza.cittadinanza@cert.esteri.it<\/a><\/p>\n<p><strong>Ciudadan\u00eda\u00a0por Matrimonio<br \/>\n<\/strong><a href=\"mailto:cittadinanza.mendoza@esteri.it\">mendoza.<\/a><a href=\"mailto:cittadinanza.mendoza@esteri.it\">cittmatri<\/a><a href=\"mailto:cittadinanza.mendoza@esteri.it\">@esteri.it<\/a><\/p>\n<p><strong>Contable<br \/>\n<\/strong><a href=\"mailto:contabile.mendoza@esteri.it\">contabile.mendoza@esteri.it<\/a><\/p>\n<p>Tel.:\u00a0<span class=\"baec5a81-e4d6-4674-97f3-e9220f0136c1\">+54 261 520 1415<a title=\"Call: +54 261 520 1415\" href=\"https:\/\/consmendoza.esteri.it\/consolato_mendoza\/it\/il_consolato\/gli_uffici#\"><img decoding=\"async\" title=\"Call: +54 261 520 1415\" src=\"data:image\/png;base64,iVBORw0KGgoAAAANSUhEUgAAABAAAAAQCAYAAAAf8\/9hAAAACXBIWXMAAA7EAAAOxAGVKw4bAAAAIGNIUk0AAHolAACAgwAA+f8AAIDpAAB1MAAA6mAAADqYAAAXb5JfxUYAAAKLSURBVHjadJPfS5NhFMe\/21xvuhXRyJAZroiSrJnbRdT7vrAf5HBaK5RABmEEwQIvkpZ\/QRcWXdSFw5soKaF0F7qZeLO13mGBDpQsf5CoxVKHOt0Pctp2uvEdrzG\/V+c553w\/54HnPDIiQiGpPMETABoB2AAYd9MRAMMAvGmX+RcAyAoBVJ7gZQDtABworH4AHWmX+bOMZdkjCoXiUzabvcAwzPSsob5p\/VTNY9GcdpnxdmYZ9wJThSCtCr1e\/4XjuNPd3d1KjUZzaGbI27ysqzGQoggAsLa1A7ehArrDxfDNr0oBlQB+wmKxbJFEL968SxoamsjkHaPU9l9piUo6A0RE1DG2QCWdASrpDAzJM5kMI8XecdjVxfEl+K9dxFgsgUvvR6HyBKHyBAEATyKLeGSsENuNcqk5kUjEGm7fzcYqr0ClVODl99+YXEvl6+c1amjVe+ahiGGYaUEQKnmeh91uL43rqheixjpdmzCL11er0PcjhrTLvMfUJsyKYUSeyWQ6enp6tgCgrKxsfbP8bB8AdE1G89cOReMAgOv+Cag8QXRNRkXAsDwcDr+am5tLCYKA3t7eo2dG+1vVK\/MfpRPtA+MIReMYaKj+\/xm9MiICx3EmpVL5wefzFavValis1u1vvHMkdfykCQC0kSGUTo+Ajmnx1dSC7IGD+UUCEYGIwLKsyWazrSeTSSIiMpnNf7Ttz5+ec96fr7\/VnE0mk+QfHMzV3WjcKH\/4rEr05QGFIA6HY4llWRLPRER+v3\/HYrFMFQSIkNra2tVQKJSlfcSyLO0LECFWq3XF6XRGA4HAptTsdrsXeZ6fEHtl+31nAOA4rkUulz\/I5XL63dQGgHEAN8Ph8AYA\/BsAt4ube4GblQIAAAAASUVORK5CYII=\" alt=\"\" \/><\/a><\/span><\/p>\n<p><strong>Elettorale<br \/>\n<\/strong><a href=\"mailto:elettorale.mendoza@esteri.it\">elettorale.mendoza@esteri.it<\/a><strong><br \/>\n<\/strong>Tel.:\u00a0<span class=\"baec5a81-e4d6-4674-97f3-e9220f0136c1\">+54 261 520 1412<\/span><\/p>\n<p><span class=\"baec5a81-e4d6-4674-97f3-e9220f0136c1\"><strong>Estudios\/Declaraciones de Valor<\/strong><a title=\"Call: +54 261 520 1412\" href=\"https:\/\/consmendoza.esteri.it\/consolato_mendoza\/it\/il_consolato\/gli_uffici#\"><strong><br \/>\n<\/strong><\/a><a href=\"mailto:segreteria.mendoza@esteri.it\">mendoza.studi@esteri.it<\/a><\/span><\/p>\n<p><span class=\"baec5a81-e4d6-4674-97f3-e9220f0136c1\"><strong>Legalizaciones<\/strong><\/span><\/p>\n<p><span class=\"baec5a81-e4d6-4674-97f3-e9220f0136c1\"><a href=\"mailto:anagrafe.mendoza@esteri.it\">anagrafe.mendoza@esteri.it<\/a><a title=\"Call: +54 261 520 1412\" href=\"https:\/\/consmendoza.esteri.it\/consolato_mendoza\/it\/il_consolato\/gli_uffici#\"><img decoding=\"async\" title=\"Call: +54 261 520 1412\" src=\"data:image\/png;base64,iVBORw0KGgoAAAANSUhEUgAAABAAAAAQCAYAAAAf8\/9hAAAACXBIWXMAAA7EAAAOxAGVKw4bAAAAIGNIUk0AAHolAACAgwAA+f8AAIDpAAB1MAAA6mAAADqYAAAXb5JfxUYAAAKLSURBVHjadJPfS5NhFMe\/21xvuhXRyJAZroiSrJnbRdT7vrAf5HBaK5RABmEEwQIvkpZ\/QRcWXdSFw5soKaF0F7qZeLO13mGBDpQsf5CoxVKHOt0Pctp2uvEdrzG\/V+c553w\/54HnPDIiQiGpPMETABoB2AAYd9MRAMMAvGmX+RcAyAoBVJ7gZQDtABworH4AHWmX+bOMZdkjCoXiUzabvcAwzPSsob5p\/VTNY9GcdpnxdmYZ9wJThSCtCr1e\/4XjuNPd3d1KjUZzaGbI27ysqzGQoggAsLa1A7ehArrDxfDNr0oBlQB+wmKxbJFEL968SxoamsjkHaPU9l9piUo6A0RE1DG2QCWdASrpDAzJM5kMI8XecdjVxfEl+K9dxFgsgUvvR6HyBKHyBAEATyKLeGSsENuNcqk5kUjEGm7fzcYqr0ClVODl99+YXEvl6+c1amjVe+ahiGGYaUEQKnmeh91uL43rqheixjpdmzCL11er0PcjhrTLvMfUJsyKYUSeyWQ6enp6tgCgrKxsfbP8bB8AdE1G89cOReMAgOv+Cag8QXRNRkXAsDwcDr+am5tLCYKA3t7eo2dG+1vVK\/MfpRPtA+MIReMYaKj+\/xm9MiICx3EmpVL5wefzFavValis1u1vvHMkdfykCQC0kSGUTo+Ajmnx1dSC7IGD+UUCEYGIwLKsyWazrSeTSSIiMpnNf7Ttz5+ec96fr7\/VnE0mk+QfHMzV3WjcKH\/4rEr05QGFIA6HY4llWRLPRER+v3\/HYrFMFQSIkNra2tVQKJSlfcSyLO0LECFWq3XF6XRGA4HAptTsdrsXeZ6fEHtl+31nAOA4rkUulz\/I5XL63dQGgHEAN8Ph8AYA\/BsAt4ube4GblQIAAAAASUVORK5CYII=\" alt=\"\" \/><\/a><\/span><\/p>\n<p><strong>Passaporte y Visas<br \/>\n<\/strong><a href=\"mailto:passaporti.mendoza@esteri.it\">passaporti.mendoza@esteri.it<\/a><\/p>\n<p>PEC:\u00a0<a href=\"mailto:con.mendoza.passaporti@cert.esteri.it\">con.mendoza.pass@cert.esteri.it<\/a><strong><br \/>\n<\/strong>Tel.:\u00a0<span class=\"baec5a81-e4d6-4674-97f3-e9220f0136c1\">+54 261 520 1403<a title=\"Call: +54 261 520 1403\" href=\"https:\/\/consmendoza.esteri.it\/consolato_mendoza\/it\/il_consolato\/gli_uffici#\"><img decoding=\"async\" title=\"Call: +54 261 520 1403\" src=\"data:image\/png;base64,iVBORw0KGgoAAAANSUhEUgAAABAAAAAQCAYAAAAf8\/9hAAAACXBIWXMAAA7EAAAOxAGVKw4bAAAAIGNIUk0AAHolAACAgwAA+f8AAIDpAAB1MAAA6mAAADqYAAAXb5JfxUYAAAKLSURBVHjadJPfS5NhFMe\/21xvuhXRyJAZroiSrJnbRdT7vrAf5HBaK5RABmEEwQIvkpZ\/QRcWXdSFw5soKaF0F7qZeLO13mGBDpQsf5CoxVKHOt0Pctp2uvEdrzG\/V+c553w\/54HnPDIiQiGpPMETABoB2AAYd9MRAMMAvGmX+RcAyAoBVJ7gZQDtABworH4AHWmX+bOMZdkjCoXiUzabvcAwzPSsob5p\/VTNY9GcdpnxdmYZ9wJThSCtCr1e\/4XjuNPd3d1KjUZzaGbI27ysqzGQoggAsLa1A7ehArrDxfDNr0oBlQB+wmKxbJFEL968SxoamsjkHaPU9l9piUo6A0RE1DG2QCWdASrpDAzJM5kMI8XecdjVxfEl+K9dxFgsgUvvR6HyBKHyBAEATyKLeGSsENuNcqk5kUjEGm7fzcYqr0ClVODl99+YXEvl6+c1amjVe+ahiGGYaUEQKnmeh91uL43rqheixjpdmzCL11er0PcjhrTLvMfUJsyKYUSeyWQ6enp6tgCgrKxsfbP8bB8AdE1G89cOReMAgOv+Cag8QXRNRkXAsDwcDr+am5tLCYKA3t7eo2dG+1vVK\/MfpRPtA+MIReMYaKj+\/xm9MiICx3EmpVL5wefzFavValis1u1vvHMkdfykCQC0kSGUTo+Ajmnx1dSC7IGD+UUCEYGIwLKsyWazrSeTSSIiMpnNf7Ttz5+ec96fr7\/VnE0mk+QfHMzV3WjcKH\/4rEr05QGFIA6HY4llWRLPRER+v3\/HYrFMFQSIkNra2tVQKJSlfcSyLO0LECFWq3XF6XRGA4HAptTsdrsXeZ6fEHtl+31nAOA4rkUulz\/I5XL63dQGgHEAN8Ph8AYA\/BsAt4ube4GblQIAAAAASUVORK5CYII=\" alt=\"\" \/><\/a><\/span><\/p>\n<p><strong>Secretar\u00eda<br \/>\n<\/strong><a href=\"mailto:segreteria.mendoza@esteri.it\">segreteria.mendoza@esteri.it<\/a><\/p>\n<p>&nbsp;<\/p>\n","protected":false},"excerpt":{"rendered":"Anagrafe \/ Estado Civil anagrafe.mendoza@esteri.it PEC:\u00a0con.mendoza.anagrafe@cert.esteri.it Tel.:\u00a0\u00a0+54 261 520 1412 Asistencia y Pensiones assistenza.mendoza@esteri.it Tel.:\u00a0+54 261 520 1409 Atribuci\u00f3n C\u00f3digo Fiscal mendoza.studi@esteri.it Ciudadan\u00eda cittadinanza.mendoza@esteri.it PEC:\u00a0con.mendoza.cittadinanza@cert.esteri.it Ciudadan\u00eda\u00a0por Matrimonio mendoza.cittmatri@esteri.it Contable contabile.mendoza@esteri.it Tel.:\u00a0+54 261 520 1415 Elettorale elettorale.mendoza@esteri.it Tel.:\u00a0+54 261 520 1412 Estudios\/Declaraciones de Valor mendoza.studi@esteri.it Legalizaciones anagrafe.mendoza@esteri.it Passaporte y Visas passaporti.mendoza@esteri.it PEC:\u00a0con.mendoza.pass@cert.esteri.it Tel.:\u00a0+54 261 520 1403 [&hellip;]","protected":false},"author":1,"featured_media":0,"parent":144,"menu_order":6,"comment_status":"closed","ping_status":"closed","template":"","meta":{"footnotes":""},"class_list":["post-156","page","type-page","status-publish","hentry"],"_links":{"self":[{"href":"https:\/\/consmendoza.esteri.it\/es\/wp-json\/wp\/v2\/pages\/156","targetHints":{"allow":["GET"]}}],"collection":[{"href":"https:\/\/consmendoza.esteri.it\/es\/wp-json\/wp\/v2\/pages"}],"about":[{"href":"https:\/\/consmendoza.esteri.it\/es\/wp-json\/wp\/v2\/types\/page"}],"author":[{"embeddable":true,"href":"https:\/\/consmendoza.esteri.it\/es\/wp-json\/wp\/v2\/users\/1"}],"replies":[{"embeddable":true,"href":"https:\/\/consmendoza.esteri.it\/es\/wp-json\/wp\/v2\/comments?post=156"}],"version-history":[{"count":6,"href":"https:\/\/consmendoza.esteri.it\/es\/wp-json\/wp\/v2\/pages\/156\/revisions"}],"predecessor-version":[{"id":1981,"href":"https:\/\/consmendoza.esteri.it\/es\/wp-json\/wp\/v2\/pages\/156\/revisions\/1981"}],"up":[{"embeddable":true,"href":"https:\/\/consmendoza.esteri.it\/es\/wp-json\/wp\/v2\/pages\/144"}],"wp:attachment":[{"href":"https:\/\/consmendoza.esteri.it\/es\/wp-json\/wp\/v2\/media?parent=156"}],"curies":[{"name":"wp","href":"https:\/\/api.w.org\/{rel}","templated":true}]}}