{"id":159,"date":"2023-04-03T19:16:29","date_gmt":"2023-04-03T22:16:29","guid":{"rendered":"https:\/\/consmendoza.esteri.it\/chi-siamo\/la-rete-consolare\/"},"modified":"2025-09-26T11:20:27","modified_gmt":"2025-09-26T14:20:27","slug":"la-rete-consolare","status":"publish","type":"page","link":"https:\/\/consmendoza.esteri.it\/es\/chi-siamo\/la-rete-consolare\/","title":{"rendered":"La Red Consular"},"content":{"rendered":"<p>La jurisdicci\u00f3n del <strong>CONSULADO GENERAL DE ITALIA EN MENDOZA<\/strong> abarca las Provincias de: <strong>Mendoza, San Juan y San Lu\u00eds.<\/strong><\/p>\n<p><span style=\"text-decoration: underline;\"><em><strong>RED HONORARIA DEL CONSULADO GENERAL DE ITALIA EN MENDOZA<\/strong><\/em><\/span><\/p>\n<p><em><strong><span style=\"text-decoration: underline;\">VICE CONSULADO HONORARIO<\/span><\/strong><\/em><\/p>\n<p><strong>SAN JUAN<\/strong><\/p>\n<p>Vice C\u00f3nsul Honorario: Santiago Del Torchio<br \/>\nTel: +54 9 264 580 0093<br \/>\nHorarios: lunes, martes y jueves de 10:00 a 13:00 hs., Av.Ignacio de la Roza 2174-Oeste (5400) San Juan<br \/>\nE-mail: <a href=\"mailto:sanjuan.onorario@gmail.com\">sanjuan.onorario@gmail.com<\/a><\/p>\n<p>&nbsp;<\/p>\n<p><em><strong><span style=\"text-decoration: underline;\">CORRESPONSALES CONSULARES\u00a0<\/span><br \/>\n<\/strong><\/em><\/p>\n<p><strong>SAN RAFAEL<br \/>\n<\/strong>Corresponsal Consular Honorario: Ricardo Stradella<br \/>\nMontecaseros 1616, 5600 San Rafael Mendoza<br \/>\nTel.: 0260\/4422046 (1\u00ba int: 2 2\u00ba int: 121) Cell.: 0260\/155437870<br \/>\nEmergencias: 0260\/428393 (int.121)<br \/>\nE-mail:\u00a0<a href=\"mailto:sanrafael.onorario@gmail.com\">sanrafael.onorario@gmail.com<\/a><\/p>\n<p><strong>SAN LUIS<br \/>\n<\/strong>Corresponsal Consular Honorario: Liliana Mollo<br \/>\nTel.: 0266\/4428803 (solo en horario de oficina &#8211; de las 16 a las 19 hrs.)<br \/>\nHorarios: lunes y mi\u00e9rcoles de 16,30 a 18 hrs, Chacabuco 917 (Edificio UNSL)<\/p>\n<p>E-mail: <a href=\"mailto:sanluis.onorario@esteri.it\">sanluis.onorario@gmail.com<\/a><\/p>\n<p><strong>VILLA MERCEDES<br \/>\n<\/strong>Corresponsal Consular Honorario: Mabel Demaria<br \/>\nTel. 02657\/422869<br \/>\nHorarios: Martes y Jueves de 18:30 a 19:30, Belgrano 160 (Sociedad Dante Alighieri)<br \/>\nE-mail: <a href=\"mailto:villamercedes.onorario@esteri.it\">villamercedes.onorario@gmail.com<\/a><\/p>\n<p><strong>GENERAL ALVEAR<\/strong><br \/>\nCorresponsal Consular Honorario: Jos\u00e9 Saponara<br \/>\nZeballos 275 (5620) General Alvear<br \/>\nTel: 02625\/423626 Cell.: 02625\/15664704<br \/>\nE-mail: <a href=\"mailto:jose_saponara@hotmail.com\">jose_saponara@hotmail.com<\/a><\/p>\n<p><strong>SAN MARTIN<\/strong><br \/>\nCorresponsal Consular Honorario:\u00a0Mariana Dan\u00fas<br \/>\n2\u00baB\u00ba C.E.C-M. 26 C.31 (Calle Abdala) &#8211; San Mart\u00edn<br \/>\nTel.: 0263\/4426336 Cell.: 0263\/15(4)561043<br \/>\nHorarios: para informaci\u00f3n o citas contactar a Mariana Dan\u00fas<br \/>\nE-mail: <a href=\"mailto:danusmariana21@gmail.com\">danusmariana21@gmail.com<\/a><\/p>\n<p><strong>MAIP\u00da<\/strong><br \/>\nCorresponsal Consular Honorario: Gustavo De Baggis<br \/>\nB\u00ba Brisas del Parque M B &#8211; C 23 (5515) Maip\u00fa &#8211; Mendoza<br \/>\nTel: 0261\/4810101 Cell.: 0261\/156505548 \u2013 0261\/155873636<br \/>\nE-mail: <a href=\"mailto:gfdebaggis@hotmail.com\">gfdebaggis@hotmail.com<\/a><\/p>\n<p><strong>LUJ\u00c1N DE CUYO<br \/>\n<\/strong>Corresponsal: Giovanni Di Sanzo<br \/>\nCalle Mitre 1426, Local 6 (Paradiso Mall) Chacras de Coria &#8211; Luj\u00e1n de Cuyo (5505)<br \/>\nTel: 0261\/6535836<br \/>\nE-mail: <a href=\"mailto:giovannidisanzo@yahoo.com.ar\">giovannidisanzo@yahoo.com.ar<\/a><\/p>\n","protected":false},"excerpt":{"rendered":"La jurisdicci\u00f3n del CONSULADO GENERAL DE ITALIA EN MENDOZA abarca las Provincias de: Mendoza, San Juan y San Lu\u00eds. RED HONORARIA DEL CONSULADO GENERAL DE ITALIA EN MENDOZA VICE CONSULADO HONORARIO SAN JUAN Vice C\u00f3nsul Honorario: Santiago Del Torchio Tel: +54 9 264 580 0093 Horarios: lunes, martes y jueves de 10:00 a 13:00 hs., [&hellip;]","protected":false},"author":1,"featured_media":0,"parent":144,"menu_order":12,"comment_status":"closed","ping_status":"closed","template":"","meta":{"footnotes":""},"class_list":["post-159","page","type-page","status-publish","hentry"],"_links":{"self":[{"href":"https:\/\/consmendoza.esteri.it\/es\/wp-json\/wp\/v2\/pages\/159","targetHints":{"allow":["GET"]}}],"collection":[{"href":"https:\/\/consmendoza.esteri.it\/es\/wp-json\/wp\/v2\/pages"}],"about":[{"href":"https:\/\/consmendoza.esteri.it\/es\/wp-json\/wp\/v2\/types\/page"}],"author":[{"embeddable":true,"href":"https:\/\/consmendoza.esteri.it\/es\/wp-json\/wp\/v2\/users\/1"}],"replies":[{"embeddable":true,"href":"https:\/\/consmendoza.esteri.it\/es\/wp-json\/wp\/v2\/comments?post=159"}],"version-history":[{"count":6,"href":"https:\/\/consmendoza.esteri.it\/es\/wp-json\/wp\/v2\/pages\/159\/revisions"}],"predecessor-version":[{"id":3157,"href":"https:\/\/consmendoza.esteri.it\/es\/wp-json\/wp\/v2\/pages\/159\/revisions\/3157"}],"up":[{"embeddable":true,"href":"https:\/\/consmendoza.esteri.it\/es\/wp-json\/wp\/v2\/pages\/144"}],"wp:attachment":[{"href":"https:\/\/consmendoza.esteri.it\/es\/wp-json\/wp\/v2\/media?parent=159"}],"curies":[{"name":"wp","href":"https:\/\/api.w.org\/{rel}","templated":true}]}}