{"id":1742,"date":"2024-09-11T12:34:25","date_gmt":"2024-09-11T15:34:25","guid":{"rendered":"https:\/\/consmendoza.esteri.it\/?page_id=1742"},"modified":"2024-11-04T10:43:50","modified_gmt":"2024-11-04T13:43:50","slug":"visas","status":"publish","type":"page","link":"https:\/\/consmendoza.esteri.it\/es\/servizi-consolari-e-visti\/servizi-per-il-cittadino-italiano\/altri-servizi\/albo-consolare\/visas\/","title":{"rendered":"Visas"},"content":{"rendered":"<p>El Consulado General de Italia en Buenos Aires es, para\u00a0<strong><u>todo el territorio argentino<\/u><\/strong>, la autoridad competente en la emisi\u00f3n de visas de ingreso a Italia a los ciudadanos extranjeros sujetos a la obligaci\u00f3n de visado.<\/p>\n<p>Los ciudadanos argentinos que no posean la ciudadan\u00eda italiana no tienen necesidad de una visa para estad\u00edas de breve duraci\u00f3n (hasta un m\u00e1ximo de 90 d\u00edas, cada 180 d\u00edas). En estos casos, para poder permanecer en el territorio italiano ser\u00e1 suficiente contar con un pasaporte v\u00e1lido, o sea con una valid\u00e9z residua de al menos tres meses desde la fecha prevista para la salida del territorio de los Estados miembros del \u00e1rea Schengen y que no haya sido emitido con m\u00e1s de diez a\u00f1os de antelaci\u00f3n.<\/p>\n<p>Las visas de ingreso emitidas pueden ser preliminarmente subdivididas en dos principales categor\u00edas: las <strong>Visas Schengen<\/strong>, que son de\u00a0<strong>breve permanencia<\/strong>, con una\u00a0<strong>duraci\u00f3n m\u00e1xima de 90 d\u00edas cada 180; <\/strong>y las <strong>Visas Nacionales<\/strong>, de\u00a0<strong>larga permanencia<\/strong>, con una\u00a0<strong>duraci\u00f3n de 91 a 365 d\u00edas<\/strong>, destinadas a una estable radicaci\u00f3n en Italia por parte del solicitante (visas por trabajo, estudio, motivos religiosos o familiares, etc), a trav\u00e9s\u00a0 de la sucesiva obtenci\u00f3n de un documento de identidad o de un Permiso de estad\u00eda, emitido por la Jefatura de Polic\u00eda italiana competente por territorio.<\/p>\n<p>Todos los solicitantes de VSU (<a href=\"https:\/\/e-applicationvisa.esteri.it\/\">Visa Schengen Uniforme<\/a><u> &#8211; <\/u>de tipo \u201cC\u201d), v\u00e1lida por el tr\u00e1nsito y la estad\u00eda en el territorio de todos los Estados miembros, con duraci\u00f3n m\u00e1xima de 90 d\u00edas cada 180, independientemente del lugar de residencia, deber\u00e1n presentarse directamente en el Consulado General en Buenos Aires, dado que se deber\u00e1n tomar las relativas huellas digitales.<\/p>\n<p>Para estad\u00edas superiores a 90 d\u00edas, los ciudadanos extranjeros deben, en su lugar, solicitar la visa de ingreso nacional, a excepci\u00f3n de los ciudadanos de los Pa\u00edses de la UE o pertenecientes al espacio Schengen, o a la Ciudad del Vaticano y de San Marino.<\/p>\n<p><strong>Documentaci\u00f3n<\/strong><\/p>\n<p>Se recomienda leer atentamente en el sitio oficial \u201c<a href=\"http:\/\/vistoperitalia.esteri.it\/obblighidoveri\/it\">Il Visto per l\u2019Italia<\/a>\u201d, los derechos y los deberes del extranjero relativos al ingreso y a la permanencia en Italia y en el resto del territorio Schengen, en base a la tipolog\u00eda de visa obtenida.<\/p>\n<p>&nbsp;<\/p>\n<p><strong>Procedimiento<\/strong><\/p>\n<p><u>RESIDENTES EN LAS CIRCUNSCRIPCIONES CONSULARES DE BUENOS AIRES, LOMAS DE ZAMORA, MORON Y LA PLATA<\/u>: Los interesados deber\u00e1n tomar un turno con el sistema\u00a0<a href=\"https:\/\/prenotami.esteri.it\/\"><strong>Prenot@mi<\/strong><\/a>\u00a0y seguir las indicaciones sucesivas.<\/p>\n<p><u>RESIDENTES EN LAS OTRAS CIRCUNSCRIPCIONES CONSULARES<\/u>: Los interesados deber\u00e1n presentar la documentaci\u00f3n en la Oficina Consular de la respectiva circunscripci\u00f3n de residencia: para Mendoza, San Juan y San Luis escribir a:\u00a0<a href=\"mailto:passaporti.mendoza@esteri.it\"><strong>passaporti.mendoza@esteri.it<\/strong><\/a><\/p>\n<p>Los documentos recibidos oportunamente ser\u00e1n enviados al Consulado General en Buenos Aires el cual, despu\u00e9s de haber examinado la solicitud y en caso de \u00e9xito favorable, proceder\u00e1 a la colocaci\u00f3n de la visa y a la restituci\u00f3n del documento de viaje ya visado al Consulado competente.<\/p>\n<p>Los interesados\u00a0<u>RESIDENTES EN LAS OTRAS CIRCUNSCRIPCIONES CONSULARES<\/u>, en caso de urgencia, pueden tambi\u00e9n reservar una cita con el sistema\u00a0<a href=\"https:\/\/prenotami.esteri.it\/\"><strong>Prenot@mi<\/strong><\/a>\u00a0y seguir las indicaciones sucesivas.<\/p>\n<p><strong>Turnos<\/strong><\/p>\n<p>Los turnos se ponen a disposici\u00f3n a trav\u00e9s del portal\u00a0<a href=\"https:\/\/prenotami.esteri.it\/\"><strong>Prenot@mi<\/strong><\/a>.<\/p>\n<p><strong>\u00a0Pago<\/strong><\/p>\n<p>Las modalidades de pago ser\u00e1n comunicadas al solicitante del servicio desde las Oficinas de competencia.<\/p>\n<p><strong>\u00a0Email:\u00a0<\/strong><a href=\"mailto:passaporti.mendoza@esteri.it\"><strong>passaporti.mendoza@esteri.it<\/strong><\/a><strong>; <\/strong><a href=\"mailto:visti.buenosaires@esteri.it\"><strong>visti.buenosaires@esteri.it<\/strong><\/a><\/p>\n<p><strong>\u00a0<\/strong><\/p>\n<p>* Las informaciones volcadas en este sitio se refieren \u00fanicamente a los titulares de un documento de viaje ordinario. A los titulares de pasaporte diplom\u00e1tico o de servicio se les ruega tomar contacto con las Representaciones Diplom\u00e1ticas o Consulares italianas para obtener las espec\u00edficas informaciones.<\/p>\n<p>* Las informaciones volcadas en este sitio, destinadas a orientar al ciudadano extranjero que desea solicitar una visa para permanecer en Italia, tienen un valor puramente indicativo y no exhaustivo. Para mayores informaciones, los interesados pueden dirigirse directamente a la Representaci\u00f3n Diplom\u00e1tica o Consular italiana competente por el lugar de estable residencia.<\/p>\n","protected":false},"excerpt":{"rendered":"El Consulado General de Italia en Buenos Aires es, para\u00a0todo el territorio argentino, la autoridad competente en la emisi\u00f3n de visas de ingreso a Italia a los ciudadanos extranjeros sujetos a la obligaci\u00f3n de visado. Los ciudadanos argentinos que no posean la ciudadan\u00eda italiana no tienen necesidad de una visa para estad\u00edas de breve duraci\u00f3n [&hellip;]","protected":false},"author":5,"featured_media":0,"parent":207,"menu_order":0,"comment_status":"closed","ping_status":"closed","template":"","meta":{"footnotes":""},"class_list":["post-1742","page","type-page","status-publish","hentry"],"_links":{"self":[{"href":"https:\/\/consmendoza.esteri.it\/es\/wp-json\/wp\/v2\/pages\/1742","targetHints":{"allow":["GET"]}}],"collection":[{"href":"https:\/\/consmendoza.esteri.it\/es\/wp-json\/wp\/v2\/pages"}],"about":[{"href":"https:\/\/consmendoza.esteri.it\/es\/wp-json\/wp\/v2\/types\/page"}],"author":[{"embeddable":true,"href":"https:\/\/consmendoza.esteri.it\/es\/wp-json\/wp\/v2\/users\/5"}],"replies":[{"embeddable":true,"href":"https:\/\/consmendoza.esteri.it\/es\/wp-json\/wp\/v2\/comments?post=1742"}],"version-history":[{"count":1,"href":"https:\/\/consmendoza.esteri.it\/es\/wp-json\/wp\/v2\/pages\/1742\/revisions"}],"predecessor-version":[{"id":1960,"href":"https:\/\/consmendoza.esteri.it\/es\/wp-json\/wp\/v2\/pages\/1742\/revisions\/1960"}],"up":[{"embeddable":true,"href":"https:\/\/consmendoza.esteri.it\/es\/wp-json\/wp\/v2\/pages\/207"}],"wp:attachment":[{"href":"https:\/\/consmendoza.esteri.it\/es\/wp-json\/wp\/v2\/media?parent=1742"}],"curies":[{"name":"wp","href":"https:\/\/api.w.org\/{rel}","templated":true}]}}