{"id":180,"date":"2023-04-03T19:25:07","date_gmt":"2023-04-03T22:25:07","guid":{"rendered":"https:\/\/consmendoza.esteri.it\/servizi-consolari-e-visti\/servizi-per-il-cittadino-italiano\/"},"modified":"2025-08-05T12:25:39","modified_gmt":"2025-08-05T15:25:39","slug":"servizi-per-il-cittadino-italiano","status":"publish","type":"page","link":"https:\/\/consmendoza.esteri.it\/es\/servizi-consolari-e-visti\/servizi-per-il-cittadino-italiano\/","title":{"rendered":"Servicios para el ciudadano italiano"},"content":{"rendered":"<ul>\n<li><a href=\"https:\/\/consmendoza.esteri.it\/es\/servizi-consolari-e-visti\/servizi-per-il-cittadino-italiano\/assistenza-ai-cittadini-allestero\/\">Asistencia a ciudadanos en el extranjero<\/a><\/li>\n<li><a href=\"https:\/\/consmendoza.esteri.it\/es\/servizi-consolari-e-visti\/servizi-per-il-cittadino-italiano\/carta-de-identidad-electronica-cie\/\">Carta de Identidad Electr\u00f3nica (CIE)<\/a><\/li>\n<li><a href=\"https:\/\/consmendoza.esteri.it\/es\/servizi-consolari-e-visti\/servizi-per-il-cittadino-italiano\/emergency-travel-documents-etd\/\">Emergency Travel Documents (ETD)<\/a><\/li>\n<li><a href=\"https:\/\/consmendoza.esteri.it\/es\/servizi-consolari-e-visti\/servizi-per-il-cittadino-italiano\/stato-civile\/\">Estado civil<\/a><\/li>\n<li><a href=\"https:\/\/consmendoza.esteri.it\/es\/servizi-consolari-e-visti\/servizi-per-il-cittadino-italiano\/altri-servizi\/\">Legalizaci\u00f3n, declaraci\u00f3n de valor y equivalencia de t\u00edtulos<\/a><\/li>\n<li><a href=\"https:\/\/consmendoza.esteri.it\/es\/servizi-consolari-e-visti\/servizi-per-il-cittadino-italiano\/passaporti-e-carte-didentita\/\">Pasaportes<\/a><\/li>\n<li><a href=\"https:\/\/consmendoza.esteri.it\/es\/servizi-consolari-e-visti\/servizi-per-il-cittadino-italiano\/pensioni-e-sicurezza-sociale\/\">Pensiones y seguridad social<\/a><\/li>\n<li><a href=\"https:\/\/consmendoza.esteri.it\/es\/servizi-consolari-e-visti\/servizi-per-il-cittadino-italiano\/anagrafe-degli-italiani-residenti-allestero-aire\/\">Registro de italianos residentes en el extranjero (AIRE)<\/a><\/li>\n<li><a href=\"https:\/\/consmendoza.esteri.it\/es\/servizi-consolari-e-visti\/servizi-per-il-cittadino-italiano\/autoveicoli-e-patenti-di-guida\/\">Renovaci\u00f3n de licencias de conducir<\/a><\/li>\n<li><a href=\"https:\/\/consmendoza.esteri.it\/es\/servizi-consolari-e-visti\/servizi-per-il-cittadino-italiano\/servicio-militar\/\">Servicio militar<\/a><\/li>\n<li><a href=\"https:\/\/consmendoza.esteri.it\/es\/servizi-consolari-e-visti\/servizi-per-il-cittadino-italiano\/servizi-elettorali\/\">Servicios electorales<\/a><\/li>\n<li><a href=\"https:\/\/consmendoza.esteri.it\/es\/servizi-consolari-e-visti\/servizi-per-il-cittadino-italiano\/servizi-notarili\/\">Servicios notariales<\/a><\/li>\n<li><a href=\"https:\/\/consmendoza.esteri.it\/es\/servizi-consolari-e-visti\/servizi-per-il-cittadino-italiano\/codice-fiscale\/\">Solicitud de c\u00f3digo fiscal<\/a><\/li>\n<li><a href=\"https:\/\/consmendoza.esteri.it\/es\/servizi-consolari-e-visti\/servizi-per-il-cittadino-italiano\/spid-sistema-publico-de-identidad-digital\/\">SPID \u2013 Sistema P\u00fablico de Identidad Digital<\/a><\/li>\n<li><a href=\"https:\/\/consmendoza.esteri.it\/es\/servizi-consolari-e-visti\/servizi-per-il-cittadino-italiano\/2998-2\/\">Tarifas Consulares<\/a><\/li>\n<\/ul>\n<p>&nbsp;<\/p>\n<p>&nbsp;<\/p>\n<p>&nbsp;<\/p>\n<p>El conjunto de los servicios ofrecidos y la normativa est\u00e1n detallados por el Ministerio de Asuntos Exteriores en el\u00a0<a href=\"https:\/\/www.esteri.it\/it\/servizi-consolari-e-visti\/\"><strong>siguiente link.<\/strong><\/a><\/p>\n<p><strong><a href=\"https:\/\/consbuenosaires.esteri.it\/wp-content\/uploads\/2024\/02\/Informativa_TDP_per_servizi_consolari_ex_visti_e_cittadinanza__all.3-spa.pdf\" target=\"_blank\" rel=\"noopener\">Informaci\u00f3n acerca del Reglamento General sobre la Protecci\u00f3n de Datos (UE) 2016\/679, art. 13<\/a><\/strong><\/p>\n<p><span class=\"text\"><strong>En el men\u00fa lateral es posible visualizar los procedimientos para cada servicio.\u00a0<\/strong><\/span><\/p>\n","protected":false},"excerpt":{"rendered":"Asistencia a ciudadanos en el extranjero Carta de Identidad Electr\u00f3nica (CIE) Emergency Travel Documents (ETD) Estado civil Legalizaci\u00f3n, declaraci\u00f3n de valor y equivalencia de t\u00edtulos Pasaportes Pensiones y seguridad social Registro de italianos residentes en el extranjero (AIRE) Renovaci\u00f3n de licencias de conducir Servicio militar Servicios electorales Servicios notariales Solicitud de c\u00f3digo fiscal SPID \u2013 [&hellip;]","protected":false},"author":1,"featured_media":0,"parent":146,"menu_order":0,"comment_status":"closed","ping_status":"closed","template":"","meta":{"footnotes":""},"class_list":["post-180","page","type-page","status-publish","hentry"],"_links":{"self":[{"href":"https:\/\/consmendoza.esteri.it\/es\/wp-json\/wp\/v2\/pages\/180","targetHints":{"allow":["GET"]}}],"collection":[{"href":"https:\/\/consmendoza.esteri.it\/es\/wp-json\/wp\/v2\/pages"}],"about":[{"href":"https:\/\/consmendoza.esteri.it\/es\/wp-json\/wp\/v2\/types\/page"}],"author":[{"embeddable":true,"href":"https:\/\/consmendoza.esteri.it\/es\/wp-json\/wp\/v2\/users\/1"}],"replies":[{"embeddable":true,"href":"https:\/\/consmendoza.esteri.it\/es\/wp-json\/wp\/v2\/comments?post=180"}],"version-history":[{"count":6,"href":"https:\/\/consmendoza.esteri.it\/es\/wp-json\/wp\/v2\/pages\/180\/revisions"}],"predecessor-version":[{"id":3040,"href":"https:\/\/consmendoza.esteri.it\/es\/wp-json\/wp\/v2\/pages\/180\/revisions\/3040"}],"up":[{"embeddable":true,"href":"https:\/\/consmendoza.esteri.it\/es\/wp-json\/wp\/v2\/pages\/146"}],"wp:attachment":[{"href":"https:\/\/consmendoza.esteri.it\/es\/wp-json\/wp\/v2\/media?parent=180"}],"curies":[{"name":"wp","href":"https:\/\/api.w.org\/{rel}","templated":true}]}}