{"id":181,"date":"2023-04-03T19:27:59","date_gmt":"2023-04-03T22:27:59","guid":{"rendered":"https:\/\/consmendoza.esteri.it\/servizi-consolari-e-visti\/servizi-per-il-cittadino-italiano\/passaporti-e-carte-didentita\/"},"modified":"2026-02-26T10:57:55","modified_gmt":"2026-02-26T13:57:55","slug":"passaporti-e-carte-didentita","status":"publish","type":"page","link":"https:\/\/consmendoza.esteri.it\/es\/servizi-consolari-e-visti\/servizi-per-il-cittadino-italiano\/passaporti-e-carte-didentita\/","title":{"rendered":"Pasaporte"},"content":{"rendered":"<p><strong><a href=\"https:\/\/www.esteri.it\/mae\/it\/servizi\/italiani-all-estero\/documenti_di_viaggio\/passaporto.html\">IMPORTANTE:<\/a><\/strong><\/p>\n<p style=\"text-align: center;\"><strong>TURNOS: se publican todos los d\u00edas, a la medianoche italiana, a trav\u00e9s del <a href=\"https:\/\/prenotami.esteri.it\/\">Prenot@Mi<\/a><\/strong><\/p>\n<p><strong>ROGAMOS A LOS USUARIOS QUE NO ADQUIERAN PASAJES DE AVI\u00d3N ANTES DE HABER OBTENIDO SU NUEVO PASAPORTE O ANTES DE HABER CONTROLADO LA VALIDEZ DEL PASAPORTE QUE YA POSEEN.<\/strong><\/p>\n<p><strong>POSEER UN PASAJE DE AVI\u00d3N EMITIDO NO SE CONSIDERA MOTIVACI\u00d3N SUFICIENTE Y V\u00c1LIDA PARA LA EMISI\u00d3N DE URGENCIA DE UN PASAPORTE.<\/strong><\/p>\n<p>&nbsp;<\/p>\n<p><strong>Pasaportes \u2013 Informaci\u00f3n<\/strong><\/p>\n<p>&nbsp;<\/p>\n<p>El pasaporte es un documento de viaje e identidad. La Autoridad competente para la emisi\u00f3n es normalmente la Secci\u00f3n a cargo dispuesta para ese fin en la Oficina Central o en la Representaci\u00f3n en el exterior (Jefatura de Polic\u00eda, Comisariados, Oficinas Consulares) en cuya circunscripci\u00f3n reside la persona que lo solicita.<\/p>\n<p>&nbsp;<\/p>\n<p><strong>Tipos de Pasaporte<\/strong><\/p>\n<p>&nbsp;<\/p>\n<p>La normativa vigente prev\u00e9 los siguientes tipos de pasaporte:<\/p>\n<p>&nbsp;<\/p>\n<p>a) Pasaporte ordinario: libreta de formato \u00fanico de 48 p\u00e1ginas;<\/p>\n<p>&nbsp;<\/p>\n<p>b) Pasaporte temporario: libreta de 16 p\u00e1ginas;<\/p>\n<p>&nbsp;<\/p>\n<p>Todos los pasaportes en vigencia, incluidos los que contienen hijos menores, conservan su validez hasta la fecha de vencimiento indicada en los mismos.<\/p>\n<p>&nbsp;<\/p>\n<p>Para la emisi\u00f3n del pasaporte el ciudadano debe presentarse en la <strong>Oficina de Pasaportes<\/strong> de la Circunscripci\u00f3n Consular en la cual reside, con la <strong>documentaci\u00f3n<\/strong> que se detalla a continuaci\u00f3n:<\/p>\n<p>&nbsp;<\/p>\n<p>&#8211; confirmaci\u00f3n impresa de la cita reservada por medio del programa \u201cPrenot@Mi\u201d;<\/p>\n<p>&nbsp;<\/p>\n<p>&#8211; formulario de solicitud del pasaporte firmado por el interesado;<\/p>\n<ul>\n<li><a href=\"https:\/\/consmendoza.esteri.it\/wp-content\/uploads\/2024\/05\/Domanda_pass_maggiorenni.pdf\"><strong><strong>Formulario para Mayores de Edad<\/strong><\/strong><\/a><\/li>\n<li><a href=\"https:\/\/consmendoza.esteri.it\/wp-content\/uploads\/2024\/05\/Domanda_pass_minori.pdf\"><strong>Formulario para Menores de Edad<\/strong><\/a><\/li>\n<li><a href=\"https:\/\/consmendoza.esteri.it\/wp-content\/uploads\/2024\/10\/Assenso_in_favore_minore_con_autentica.pdf\"><strong>Acta de consentimiento<\/strong><\/a><\/li>\n<\/ul>\n<p>&#8211; Fotocopia del anverso y reverso DNI del interesado (en caso de ser un menor ser\u00e1 necesario traer tambi\u00e9n la copia del DNI de ambos padres).<\/p>\n<p>&nbsp;<\/p>\n<p>&#8211; Pasaporte italiano, si ya se posee.<\/p>\n<p>&nbsp;<\/p>\n<p>&#8211; Una fotograf\u00eda reciente (de frente, en colores, fondo blanco, 3,5 x 4 cms.); <a href=\"https:\/\/www.poliziadistato.it\/statics\/10\/fotografia_passaporto_web.pdf\"><strong>EJEMPLOS DE TAMA\u00d1O Y PROPORCI\u00d3N DE LAS FOTOGRAF\u00cdAS<\/strong><\/a>;<\/p>\n<p>&nbsp;<\/p>\n<p>&#8211; Recibo del pago del costo del pasaporte seg\u00fan la <strong>Tabla de Derechos Consulares<\/strong> que se encuentra en el sitio web del Consulado General.<\/p>\n<p>&nbsp;<\/p>\n<p>Es importante recordar que el domicilio de quien solicita el pasaporte debe corresponder al que ha sido registrado en el Consulado General. Toda variaci\u00f3n debe ser comunicada al Consulado General por medio del sistema <strong>Fast It<\/strong> <a href=\"https:\/\/serviziconsolari.esteri.it\/ScoFE\/index.sco\">(https:\/\/serviziconsolari.esteri.it\/ScoFE\/index.sco) <\/a>antes de solicitar la emisi\u00f3n del pasaporte.<\/p>\n<p>&nbsp;<\/p>\n<p><strong>Toda la documentaci\u00f3n necesaria para la emisi\u00f3n del pasaporte ser presentada en original el d\u00eda del turno obtenido por medio de \u201cPrenot@Mi\u201d.<\/strong><\/p>\n<p>&nbsp;<\/p>\n<p><strong>En caso de robo o extrav\u00edo del pasaporte<\/strong>, adem\u00e1s de la documentaci\u00f3n prevista, ser\u00e1 necesario presentar <strong>copia de la denuncia<\/strong> efectuada ante las autoridades locales competentes.<\/p>\n<p>&nbsp;<\/p>\n<p><strong>En caso de deterioro o finalizaci\u00f3n de la p\u00e1ginas del pasaporte<\/strong>, adem\u00e1s de la documentaci\u00f3n prevista, ser\u00e1 necesario completar el <a href=\"https:\/\/consmendoza.esteri.it\/wp-content\/uploads\/2024\/10\/Dichiarazione-non-inibitoria-word.pdf\">formulario de autocertificaci\u00f3n.<\/a><\/p>\n<p>&nbsp;<\/p>\n<p><strong>El costo de un nuevo pasaporte es de 116,20 euros<\/strong>, y deber\u00e1 ser abonado en Pesos Argentinos, seg\u00fan el listado de <strong>Derechos Consulares<\/strong> que se encuentra en el sitio web del Consulado.<\/p>\n<p>&nbsp;<\/p>\n<p>&nbsp;<\/p>\n<p><strong>ACTA DE CONSENTIMIENTO<\/strong><\/p>\n<p><strong>Se informa a los connacionales padres de hijos menores de edad que a partir del 14 de junio de 2023 ya no ser\u00e1 necesario presentar el acta de consentimiento del otro progenitor a los efectos de la emisi\u00f3n de su documento de identidad<\/strong> (pasaporte y CIE), conforme al D.L. 69\/2023.<\/p>\n<p>En concreto, el nuevo art\u00edculo 3-bis de la Ley 1185\/1967 indica que, cuando exista un peligro concreto y actual de que, por raz\u00f3n del traslado al exterior, \u00e9ste pueda sustraerse al cumplimiento de sus obligaciones para con sus hijos, ser\u00e1 posible que el otro padre pueda solicitar una orden judicial para evitar la emisi\u00f3n del documento.<\/p>\n<p>La solicitud puede presentarse ante el juez competente en el Juzgado ordinario en el que el menor tenga su residencia habitual o, si el menor es residente en el extranjero, en el Juzgado en cuyo distrito se encuentre el Registro del AIRE.<\/p>\n<p><strong>A los efectos de la emisi\u00f3n de documentos para menores, en cambio, subsiste la obligaci\u00f3n del consentimiento firmado por ambos padres o por quienes ejerzan la patria potestad.<\/strong><\/p>\n<p>En caso de solicitudes de pasaporte para menores de 18 a\u00f1os, es imprescindible la presencia del progenitor <strong><u>no italiano<\/u><\/strong> el d\u00eda de la cita.<\/p>\n<p>Si dicho progenitor se encontrara fuera de la circunscripci\u00f3n consular, deber\u00e1 firmar el Acta de Consentimiento en la Representaci\u00f3n Consular italiana del lugar de su residencia, la cual la enviar\u00e1 a esta sede competente.<\/p>\n<p>El progenitor <strong><u>italiano<\/u><\/strong> que no pudiera asisitir el d\u00eda de la cita, podr\u00e1 enviar el formulario de solicitud oportunamente fechado y firmado, acompa\u00f1ado de una copia del documento de identidad en curso de validez (o de su pasaporte italiano).<\/p>\n<p><strong>PASAPORTE INDIVIDUAL PARA LOS MENORES<\/strong><\/p>\n<p>&nbsp;<\/p>\n<p>En base al Decreto Ley n.135\/2009, convertido en Ley n.166\/2009, a partir del 25 de noviembre de 2009, ya no es posible inscribir a los hijos menores en el pasaporte de los progenitores.<\/p>\n<p>&nbsp;<\/p>\n<p>Los menores de edad deben por lo tanto poseer pasaporte individual con validez temporal diferenciada seg\u00fan la edad.<\/p>\n<p>&nbsp;<\/p>\n<p>&#8211; 3 a\u00f1os de validez para los menores desde 0 a 3 a\u00f1os;<\/p>\n<p>&nbsp;<\/p>\n<p>&#8211; 5 a\u00f1os de validez para los menores de 3 a 18 a\u00f1os.<\/p>\n<p>&nbsp;<\/p>\n<p>Los menores de 14 a\u00f1os deben viajar acompa\u00f1ados por uno de los progenitores o por quien est\u00e9 legalmente a su cargo. De no ser as\u00ed, el nombre de la persona, de la entidad o de la compa\u00f1\u00eda de transporte a cuya responsabilidad han sido confiados los menores deber\u00e1 ser indicado en el pasaporte o en una declaraci\u00f3n , validada por la Jefatura de Polic\u00eda o por la autoridad consular y otorgada por la persona que puede dar el asentimiento.<\/p>\n<p>&nbsp;<\/p>\n<p>A partir del 26 de junio de 2012, todos los italianos menores de 18 a\u00f1os que viajen deber\u00e1n poseer documento de viaje individual. Por lo tanto, a partir de esa fecha, los menores, a\u00fan si estuvieran inscriptos en el pasaporte de los progenitores en fecha anterior al 25 de noviembre de 2009, deber\u00e1n poseer pasaporte individual, Carta de Identidad v\u00e1lida para expatriar u otro documento equivalente \u2013 en caso de que los Estados por los que deban transitar los reconozcan.<\/p>\n<p><strong>TURNOS: se publican todos los d\u00edas, a la medianoche italiana, a trav\u00e9s del <a href=\"https:\/\/prenotami.esteri.it\/\">Prenot@Mi.<\/a> <\/strong>Quien tuviese dificultades en acceder a la plataforma, puede contactar a la oficina competente: <a href=\"mailto:passaporti.mendoza@esteri.it\">passaporti.mendoza@esteri.it<\/a><\/p>\n<p>Considerando la alta demanda de emisi\u00f3n de pasaportes, el Consulado General ha puesto a disposici\u00f3n de los ciudadanos una nueva secci\u00f3n de turnos los mi\u00e9rcoles en la tarde.<\/p>\n","protected":false},"excerpt":{"rendered":"IMPORTANTE: TURNOS: se publican todos los d\u00edas, a la medianoche italiana, a trav\u00e9s del Prenot@Mi ROGAMOS A LOS USUARIOS QUE NO ADQUIERAN PASAJES DE AVI\u00d3N ANTES DE HABER OBTENIDO SU NUEVO PASAPORTE O ANTES DE HABER CONTROLADO LA VALIDEZ DEL PASAPORTE QUE YA POSEEN. POSEER UN PASAJE DE AVI\u00d3N EMITIDO NO SE CONSIDERA MOTIVACI\u00d3N SUFICIENTE [&hellip;]","protected":false},"author":1,"featured_media":0,"parent":180,"menu_order":0,"comment_status":"closed","ping_status":"closed","template":"","meta":{"footnotes":""},"class_list":["post-181","page","type-page","status-publish","hentry"],"_links":{"self":[{"href":"https:\/\/consmendoza.esteri.it\/es\/wp-json\/wp\/v2\/pages\/181","targetHints":{"allow":["GET"]}}],"collection":[{"href":"https:\/\/consmendoza.esteri.it\/es\/wp-json\/wp\/v2\/pages"}],"about":[{"href":"https:\/\/consmendoza.esteri.it\/es\/wp-json\/wp\/v2\/types\/page"}],"author":[{"embeddable":true,"href":"https:\/\/consmendoza.esteri.it\/es\/wp-json\/wp\/v2\/users\/1"}],"replies":[{"embeddable":true,"href":"https:\/\/consmendoza.esteri.it\/es\/wp-json\/wp\/v2\/comments?post=181"}],"version-history":[{"count":6,"href":"https:\/\/consmendoza.esteri.it\/es\/wp-json\/wp\/v2\/pages\/181\/revisions"}],"predecessor-version":[{"id":3581,"href":"https:\/\/consmendoza.esteri.it\/es\/wp-json\/wp\/v2\/pages\/181\/revisions\/3581"}],"up":[{"embeddable":true,"href":"https:\/\/consmendoza.esteri.it\/es\/wp-json\/wp\/v2\/pages\/180"}],"wp:attachment":[{"href":"https:\/\/consmendoza.esteri.it\/es\/wp-json\/wp\/v2\/media?parent=181"}],"curies":[{"name":"wp","href":"https:\/\/api.w.org\/{rel}","templated":true}]}}