{"id":186,"date":"2023-04-03T19:28:33","date_gmt":"2023-04-03T22:28:33","guid":{"rendered":"https:\/\/consmendoza.esteri.it\/servizi-consolari-e-visti\/servizi-per-il-cittadino-italiano\/emergency-travel-documents-etd\/"},"modified":"2025-12-24T09:45:31","modified_gmt":"2025-12-24T12:45:31","slug":"emergency-travel-documents-etd","status":"publish","type":"page","link":"https:\/\/consmendoza.esteri.it\/es\/servizi-consolari-e-visti\/servizi-per-il-cittadino-italiano\/emergency-travel-documents-etd\/","title":{"rendered":"Emergency Travel Documents (ETD)"},"content":{"rendered":"<p>A partir del 09 de diciembre de 2025 entra en vigor el nuevo documento de viaje de emergencia (EU Emergency Travel Document), previsto por la Directiva 2019\/997 y por el Decreto del Ministero degli Affari Esteri e della Cooperazione Internazionale del 26 de julio de 2024.<\/p>\n<p>&nbsp;<\/p>\n<p>El EU ETD es un documento de emergencia. Puede ser emitido en favor de ciudadanos italianos o de ciudadanos de pa\u00edses UE no representados, limitadamente a <strong>un \u00fanico viaje<\/strong> hacia el <strong>Estado miembro del cual el solicitante es ciudadano<\/strong>, hacia <strong>su pa\u00eds de residencia permanente<\/strong> o, <strong>excepcionalmente, hacia otro destino<\/strong>. El EU ETD puede ser otorgado a cualquier ciudadano de la Uni\u00f3n Europea, previa autorizaci\u00f3n del Estado miembro del cual es ciudadano.<\/p>\n<p>&nbsp;<\/p>\n<ul>\n<li>-Solicitud de EU ETD (modelo adjunto)<a href=\"https:\/\/consmendoza.esteri.it\/wp-content\/uploads\/2025\/12\/ETD-EU-Modulo-di-Domanda.pdf\"><strong>EU- Modulo di Domanda.pdf<\/strong><\/a><\/li>\n<\/ul>\n<p>&nbsp;<\/p>\n<p>&nbsp;<\/p>\n<p>Una vez arribado a destino, el titular de un EU ETD est\u00e1 obligado a entregar dicho documento, independientemente de su validez residual, a la polic\u00eda de frontera u otra oficina de polic\u00eda. Si su destino no fuera Italia, deber\u00e1 entregarlo a la representaci\u00f3n consular competente en el pa\u00eds de residencia.<\/p>\n<p>&nbsp;<\/p>\n<p>Actualmente y durante el a\u00f1o 2026 el EU ETD ser\u00e1 emitido gratuitamente.<\/p>\n<p>&nbsp;<\/p>\n<p>Para m\u00e1s informaci\u00f3n, escribir a: <a href=\"mailto:passaporti.mendoza@esteri.it\">passaporti.mendoza@esteri.it<\/a>.<\/p>\n","protected":false},"excerpt":{"rendered":"A partir del 09 de diciembre de 2025 entra en vigor el nuevo documento de viaje de emergencia (EU Emergency Travel Document), previsto por la Directiva 2019\/997 y por el Decreto del Ministero degli Affari Esteri e della Cooperazione Internazionale del 26 de julio de 2024. &nbsp; El EU ETD es un documento de emergencia. [&hellip;]","protected":false},"author":1,"featured_media":0,"parent":180,"menu_order":2,"comment_status":"closed","ping_status":"closed","template":"","meta":{"footnotes":""},"class_list":["post-186","page","type-page","status-publish","hentry"],"_links":{"self":[{"href":"https:\/\/consmendoza.esteri.it\/es\/wp-json\/wp\/v2\/pages\/186","targetHints":{"allow":["GET"]}}],"collection":[{"href":"https:\/\/consmendoza.esteri.it\/es\/wp-json\/wp\/v2\/pages"}],"about":[{"href":"https:\/\/consmendoza.esteri.it\/es\/wp-json\/wp\/v2\/types\/page"}],"author":[{"embeddable":true,"href":"https:\/\/consmendoza.esteri.it\/es\/wp-json\/wp\/v2\/users\/1"}],"replies":[{"embeddable":true,"href":"https:\/\/consmendoza.esteri.it\/es\/wp-json\/wp\/v2\/comments?post=186"}],"version-history":[{"count":3,"href":"https:\/\/consmendoza.esteri.it\/es\/wp-json\/wp\/v2\/pages\/186\/revisions"}],"predecessor-version":[{"id":3381,"href":"https:\/\/consmendoza.esteri.it\/es\/wp-json\/wp\/v2\/pages\/186\/revisions\/3381"}],"up":[{"embeddable":true,"href":"https:\/\/consmendoza.esteri.it\/es\/wp-json\/wp\/v2\/pages\/180"}],"wp:attachment":[{"href":"https:\/\/consmendoza.esteri.it\/es\/wp-json\/wp\/v2\/media?parent=186"}],"curies":[{"name":"wp","href":"https:\/\/api.w.org\/{rel}","templated":true}]}}