{"id":187,"date":"2023-04-03T19:28:49","date_gmt":"2023-04-03T22:28:49","guid":{"rendered":"https:\/\/consmendoza.esteri.it\/servizi-consolari-e-visti\/servizi-per-il-cittadino-italiano\/anagrafe-degli-italiani-residenti-allestero-aire\/"},"modified":"2025-03-31T15:04:43","modified_gmt":"2025-03-31T18:04:43","slug":"anagrafe-degli-italiani-residenti-allestero-aire","status":"publish","type":"page","link":"https:\/\/consmendoza.esteri.it\/es\/servizi-consolari-e-visti\/servizi-per-il-cittadino-italiano\/anagrafe-degli-italiani-residenti-allestero-aire\/","title":{"rendered":"Registro de italianos residentes en el extranjero (AIRE)"},"content":{"rendered":"<p>Anagrafe (Empadronamiento)<\/p>\n<p>Todos los ciudadanos italianos deben estar inscriptos en el \u201canagrafe\u201d (registro de la poblaci\u00f3n) de una Comuna italiana.<\/p>\n<p>Inscribirse en el A.I.R.E es un derecho\/deber del ciudadano (art.6 ley 470\/1988) que constituye la condici\u00f3n para hacer uso de algunos servicios consulares en el extranjero y para ejercitar derechos importantes como por ejemplo:<br \/>\n\u2022 la posibilidad de votar en elecciones pol\u00edticas y refer\u00e9ndum por correo en el Pa\u00eds de residencia, y en las elecciones de los representantes italianos en el Parlamento Europeo en las sedes de la red diplom\u00e1tico-consular de los Pa\u00edses de la Union Europea<br \/>\n\u2022 la posibilidad de expedir o renovar documentos de identidad y de viaje y certificaciones.<\/p>\n<p>Deben inscribirse en el A.I.R.E.:<\/p>\n<p>\u2022 los ciudadanos que trasladan su residencia al extranjero por per\u00edodos superiores a 12 meses;<br \/>\n\u2022 los ciudadanos ya residentes al extranjero, sea por nacimiento o por adquisici\u00f3n de ciudadan\u00eda italiana en cualquier titulo.<\/p>\n<p>No deben \u2013por el contrario- inscribirse en el A.I.R.E.:<\/p>\n<p>\u2022 las personas que permanecen en el extranjero durante menos de un a\u00f1o;<br \/>\n\u2022 los trabajadores estacionales;<br \/>\n\u2022 los dependientes de carrera del Estado en servicio en el extranjero, que sean identificados por la Convenci\u00f3n de Viena sobre las relaciones diplom\u00e1ticas y sobre las relaciones consulares respectivamente de 1961 y 1963;<br \/>\n\u2022 los militares italianos en servicio activo en oficinas y en las sedes de la O.T.A.N. ubicadas al extranjero<\/p>\n<p>La ley n. 470\/1988 establece que todos los ciudadanos italianos que se transfiren al exterior deben declarar al Consulado el cambio del domicilio en el plazo de 90 d\u00edas a partir de la fecha de llegada al Pa\u00eds de destino. Incluso quien emigr\u00f3 antes de que esta ley entrara en vigencia debe inscribirse en el Consulado.<\/p>\n<p>La inscripci\u00f3n en el AIRE es necesaria para obtener todos los documentos y certificados que el Consulado emite. Adem\u00e1s, la inscripci\u00f3n en la base de datos del Consulado permite agilizar notablemente todo tr\u00e1mite consular.<\/p>\n<p>Los ciudadanos italianos residentes en Italia est\u00e1n inscriptos en el \u201cAnagrafe della Popolazione Residente\u201d (A.P.R. \u201cPadr\u00f3n de la Poblaci\u00f3n Residente\u201d) de la Comuna italiana donde viven, a la que se deben dirigir para todos los tr\u00e1mites de empadronamiento. Los ciudadanos italianos residentes en el exterior est\u00e1n inscriptos en el \u201cAnagrafe degli Italiani Residenti all\u2019Estero\u00bb (A.I.R.E. \u201cPadr\u00f3n de los Italianos Residentes en el Exterior) de la Comuna italiana de origen o de \u00faltimo domicilio antes de la emigraci\u00f3n; los ciudadanos residentes en el extranjero se pueden dirigir al Consulado correspondiente al lugar de su residencia en el exterior para todo tr\u00e1mite de empadronamiento; el Consulado act\u00faa como intermediario respecto a la Comuna.<\/p>\n<p>El ciudadano italiano debe adem\u00e1s informar al Consulado acerca de toda modificaci\u00f3n de sus datos personales (estado civil, ciudadan\u00eda, domicilio, composici\u00f3n del n\u00facleo familiar conviviente, \u00faltimos estudios cursados, profesi\u00f3n).<\/p>\n<p>C\u00f3mo inscribirse en el A.I.R.E.<\/p>\n<p>La solicitud de inscripcion del A.I.R.E. puede ser presentada por el interesado (para si mismo o paras los familiares).<\/p>\n<p>La declaraci\u00f3n de ser presentada exclusivamente a trav\u00e9s del <a href=\"https:\/\/serviziconsolari.esteri.it\/ScoFE\/index.sco\">FAST-IT<\/a>.<\/p>\n<p>A la declaraci\u00f3n se debe adjuntar fotocopia del D.N.I. (con el domicilio actualizado).<\/p>\n<p>Para solicitar la inscripci\u00f3n o la actualizaci\u00f3n de los datos se puede utilizar el formulario adjunto.<\/p>\n<p>El Consulado o la Comuna pueden resolver la inscripci\u00f3n de un ciudadano en el A.I.R.E. de oficio, si la Administraci\u00f3n toma conocimiento que el ciudadano reside habitualmente en el exterior. La Comuna informar\u00e1 al particular interesado acerca de dicha resoluci\u00f3n.<\/p>\n<p>Cambios de los datos de inscripci\u00f3n A.I.R.E.<\/p>\n<p>El ciudadano italiano residente en el exterior debe informar al Consulado italiano del lugar de su residencia acerca de cualquier modificaci\u00f3n de los siguientes datos fundamentales (ya indicados arriba) a trav\u00e9s del <a href=\"https:\/\/serviziconsolari.esteri.it\/ScoFE\/index.sco\">FAST-IT<\/a>:<\/p>\n<p>&#8211; el cambio de residencia<br \/>\n&#8211; los cambios de estado civil, tambi\u00e9n para la eventual trascripci\u00f3n en Italia de actas extranjeras (casamiento, nacimiento, divorcio, defunci\u00f3n, etc.)<br \/>\n&#8211; regreso definitivo a Italia<br \/>\n&#8211; p\u00e9rdida de la ciudadan\u00eda italiana<br \/>\n&#8211; composici\u00f3n del n\u00facleo familiar conviviente;<br \/>\n&#8211; \u00faltimos estudios cursados;<br \/>\n&#8211; profesi\u00f3n;<br \/>\n&#8211; cambio de apellido y eventuales sentencias de interdicci\u00f3n.<\/p>\n<p>La actualizaci\u00f3n de los datos se realiza de la misma forma.<\/p>\n<p>Una pronta comunicaci\u00f3n al Consulado de los cambios de la situaci\u00f3n de cada cual \u2013 adem\u00e1s de ser un deber del ciudadano \u2013 agiliza las tramitaciones y permite un contacto m\u00e1s fluido entre el Consulado y los ciudadanos.<\/p>\n<p>INFORMACI\u00d3N<br \/>\nex Art. 13 del C\u00f3digo en materia de Protecci\u00f3n de los datos personales<br \/>\n(Decreto Legislativo n. 196 del 30 de junio de 2003)<\/p>\n<p>El Ministerio de Relaciones Exteriores de Italia desea informar, de acuerdo al Decreto Legislativo n. 196 del 30 de junio de 2003, C\u00f3digo en materia de protecci\u00f3n de los datos personales (a continuaci\u00f3n \u201cC\u00f3digo\u201d), que los datos personales contenidos en la documentaci\u00f3n de archivo en poder de la red diplom\u00e1tico-consular italiana en la Argentina, relativa a las v\u00edctimas de la dictadura militar (1976-1983) ser\u00e1n transferidos al Archivo Nacional de la Memoria argentino con el fin de reconstruir el per\u00edodo hist\u00f3rico entre 1976 y 1983, de conformidad con la Autorizaci\u00f3n del Garante para la protecci\u00f3n de los datos personales del 9 de junio de 2005 para la entrega de dichos datos a la Argentina.<\/p>\n<p>El Archivo Nacional de la Memoria, titular del uso de tales datos personales transferidos, utilizar\u00e1 la documentaci\u00f3n exclusivamente para los propios fines institucionales respetando la normativa argentina en materia de protecci\u00f3n de los datos personales, considerada adecuada por el Garante con la mencionada Autorizaci\u00f3n.<\/p>\n","protected":false},"excerpt":{"rendered":"Anagrafe (Empadronamiento) Todos los ciudadanos italianos deben estar inscriptos en el \u201canagrafe\u201d (registro de la poblaci\u00f3n) de una Comuna italiana. Inscribirse en el A.I.R.E es un derecho\/deber del ciudadano (art.6 ley 470\/1988) que constituye la condici\u00f3n para hacer uso de algunos servicios consulares en el extranjero y para ejercitar derechos importantes como por ejemplo: \u2022 [&hellip;]","protected":false},"author":1,"featured_media":0,"parent":180,"menu_order":4,"comment_status":"closed","ping_status":"closed","template":"","meta":{"footnotes":""},"class_list":["post-187","page","type-page","status-publish","hentry"],"_links":{"self":[{"href":"https:\/\/consmendoza.esteri.it\/es\/wp-json\/wp\/v2\/pages\/187","targetHints":{"allow":["GET"]}}],"collection":[{"href":"https:\/\/consmendoza.esteri.it\/es\/wp-json\/wp\/v2\/pages"}],"about":[{"href":"https:\/\/consmendoza.esteri.it\/es\/wp-json\/wp\/v2\/types\/page"}],"author":[{"embeddable":true,"href":"https:\/\/consmendoza.esteri.it\/es\/wp-json\/wp\/v2\/users\/1"}],"replies":[{"embeddable":true,"href":"https:\/\/consmendoza.esteri.it\/es\/wp-json\/wp\/v2\/comments?post=187"}],"version-history":[{"count":5,"href":"https:\/\/consmendoza.esteri.it\/es\/wp-json\/wp\/v2\/pages\/187\/revisions"}],"predecessor-version":[{"id":2347,"href":"https:\/\/consmendoza.esteri.it\/es\/wp-json\/wp\/v2\/pages\/187\/revisions\/2347"}],"up":[{"embeddable":true,"href":"https:\/\/consmendoza.esteri.it\/es\/wp-json\/wp\/v2\/pages\/180"}],"wp:attachment":[{"href":"https:\/\/consmendoza.esteri.it\/es\/wp-json\/wp\/v2\/media?parent=187"}],"curies":[{"name":"wp","href":"https:\/\/api.w.org\/{rel}","templated":true}]}}