{"id":189,"date":"2023-04-03T19:29:13","date_gmt":"2023-04-03T22:29:13","guid":{"rendered":"https:\/\/consmendoza.esteri.it\/servizi-consolari-e-visti\/servizi-per-il-cittadino-italiano\/assistenza-ai-cittadini-allestero\/"},"modified":"2024-05-14T11:38:56","modified_gmt":"2024-05-14T14:38:56","slug":"assistenza-ai-cittadini-allestero","status":"publish","type":"page","link":"https:\/\/consmendoza.esteri.it\/es\/servizi-consolari-e-visti\/servizi-per-il-cittadino-italiano\/assistenza-ai-cittadini-allestero\/","title":{"rendered":"Asistencia a ciudadanos en el extranjero"},"content":{"rendered":"<p>Quienes deban realizar el control de las condiciones de admisi\u00f3n para recibir asistencia econ\u00f3mica (llamada \u00absubsidio\u00bb) u otro tipo de ayuda (alojamiento en una instituci\u00f3n geri\u00e1trica, asistencia m\u00e9dica, etc.) por parte de este Consulado General, deben escribir un e-mail a: <a href=\"mailto:assistenza.mendoza@esteri.it\">assistenza.mendoza@esteri.it<\/a>.<\/p>\n<p>&nbsp;<\/p>\n<p>Los interesados deber\u00e1n adjuntar por mail y en formato PDF:<\/p>\n<ul>\n<li>documento de identidad v\u00e1lido (original y copia);<\/li>\n<li>pasaporte italiano (si est\u00e1 vigente);<\/li>\n<li>comprobantes de ingresos de todo el grupo familiar que convive: salarios, pensiones argentinas o extranjeras, alquileres, etc.;<\/li>\n<li>CUIL de todos los adultos que conviven y no tienen comprobante de ingresos propios;<\/li>\n<li>comprobantes de todos los pagos realizados para la vivienda, incluyendo servicios p\u00fablicos (gas, luz, agua, tel\u00e9fono fijo y celular) y tasas provinciales y municipales;<\/li>\n<li>recibo de alquiler (si corresponde);<\/li>\n<li>certificado m\u00e9dico;<\/li>\n<li>certificado de gastos m\u00e9dicos (que indiquen gastos de transporte, medicamentos, asistencia, etc.);<\/li>\n<li>CBU.<\/li>\n<\/ul>\n<p>&nbsp;<\/p>\n<p>Pueden presentar una solicitud en la Oficina de Asistencia los ciudadanos italianos que:<\/p>\n<ol>\n<li>residan de forma permanente dentro de la circunscripci\u00f3n consular de Buenos Aires, por lo tanto, tengan un DNI regular;<\/li>\n<li>sean ciudadanos temporalmente presentes en esta circunscripci\u00f3n consular (por ejemplo, por motivos de estudio o trabajo por un per\u00edodo no superior a 6 meses, o turistas).<\/li>\n<\/ol>\n<p><u>*En el caso de ciudadanos italianos de paso, la Oficina evaluar\u00e1 caso por caso la necesidad y urgencia real del servicio solicitado.<\/u><\/p>\n","protected":false},"excerpt":{"rendered":"Quienes deban realizar el control de las condiciones de admisi\u00f3n para recibir asistencia econ\u00f3mica (llamada \u00absubsidio\u00bb) u otro tipo de ayuda (alojamiento en una instituci\u00f3n geri\u00e1trica, asistencia m\u00e9dica, etc.) por parte de este Consulado General, deben escribir un e-mail a: assistenza.mendoza@esteri.it. &nbsp; Los interesados deber\u00e1n adjuntar por mail y en formato PDF: documento de identidad [&hellip;]","protected":false},"author":1,"featured_media":0,"parent":180,"menu_order":8,"comment_status":"closed","ping_status":"closed","template":"","meta":{"footnotes":""},"class_list":["post-189","page","type-page","status-publish","hentry"],"_links":{"self":[{"href":"https:\/\/consmendoza.esteri.it\/es\/wp-json\/wp\/v2\/pages\/189","targetHints":{"allow":["GET"]}}],"collection":[{"href":"https:\/\/consmendoza.esteri.it\/es\/wp-json\/wp\/v2\/pages"}],"about":[{"href":"https:\/\/consmendoza.esteri.it\/es\/wp-json\/wp\/v2\/types\/page"}],"author":[{"embeddable":true,"href":"https:\/\/consmendoza.esteri.it\/es\/wp-json\/wp\/v2\/users\/1"}],"replies":[{"embeddable":true,"href":"https:\/\/consmendoza.esteri.it\/es\/wp-json\/wp\/v2\/comments?post=189"}],"version-history":[{"count":2,"href":"https:\/\/consmendoza.esteri.it\/es\/wp-json\/wp\/v2\/pages\/189\/revisions"}],"predecessor-version":[{"id":1426,"href":"https:\/\/consmendoza.esteri.it\/es\/wp-json\/wp\/v2\/pages\/189\/revisions\/1426"}],"up":[{"embeddable":true,"href":"https:\/\/consmendoza.esteri.it\/es\/wp-json\/wp\/v2\/pages\/180"}],"wp:attachment":[{"href":"https:\/\/consmendoza.esteri.it\/es\/wp-json\/wp\/v2\/media?parent=189"}],"curies":[{"name":"wp","href":"https:\/\/api.w.org\/{rel}","templated":true}]}}