{"id":190,"date":"2023-04-03T19:29:28","date_gmt":"2023-04-03T22:29:28","guid":{"rendered":"https:\/\/consmendoza.esteri.it\/servizi-consolari-e-visti\/servizi-per-il-cittadino-italiano\/servizi-elettorali\/"},"modified":"2024-09-11T12:17:38","modified_gmt":"2024-09-11T15:17:38","slug":"servizi-elettorali","status":"publish","type":"page","link":"https:\/\/consmendoza.esteri.it\/es\/servizi-consolari-e-visti\/servizi-per-il-cittadino-italiano\/servizi-elettorali\/","title":{"rendered":"Servicios electorales"},"content":{"rendered":"<p>Los\u00a0ciudadanos italianos residentes en el extranjero y regularmente inscritos en el AIRE\u00a0(Anagrafe degli Italiani Residenti all\u2019Estero)\u00a0<strong>tienen el derecho de voto en el lugar de residencia para las elecciones pol\u00edticas nacionales<\/strong>, los\u00a0<strong>referendos abrogativos y constitucionales<\/strong>\u00a0seg\u00fan los art\u00edculos 75 y 138 de la Constituci\u00f3n, y las\u00a0<strong>elecciones al Parlamento Europeo<\/strong>.<\/p>\n<p>El voto en el extranjero para las elecciones pol\u00edticas nacionales y los referendos est\u00e1 regulado por la Ley 27 de diciembre de 2001, n. 459, y su Reglamento de aplicaci\u00f3n (D.P.R. 2 de abril de 2003, n. 104), en cumplimiento de los art\u00edculos 48, 56 y 57 de la Constituci\u00f3n, que establecieron la Circunscripci\u00f3n Exterior. La Ley 6 de mayo de 2015, n. 52, (conocida como \u00abItalicum\u00bb) establece que\u00a0los ciudadanos que se encuentren temporalmente en el extranjero por un per\u00edodo de al menos tres meses\u00a0por motivos de trabajo, estudio o tratamiento m\u00e9dico\u00a0<strong>pueden solicitar a su municipio votar en el extranjero por correspondencia<\/strong>.<\/p>\n<p>Esta disposici\u00f3n tendr\u00e1 efecto para las elecciones a la<strong>\u00a0C\u00e1mara de Diputados<\/strong>\u00a0a partir del 1 de julio de 2016, mientras que est\u00e1 vigente de inmediato para cualquier refer\u00e9ndum posterior a la fecha de entrada en vigor de la ley (23 de mayo de 2015).<\/p>\n<p>El\u00a0voto en el extranjero para la elecci\u00f3n de los representantes italianos en el\u00a0<strong>Parlamento Europeo<\/strong>\u00a0est\u00e1 regulado por la ley 24 de enero de 1979, n. 18, y el Decreto-ley 24 de junio de 1994, n. 408 (convertido en ley 3 de agosto de 1994, n. 483).<\/p>\n<p>Los electores italianos\u00a0residentes en el extranjero y regularmente inscritos en el AIRE\u00a0tambi\u00e9n\u00a0<strong>pueden votar en la elecci\u00f3n de los representantes de los COMITES<\/strong>\u00a0(Comitati degli italiani all\u2019estero) seg\u00fan la ley 23 de octubre de 2003, n. 286.<\/p>\n","protected":false},"excerpt":{"rendered":"Los\u00a0ciudadanos italianos residentes en el extranjero y regularmente inscritos en el AIRE\u00a0(Anagrafe degli Italiani Residenti all\u2019Estero)\u00a0tienen el derecho de voto en el lugar de residencia para las elecciones pol\u00edticas nacionales, los\u00a0referendos abrogativos y constitucionales\u00a0seg\u00fan los art\u00edculos 75 y 138 de la Constituci\u00f3n, y las\u00a0elecciones al Parlamento Europeo. El voto en el extranjero para las elecciones [&hellip;]","protected":false},"author":1,"featured_media":0,"parent":180,"menu_order":10,"comment_status":"closed","ping_status":"closed","template":"","meta":{"footnotes":""},"class_list":["post-190","page","type-page","status-publish","hentry"],"_links":{"self":[{"href":"https:\/\/consmendoza.esteri.it\/es\/wp-json\/wp\/v2\/pages\/190","targetHints":{"allow":["GET"]}}],"collection":[{"href":"https:\/\/consmendoza.esteri.it\/es\/wp-json\/wp\/v2\/pages"}],"about":[{"href":"https:\/\/consmendoza.esteri.it\/es\/wp-json\/wp\/v2\/types\/page"}],"author":[{"embeddable":true,"href":"https:\/\/consmendoza.esteri.it\/es\/wp-json\/wp\/v2\/users\/1"}],"replies":[{"embeddable":true,"href":"https:\/\/consmendoza.esteri.it\/es\/wp-json\/wp\/v2\/comments?post=190"}],"version-history":[{"count":2,"href":"https:\/\/consmendoza.esteri.it\/es\/wp-json\/wp\/v2\/pages\/190\/revisions"}],"predecessor-version":[{"id":1729,"href":"https:\/\/consmendoza.esteri.it\/es\/wp-json\/wp\/v2\/pages\/190\/revisions\/1729"}],"up":[{"embeddable":true,"href":"https:\/\/consmendoza.esteri.it\/es\/wp-json\/wp\/v2\/pages\/180"}],"wp:attachment":[{"href":"https:\/\/consmendoza.esteri.it\/es\/wp-json\/wp\/v2\/media?parent=190"}],"curies":[{"name":"wp","href":"https:\/\/api.w.org\/{rel}","templated":true}]}}