{"id":196,"date":"2023-04-03T19:29:38","date_gmt":"2023-04-03T22:29:38","guid":{"rendered":"https:\/\/consmendoza.esteri.it\/servizi-consolari-e-visti\/servizi-per-il-cittadino-italiano\/servizi-notarili\/"},"modified":"2025-01-02T11:08:44","modified_gmt":"2025-01-02T14:08:44","slug":"servizi-notarili","status":"publish","type":"page","link":"https:\/\/consmendoza.esteri.it\/es\/servizi-consolari-e-visti\/servizi-per-il-cittadino-italiano\/servizi-notarili\/","title":{"rendered":"Servicios notariales"},"content":{"rendered":"<p><strong>Asuntos notariales<\/strong><\/p>\n<p>El Consulado ejerce funciones notariales: recibe las actas entre personas vivientes y las de \u00faltima voluntad, es depositaria de las mismas y emite copias o extractos. El servicio notarial del Consulado se brinda a ciudadanos italianos.<\/p>\n<p>A continuaci\u00f3n se detallan algunos de los servicios notariales del Consulado:<\/p>\n<p><strong>1. Poderes<\/strong><\/p>\n<p>Mediante el poder (\u201c<strong>procura<\/strong>\u201d) una persona (fisica o jur\u00eddica) habilita a otra persona actuar en su lugar y en su representaci\u00f3n. El poder puede ser general o especial.<\/p>\n<p>Con el <strong>poder general<\/strong> el interesado asigna al representante la gesti\u00f3n de todos sus negocios, actuales y futuros, con facultades de administrar y disponer de los bienes. El poder general se otorga por tiempo indeterminado, pero se puede revocar.<br \/>\nCon el <strong>poder especial<\/strong> el interesado asigna al representante la gesti\u00f3n de una parte de sus negocios. El poder especial deja de tener vigencia en cuanto se finalice el encargo particular por el cual fue otorgado.<\/p>\n<p><strong>2. Testamento<br \/>\n<\/strong><br \/>\nEl <strong>testamento p\u00fablico<\/strong> es una declaraci\u00f3n escrita de \u00faltima voluntad que el testador presta ante dos testigos y un funcionario habilitado a ejercer las funciones notariales.<br \/>\nEl <strong>testamento secreto<\/strong> es tambi\u00e9n una declaraci\u00f3n escrita de \u00faltima voluntad; en este caso, la Oficina Notarial \u00fanicamente recibe el documento (cuyo contenido se mantiene secreto) y lo deposita en sus archivios.<br \/>\nEl <strong>testamento ol\u00f3grafo<\/strong> debe ser escrito integralmente de pu\u00f1o y letra del interesado. Puede ser depositado en la Oficina Notarial para evitar su extrav\u00edo y asegurar la inmediata publicaci\u00f3n al fallecimiento del testador.<\/p>\n<p><strong>3. Actas p\u00fablicas<br \/>\n<\/strong><br \/>\nSe trata de actos jur\u00eddicos (como, por ejemplo, la donaci\u00f3n) que conforme la ley italiana se deben realizar por escribano p\u00fablico para tener validez en Italia.<\/p>\n<p><strong>4. Certificaciones<br \/>\n<\/strong><br \/>\n<strong>Certificaci\u00f3n de firma<\/strong>: el Consulado puede certificar que un documento procede de una persona certificando la firma de la misma (sin entrar en m\u00e9rito al contenido del documento). Para certificar la firma, es necesario presentarse personalmente ante la Oficina Notarial del Consulado con un documento de identidad y el documento que se quiere certificar.<br \/>\n<strong>Certificaci\u00f3n de fotograf\u00eda<\/strong>: es necesario presentarse personalmente ante la Oficina Notarial con un documento de identidad y tres fotograf\u00edas iguales.<br \/>\n<strong>Certificaci\u00f3n de traducci\u00f3n<\/strong>: el Consulado puede certificar la fidelidad de una traducci\u00f3n al italiano respecto al texto original en espa\u00f1ol.<br \/>\nEstas certificaciones pueden ser utilizadas \u00fanicamente en Italia o ante la Administraci\u00f3n italiana.<\/p>\n<p>&nbsp;<\/p>\n<p><strong>5.\u00a0Renovaci\u00f3n Licencia de Conducir Italiana\/Conversi\u00f3n<\/strong><\/p>\n<p>La renovaci\u00f3n de la licencia de conducir italiana pueden solicitarla EXCLUSIVAMENTE los ciudadanos italianos residentes en la jurisdicci\u00f3n Consular de Mendoza y regularmente inscriptos en nuestro registro Consular.<\/p>\n<p>La licencia, para poder ser renovada en el Consulado, no debe tener m\u00e1s de 3 a\u00f1os desde la fecha de vencimiento.<br \/>\nLa renovaci\u00f3n de la licencia en las Oficinas Consulares consiste en la pr\u00f3rroga del vencimiento de la misma y no autoriza al titular a manejar en Italia hasta que no la haya renovado en los <a href=\"https:\/\/www.ilportaledellautomobilista.it\/gms\/ricerca\/$N\/$N;jsessionid=WbUGwWAhEeeba2pWtOfZX-EU.81798115-e38a-3e2b-a4e3-2d1f405827f3\">\u201cUffici della Motorizzazione Civile\u201d<\/a>.<br \/>\nEl interesado deber\u00e1 presentarse con D.N.I. (pasaporte y\/o carta di identit\u00e0 italiana), licencia de conducir, original y fotocopia, y el certificado m\u00e9dico otorgado por el m\u00e9dico fiduciario de este Consulado.<\/p>\n<p>El solicitante deber\u00e1 pagar el certificado m\u00e9dico. Los honorarios ser\u00e1n definidos por el m\u00e9dico.<\/p>\n<p><strong>SUCESI\u00d3N<\/strong><\/p>\n<p>Tradicionalmente es parte de las funciones consulares la de<strong> tutelar la herencia<\/strong> y, en general, los intereses sucesorios de ciudadanos italianos fallecidos en el extranjero, o cuya defunci\u00f3n (aunque no se trate de un ciudadano italiano) haya de alguna manera interesado un ciudadano italiano.<\/p>\n<p>Las atribuciones consulares en materia sucesoria competen a:<br \/>\n&#8211; la informaci\u00f3n sobre el apertura de la sucesi\u00f3n<br \/>\n&#8211; la transmisi\u00f3n a las autoridades nacionales competentes de las declaraciones de aceptaci\u00f3n o renuncia de la herencia<br \/>\n&#8211; la predisposici\u00f3n de medidas de custodia de bienes en herencia (por pedido del tribunal italiano).<\/p>\n","protected":false},"excerpt":{"rendered":"Asuntos notariales El Consulado ejerce funciones notariales: recibe las actas entre personas vivientes y las de \u00faltima voluntad, es depositaria de las mismas y emite copias o extractos. El servicio notarial del Consulado se brinda a ciudadanos italianos. A continuaci\u00f3n se detallan algunos de los servicios notariales del Consulado: 1. Poderes Mediante el poder (\u201cprocura\u201d) [&hellip;]","protected":false},"author":1,"featured_media":0,"parent":180,"menu_order":12,"comment_status":"closed","ping_status":"closed","template":"","meta":{"footnotes":""},"class_list":["post-196","page","type-page","status-publish","hentry"],"_links":{"self":[{"href":"https:\/\/consmendoza.esteri.it\/es\/wp-json\/wp\/v2\/pages\/196","targetHints":{"allow":["GET"]}}],"collection":[{"href":"https:\/\/consmendoza.esteri.it\/es\/wp-json\/wp\/v2\/pages"}],"about":[{"href":"https:\/\/consmendoza.esteri.it\/es\/wp-json\/wp\/v2\/types\/page"}],"author":[{"embeddable":true,"href":"https:\/\/consmendoza.esteri.it\/es\/wp-json\/wp\/v2\/users\/1"}],"replies":[{"embeddable":true,"href":"https:\/\/consmendoza.esteri.it\/es\/wp-json\/wp\/v2\/comments?post=196"}],"version-history":[{"count":4,"href":"https:\/\/consmendoza.esteri.it\/es\/wp-json\/wp\/v2\/pages\/196\/revisions"}],"predecessor-version":[{"id":2043,"href":"https:\/\/consmendoza.esteri.it\/es\/wp-json\/wp\/v2\/pages\/196\/revisions\/2043"}],"up":[{"embeddable":true,"href":"https:\/\/consmendoza.esteri.it\/es\/wp-json\/wp\/v2\/pages\/180"}],"wp:attachment":[{"href":"https:\/\/consmendoza.esteri.it\/es\/wp-json\/wp\/v2\/media?parent=196"}],"curies":[{"name":"wp","href":"https:\/\/api.w.org\/{rel}","templated":true}]}}