{"id":198,"date":"2023-04-03T19:29:59","date_gmt":"2023-04-03T22:29:59","guid":{"rendered":"https:\/\/consmendoza.esteri.it\/servizi-consolari-e-visti\/servizi-per-il-cittadino-italiano\/autoveicoli-e-patenti-di-guida\/"},"modified":"2025-12-30T10:39:36","modified_gmt":"2025-12-30T13:39:36","slug":"autoveicoli-e-patenti-di-guida","status":"publish","type":"page","link":"https:\/\/consmendoza.esteri.it\/es\/servizi-consolari-e-visti\/servizi-per-il-cittadino-italiano\/autoveicoli-e-patenti-di-guida\/","title":{"rendered":"Veh\u00edculos a motor y permisos de conducci\u00f3n"},"content":{"rendered":"<h4 data-start=\"141\" data-end=\"202\">Renovaci\u00f3n\/Conversi\u00f3n de Licencia de Conducir Italiana<\/h4>\n<p><strong data-start=\"204\" data-end=\"218\">Requisitos<\/strong><\/p>\n<p data-start=\"222\" data-end=\"587\">La renovaci\u00f3n de la licencia italiana puede ser solicitada exclusivamente por ciudadanos italianos residentes en esta circunscripci\u00f3n consular y debidamente inscriptos en el AIRE, o bien por ciudadanos que residan en el extranjero por un per\u00edodo m\u00ednimo de seis meses, o por aquellos registrados en el registro consular con tr\u00e1mite iniciado de inscripci\u00f3n al AIRE.<\/p>\n<p data-start=\"589\" data-end=\"676\">Para poder renovar la licencia, la misma <strong data-start=\"630\" data-end=\"673\">no debe estar vencida por m\u00e1s de 5 a\u00f1os<\/strong>.<\/p>\n<p data-start=\"683\" data-end=\"706\"><strong data-start=\"687\" data-end=\"704\">Documentaci\u00f3n<\/strong><\/p>\n<p data-start=\"708\" data-end=\"747\">El interesado deber\u00e1 presentarse con:<\/p>\n<ul data-start=\"748\" data-end=\"1256\">\n<li data-start=\"748\" data-end=\"848\">\n<p data-start=\"750\" data-end=\"848\">Documento de identidad v\u00e1lido (DNI, C\u00e9dula Mercosur, pasaporte y\/o carta de identidad italiana).<\/p>\n<\/li>\n<li data-start=\"849\" data-end=\"992\">\n<p data-start=\"851\" data-end=\"992\">Una prueba de residencia efectiva dentro de la circunscripci\u00f3n consular (por ejemplo, DNI \u2014aunque sea provisorio\u2014 o facturas de servicios).<\/p>\n<\/li>\n<li data-start=\"993\" data-end=\"1041\">\n<p data-start=\"995\" data-end=\"1041\">Licencia de conducir original + 1 fotocopia.<\/p>\n<\/li>\n<li data-start=\"1042\" data-end=\"1256\">\n<p data-start=\"1044\" data-end=\"1256\">Certificado m\u00e9dico emitido por el m\u00e9dico de referencia de este Consulado General.<br data-start=\"1125\" data-end=\"1128\" \/><em data-start=\"1130\" data-end=\"1254\">El certificado m\u00e9dico es arancelado y el costo corre por cuenta del solicitante, debiendo abonarse directamente al m\u00e9dico.<\/em><\/p>\n<\/li>\n<\/ul>\n<p data-start=\"1258\" data-end=\"1382\"><strong data-start=\"1258\" data-end=\"1280\">M\u00e9dico competente:<\/strong><br data-start=\"1280\" data-end=\"1283\" \/>Judit Sappag \u2013 Tel. +54 9 2616 09-3939<br data-start=\"1321\" data-end=\"1324\" \/>Por favor, contactar a: <a class=\"focus--mouse\" href=\"mailto:assistenza.mendoza@esteri.it\" data-focus-mouse=\"true\">assistenza.mendoza@esteri.it\u00a0<\/a><\/p>\n<p data-start=\"1389\" data-end=\"1464\"><strong data-start=\"1393\" data-end=\"1462\">Solicitud de Baja en el PRA (Registro P\u00fablico Automotor Italiano)<\/strong><\/p>\n<p data-start=\"1466\" data-end=\"1629\">En caso de solicitar la baja definitiva por exportaci\u00f3n al exterior, el interesado o titular deber\u00e1 presentar ante la Oficina Notarial los siguientes documentos:<\/p>\n<ul data-start=\"1631\" data-end=\"3281\">\n<li data-start=\"1631\" data-end=\"1936\">\n<p data-start=\"1633\" data-end=\"1936\">Nota de presentaci\u00f3n de la formalidad. Si se posee el Certificado de Propiedad, se utilizar\u00e1 el reverso del mismo como nota. En ausencia del Certificado de Propiedad, deber\u00e1 usarse el formulario NP3 C en doble original (descargable del sitio web). La nota debe ser completada y firmada por el titular.<\/p>\n<\/li>\n<li data-start=\"1937\" data-end=\"2306\">\n<p data-start=\"1939\" data-end=\"2175\">Fotocopia de la tarjeta de circulaci\u00f3n extranjera emitida por el pa\u00eds donde el veh\u00edculo fue re-matriculado, o constancia de retiro de la tarjeta de circulaci\u00f3n italiana tras la nueva matriculaci\u00f3n, emitida por la autoridad competente.<\/p>\n<ul data-start=\"2178\" data-end=\"2306\">\n<li data-start=\"2178\" data-end=\"2306\">\n<p data-start=\"2180\" data-end=\"2306\">Si el veh\u00edculo fue exportado a un pa\u00eds fuera de la Uni\u00f3n Europea, se requiere adem\u00e1s la <strong data-start=\"2268\" data-end=\"2282\">traducci\u00f3n<\/strong> de dichos documentos.<\/p>\n<\/li>\n<\/ul>\n<\/li>\n<li data-start=\"2307\" data-end=\"2450\">\n<p data-start=\"2309\" data-end=\"2450\">Tarjeta de circulaci\u00f3n italiana original. (En algunos pa\u00edses fuera de la UE puede ser devuelta; en ese caso, debe presentarse el original).<\/p>\n<\/li>\n<li data-start=\"2451\" data-end=\"2723\">\n<p data-start=\"2453\" data-end=\"2723\">Certificado de Propiedad (CdP) o Hoja Complementaria. Si el CdP fue retirado por la autoridad extranjera que re-matricul\u00f3 el veh\u00edculo, el titular debe firmar una <strong data-start=\"2615\" data-end=\"2659\">Declaraci\u00f3n Sustitutiva de Acto Notarial<\/strong> donde declare que el CdP fue retenido por dichas autoridades.<\/p>\n<\/li>\n<li data-start=\"2724\" data-end=\"3020\">\n<p data-start=\"2726\" data-end=\"3020\">Placas de matr\u00edcula: si la baja se realiza despu\u00e9s de la re-matriculaci\u00f3n en el extranjero, <strong data-start=\"2818\" data-end=\"2867\">no es necesario devolver las placas italianas<\/strong>. Si las autoridades extranjeras las devuelven al titular, el Consulado las retira y destruye, enviando al PRA una declaraci\u00f3n de retiro y destrucci\u00f3n.<\/p>\n<\/li>\n<li data-start=\"3021\" data-end=\"3165\">\n<p data-start=\"3023\" data-end=\"3165\">T\u00edtulo de venta (si la baja la presenta alguien que no es el titular registrado en el PRA, deber\u00e1 adjuntar el original del t\u00edtulo de venta).<\/p>\n<\/li>\n<li data-start=\"3166\" data-end=\"3207\">\n<p data-start=\"3168\" data-end=\"3207\">Fotocopia del documento de identidad.<\/p>\n<\/li>\n<li data-start=\"3208\" data-end=\"3281\">\n<p data-start=\"3210\" data-end=\"3281\">Copia del comprobante de giro internacional o transferencia bancaria.<\/p>\n<\/li>\n<\/ul>\n<h3 data-start=\"3288\" data-end=\"3302\"><\/h3>\n<p data-start=\"3288\" data-end=\"3302\"><strong data-start=\"3292\" data-end=\"3300\">Pago<\/strong><\/p>\n<p data-start=\"3304\" data-end=\"3397\">La modalidad de pago ser\u00e1 comunicada al solicitante del servicio por la oficina competente.<\/p>\n<p data-start=\"3404\" data-end=\"3435\"><a href=\"https:\/\/www.aci.it\/i-servizi\/guide-utili\/guida-pratiche-auto\/esportazione.html\"><strong data-start=\"3408\" data-end=\"3433\">Informaci\u00f3n adicional<\/strong><\/a><\/p>\n<h4 data-start=\"3437\" data-end=\"3502\"><\/h4>\n<h4 data-start=\"3437\" data-end=\"3502\"><span style=\"text-decoration: underline;\">Informaci\u00f3n \u00fatil sobre otros tr\u00e1mites que NO se realizan en este Consulado General<\/span><\/h4>\n<p>&nbsp;<\/p>\n<p data-start=\"3437\" data-end=\"3502\"><strong>Validez de la licencia italiana para residentes temporales<\/strong><\/p>\n<p data-start=\"3504\" data-end=\"3798\">Para conducir temporalmente en Argentina, se debe poseer la <strong data-start=\"3564\" data-end=\"3602\">licencia internacional de conducir<\/strong> (permiso internacional) junto con la licencia italiana vigente.<br data-start=\"3666\" data-end=\"3669\" \/>El objetivo del permiso internacional es permitir a las autoridades extranjeras interpretar correctamente la licencia italiana.<\/p>\n<p data-start=\"3800\" data-end=\"4047\">La licencia o permiso internacional es v\u00e1lido para conducir en todos los pa\u00edses europeos y en algunos pa\u00edses fuera de Europa. Es emitido por las oficinas de tr\u00e1nsito italianas y <strong data-start=\"3978\" data-end=\"4044\">debe estar siempre acompa\u00f1ado por la licencia italiana vigente<\/strong>.<\/p>\n<p data-start=\"4049\" data-end=\"4511\">Del mismo modo, para estancias cortas en Italia (por ejemplo, vacaciones), es suficiente llevar una <strong data-start=\"4149\" data-end=\"4171\">traducci\u00f3n oficial<\/strong> de la licencia extranjera para mostrarla en caso de control por parte de las autoridades italianas.<br data-start=\"4271\" data-end=\"4274\" \/>En caso de regreso definitivo a Italia, se puede conducir con la licencia extranjera durante un m\u00e1ximo de <strong data-start=\"4380\" data-end=\"4390\">un a\u00f1o<\/strong> desde la fecha de regreso; despu\u00e9s de ese plazo, ser\u00e1 necesario solicitar la <strong data-start=\"4468\" data-end=\"4508\">conversi\u00f3n de la licencia extranjera<\/strong>.<\/p>\n<h3 data-start=\"4518\" data-end=\"4598\"><\/h3>\n<p data-start=\"4518\" data-end=\"4598\"><strong data-start=\"4522\" data-end=\"4596\">Conversi\u00f3n de la Licencia Italiana en \u201cRegistro de Conducir\u201d Argentino<\/strong><\/p>\n<p data-start=\"4600\" data-end=\"4836\">Quienes trasladen su residencia de Italia a Argentina pueden solicitar la <strong data-start=\"4674\" data-end=\"4712\">conversi\u00f3n de su licencia italiana<\/strong> en una licencia de conducir argentina sin rendir examen. La solicitud debe presentarse ante la <strong data-start=\"4808\" data-end=\"4833\">Direcci\u00f3n de Tr\u00e1nsito<\/strong>.<\/p>\n<p data-start=\"4838\" data-end=\"5183\">El interesado que desee convertir su licencia italiana para obtener la certificaci\u00f3n de los datos de la misma deber\u00e1 presentar \u2014personalmente o mediante un representante\u2014 una solicitud ante las oficinas de <strong data-start=\"5044\" data-end=\"5069\">Motorizzazione Civile<\/strong> en Italia, junto con la documentaci\u00f3n que acredite el pago del impuesto de timbre y las tasas correspondientes.<\/p>\n<p data-start=\"5185\" data-end=\"5367\">Dado que esta certificaci\u00f3n <strong data-start=\"5213\" data-end=\"5292\">no depende del lugar de residencia ni del lugar donde se emiti\u00f3 la licencia<\/strong>, puede solicitarse en <strong data-start=\"5315\" data-end=\"5354\">cualquier oficina de Motorizzazione<\/strong> en Italia.<\/p>\n<p data-start=\"5369\" data-end=\"5588\">Este certificado, para tener validez legal, <strong data-start=\"5413\" data-end=\"5449\">debe estar apostillado en Italia<\/strong> y <strong data-start=\"5452\" data-end=\"5478\">traducido en Argentina<\/strong> por un traductor p\u00fablico.<br data-start=\"5504\" data-end=\"5507\" \/>Si fuera necesario, este Consulado podr\u00e1 <strong data-start=\"5548\" data-end=\"5585\">autenticar la firma del otorgante<\/strong>.<\/p>\n<p data-start=\"5590\" data-end=\"5620\"><strong data-start=\"5590\" data-end=\"5618\">Documentaci\u00f3n necesaria:<\/strong><\/p>\n<ul data-start=\"5621\" data-end=\"5981\">\n<li data-start=\"5621\" data-end=\"5694\">\n<p data-start=\"5623\" data-end=\"5694\">Certificado emitido por la Polic\u00eda Federal que acredite el domicilio.<\/p>\n<\/li>\n<li data-start=\"5695\" data-end=\"5715\">\n<p data-start=\"5697\" data-end=\"5715\">Pasaporte y DNI.<\/p>\n<\/li>\n<li data-start=\"5716\" data-end=\"5797\">\n<p data-start=\"5718\" data-end=\"5797\">Licencia italiana y su traducci\u00f3n al espa\u00f1ol realizada por traductor p\u00fablico.<\/p>\n<\/li>\n<li data-start=\"5798\" data-end=\"5981\">\n<p data-start=\"5800\" data-end=\"5981\">Certificado emitido por la oficina italiana de Motorizzazione que expidi\u00f3 la licencia, donde conste su validez, apostillado en Italia y traducido al espa\u00f1ol por traductor p\u00fablico.<\/p>\n<\/li>\n<\/ul>\n<p data-start=\"5983\" data-end=\"6084\"><em data-start=\"5983\" data-end=\"6082\">La validez de este documento coincide con la vigencia del visado temporal de ingreso a Argentina.<\/em><\/p>\n<p data-start=\"6091\" data-end=\"6169\"><strong data-start=\"6095\" data-end=\"6167\">Conversi\u00f3n del \u201cRegistro de Conducir\u201d Argentino en Licencia Italiana<\/strong><\/p>\n<p data-start=\"6171\" data-end=\"6376\">Para realizar en Italia los tr\u00e1mites de conversi\u00f3n de la licencia argentina a una italiana, el titular deber\u00e1 presentar en la <strong data-start=\"6297\" data-end=\"6350\">Representaci\u00f3n Consular de la Rep\u00fablica Argentina<\/strong> en territorio italiano:<\/p>\n<ul data-start=\"6378\" data-end=\"6770\">\n<li data-start=\"6378\" data-end=\"6634\">\n<p data-start=\"6380\" data-end=\"6634\">\u201cCertificado de legalidad\u201d emitido por la <strong data-start=\"6422\" data-end=\"6447\">Direcci\u00f3n de Tr\u00e1nsito<\/strong> que originalmente expidi\u00f3 la licencia.<br data-start=\"6486\" data-end=\"6489\" \/><em data-start=\"6491\" data-end=\"6632\">Este certificado debe estar apostillado por el Ministerio de Relaciones Exteriores o por el Colegio de Escribanos, y traducido al italiano.<\/em><\/p>\n<\/li>\n<li data-start=\"6635\" data-end=\"6687\">\n<p data-start=\"6637\" data-end=\"6687\">Pasaporte argentino vigente y\/o DNI + fotocopia.<\/p>\n<\/li>\n<li data-start=\"6688\" data-end=\"6770\">\n<p data-start=\"6690\" data-end=\"6770\">Certificado de residencia italiana (emitido por el Municipio correspondiente).<\/p>\n<\/li>\n<\/ul>\n<p data-start=\"6772\" data-end=\"6937\"><em data-start=\"6772\" data-end=\"6935\">Se recomienda confirmar los requisitos mencionados directamente con la Representaci\u00f3n Consular Argentina competente seg\u00fan el lugar de residencia del solicitante.<\/em><\/p>\n","protected":false},"excerpt":{"rendered":"Renovaci\u00f3n\/Conversi\u00f3n de Licencia de Conducir Italiana Requisitos La renovaci\u00f3n de la licencia italiana puede ser solicitada exclusivamente por ciudadanos italianos residentes en esta circunscripci\u00f3n consular y debidamente inscriptos en el AIRE, o bien por ciudadanos que residan en el extranjero por un per\u00edodo m\u00ednimo de seis meses, o por aquellos registrados en el registro consular [&hellip;]","protected":false},"author":1,"featured_media":0,"parent":180,"menu_order":16,"comment_status":"closed","ping_status":"closed","template":"","meta":{"footnotes":""},"class_list":["post-198","page","type-page","status-publish","hentry"],"_links":{"self":[{"href":"https:\/\/consmendoza.esteri.it\/es\/wp-json\/wp\/v2\/pages\/198","targetHints":{"allow":["GET"]}}],"collection":[{"href":"https:\/\/consmendoza.esteri.it\/es\/wp-json\/wp\/v2\/pages"}],"about":[{"href":"https:\/\/consmendoza.esteri.it\/es\/wp-json\/wp\/v2\/types\/page"}],"author":[{"embeddable":true,"href":"https:\/\/consmendoza.esteri.it\/es\/wp-json\/wp\/v2\/users\/1"}],"replies":[{"embeddable":true,"href":"https:\/\/consmendoza.esteri.it\/es\/wp-json\/wp\/v2\/comments?post=198"}],"version-history":[{"count":7,"href":"https:\/\/consmendoza.esteri.it\/es\/wp-json\/wp\/v2\/pages\/198\/revisions"}],"predecessor-version":[{"id":3393,"href":"https:\/\/consmendoza.esteri.it\/es\/wp-json\/wp\/v2\/pages\/198\/revisions\/3393"}],"up":[{"embeddable":true,"href":"https:\/\/consmendoza.esteri.it\/es\/wp-json\/wp\/v2\/pages\/180"}],"wp:attachment":[{"href":"https:\/\/consmendoza.esteri.it\/es\/wp-json\/wp\/v2\/media?parent=198"}],"curies":[{"name":"wp","href":"https:\/\/api.w.org\/{rel}","templated":true}]}}