{"id":199,"date":"2023-04-03T19:30:10","date_gmt":"2023-04-03T22:30:10","guid":{"rendered":"https:\/\/consmendoza.esteri.it\/servizi-consolari-e-visti\/servizi-per-il-cittadino-italiano\/codice-fiscale\/"},"modified":"2026-01-13T12:56:46","modified_gmt":"2026-01-13T15:56:46","slug":"codice-fiscale","status":"publish","type":"page","link":"https:\/\/consmendoza.esteri.it\/es\/servizi-consolari-e-visti\/servizi-per-il-cittadino-italiano\/codice-fiscale\/","title":{"rendered":"C\u00f3digo Fiscal"},"content":{"rendered":"<header class=\"entry-header\">\n<h1 class=\"entry-title h3\">C\u00f3digo Fiscal<\/h1>\n<\/header>\n<div class=\"entry-content\">\n<div class=\"flex flex-grow flex-col gap-3\">\n<div class=\"min-h-[20px] flex flex-col items-start gap-4 whitespace-pre-wrap break-words\">\n<div class=\"markdown prose w-full break-words dark:prose-invert light\">\u00a0El\u00a0<strong>c\u00f3digo fiscal<\/strong>\u00a0es un c\u00f3digo alfanum\u00e9rico emitido por la Agenzia delle Entrate para identificar al ciudadano (italiano o extranjero) en sus relaciones con las entidades privadas y las administraciones p\u00fablicas italianas. Para las personas f\u00edsicas el c\u00f3digo fiscal se determina en base a los datos personales.<\/div>\n<p>Cualquier tr\u00e1mite administrativo (pago de tasas, impuestos, c\u00e1nones, etc.) o actividad comercial\/financiera (aceptaci\u00f3n de herencia, contratos con entidades p\u00fablicas o privadas, solicitud de financiaci\u00f3n, patrocinios, arrendamientos o cesiones de bienes inmuebles etc.) requiere la indicaci\u00f3n del c\u00f3digo fiscal de la persona que lo realice.<\/p>\n<p><strong>Los ciudadanos italianos residentes en el extranjero pueden solicitar el c\u00f3digo fiscal a trav\u00e9s de la Oficina Consular<\/strong>, adem\u00e1s de hacerlo\u00a0<strong>directamente en las oficinas de la Agenzia delle Entrate en Italia<\/strong>, seg\u00fan lo dispuesto en el art\u00edculo 1 del D.M. de implementaci\u00f3n de 17 de mayo de 2001, n. 281, considerando la amplia red y distribuci\u00f3n de las oficinas de la Agencia delle Entrate en Italia.<\/p>\n<p><strong>Los ciudadanos extranjeros no residentes en Italia pueden delegar<\/strong>\u00a0a una persona para presentar el modelo de solicitud del C\u00f3digo Fiscal directamente en las oficinas de la Agenzia delle Entrate en Italia.<\/p>\n<p><u>CIUDADANOS ITALIANOS RESIDENTES EN EL EXTRANJERO INSCRITOS EN AIRE<\/u><\/p>\n<p>Los ciudadanos italianos mayores de edad inscritos en AIRE pueden<strong>\u00a0solicitar el c\u00f3digo fiscal<\/strong>, para s\u00ed mismos y para sus hijos menores de edad, a trav\u00e9s del portal electr\u00f3nico Fast-it, accediendo al servicio correspondiente y siguiendo las indicaciones. A trav\u00e9s del\u00a0<a href=\"https:\/\/serviziconsolari.esteri.it\/ScoFE\/index.sco\"><strong>portal Fast-it<\/strong><\/a>\u00a0tambi\u00e9n podr\u00e1n descargar el certificado de asignaci\u00f3n del c\u00f3digo fiscal, una vez que se haya completado el proceso.<\/p>\n<p><strong><em>\u00bfC\u00f3mo hacerlo?<\/em><\/strong><\/p>\n<ol>\n<li>Accede al\u00a0<a href=\"https:\/\/serviziconsolari.esteri.it\/ScoFE\/index.sco\"><strong>Portale Fast-it<\/strong><\/a>;<\/li>\n<li>Haz clic en \u00abAnagrafe Consolare e AIRE\u00bb y luego en \u00abAttribuzione Codice Fiscale\u00bb;<\/li>\n<li>Confirma los datos y comienza la solicitud;<\/li>\n<li>Una vez procesada la solicitud por el Consulado, podr\u00e1s descargar (download) el certificado de asignaci\u00f3n del C\u00f3digo Fiscal.<\/li>\n<\/ol>\n<p><strong><em>Si no puedes descargar el certificado de asignaci\u00f3n del C\u00f3digo Fiscal:<\/em><\/strong><\/p>\n<ol>\n<li>Reg\u00edstrate en el\u00a0<a href=\"https:\/\/serviziconsolari.esteri.it\/ScoFE\/index.sco\"><strong>portal FAST IT<\/strong><\/a>, o accede si ya tienes una cuenta activa;<\/li>\n<li>Solicita la \u201cAssociazione Online\u201d haciendo clic en \u00abAnagrafe Consolare e AIRE\u00bb y luego en \u00bb Visualizzare la propria scheda anagrafica\u00bb;<\/li>\n<li>Recibir\u00e1s un mensaje en tu correo electr\u00f3nico confirmando la asociaci\u00f3n;<\/li>\n<li>Accede nuevamente al portal y descarga el certificado.<\/li>\n<\/ol>\n<p>Los ciudadanos mayores de edad inscritos en AIRE que ya tienen el c\u00f3digo fiscal pueden\u00a0<strong>descargar directamente el certificado del c\u00f3digo fiscal<\/strong>\u00a0a trav\u00e9s del portal telem\u00e1tico Fast-it accediendo al servicio correspondiente y siguiendo las indicaciones proporcionadas para solicitar el c\u00f3digo fiscal; en este caso no ser\u00e1 necesario la intervenci\u00f3n del Consulado para la emisi\u00f3n del certificado.<\/p>\n<h3><strong><u>CIUDADANOS EXTRANJEROS NO RESIDENTES EN ITALIA<\/u><\/strong><\/h3>\n<p>El ciudadano extranjero no residente en Italia debe\u00a0<strong>delegar<\/strong>\u00a0a una persona para presentar el modelo de solicitud del C\u00f3digo Fiscal directamente en las oficinas de la Agenzia delle Entrate en Italia, seg\u00fan el art\u00edculo 1 del D.M.de implementaci\u00f3n de 17 de mayo de 2001, n. 281.<\/p>\n<p>Las direcciones de las oficinas de la Agenzia delle Entrate est\u00e1n disponibles en el sitio web\u00a0<a href=\"http:\/\/www.agenziaentrate.it\/\">www.agenziaentrate.it<\/a>.<\/p>\n<p><strong>El C\u00f3digo Fiscal puede ser solicitado por el ciudadano extranjero en la Oficina Consular italiana competente por el lugar de residencia solo en los casos en los que el C.F. sea necesario para procedimientos en l\u00ednea y\/o cuando el extranjero no pueda delegar a otra persona para hacer la solicitud en la Agenzia delle Entrate: en estos casos la Oficina Consular enviar\u00e1 la solicitud a la Agenzia delle Entrate en Italia.<\/strong><\/p>\n<p>La solicitud del C\u00f3digo Fiscal, que debe completarse con el <a href=\"https:\/\/consmendoza.esteri.it\/wp-content\/uploads\/2023\/10\/Modulo-richiesta-Codice-Fiscale.pdf\">formulario<\/a>, debe presentarse junto con una copia del documento de identidad y la indicaci\u00f3n de las razones de la solicitud, a trav\u00e9s del correo electr\u00f3nico: menoza.studi@esteri.it<\/p>\n<p>Los\u00a0<strong>estudiantes<\/strong>\u00a0que necesiten el c\u00f3digo fiscal para la preinscripci\u00f3n en la Universidad pueden obtenerlo autom\u00e1ticamente a trav\u00e9s del\u00a0<strong>Portal<\/strong>\u00a0<strong>UNIVERSITALY<\/strong>\u00a0durante la solicitud de preinscripci\u00f3n. La asignaci\u00f3n del C\u00f3digo Fiscal puede perfeccionarse: en el Sportello Unico dell\u2019Immigrazione o en la Questura en el momento de la solicitud del permiso de residencia, para estudiantes extra UE; en la Agenzia delle Entrate mediante la presentaci\u00f3n del formulario AA4\/8, para los estudiantes UE.<\/p>\n<p><strong>Los ciudadanos extranjeros que necesiten el c\u00f3digo fiscal para la compra de inmuebles o para otras actividades comerciales\/financieras<\/strong>\u00a0en Italia pueden delegar a un representante para que solicite el c\u00f3digo fiscal en su nombre a la Agenzia delle Entrate.<\/p>\n<p>A\u00a0<strong>los ciudadanos de pa\u00edses extra UE que deseen residir en Italia<\/strong>\u00a0el c\u00f3digo fiscal se asigna:<\/p>\n<p>-por el Sportello Unico per l\u2019Immigrazione, presente en cada Prefectura y encargado de emitir la visa de entrada para los ciudadanos extranjeros que solicitan un permiso de residencia por trabajo o reagrupaci\u00f3n familiar; o<\/p>\n<p>-por la Questura, oficina de la Polic\u00eda de Estado, para ciudadanos extranjeros que solicitan otros tipos de permisos de residencia.<\/p>\n<p>El ciudadano extranjero que necesite el c\u00f3digo fiscal para\u00a0<strong>iniciar un procedimiento judicial en Italia<\/strong>\u00a0podr\u00e1 incluir entre las delegaciones otorgadas al abogado al que le conf\u00ede el encargo la de solicitar el CF en cualquier oficina de la Agenzia delle Entrate; las direcciones de las oficinas de la Agenzia delle Entrate se pueden encontrar en el sitio web\u00a0<a href=\"http:\/\/www.agenziaentrate.it\/\">www.agenziaentrate.it<\/a>.<\/p>\n<p>&nbsp;<\/p>\n<\/div>\n<\/div>\n<\/div>\n<h3><span style=\"font-size: 16px;\">sado.<\/span><\/h3>\n<div>\n<p>&nbsp;<\/p>\n<\/div>\n","protected":false},"excerpt":{"rendered":"C\u00f3digo Fiscal \u00a0El\u00a0c\u00f3digo fiscal\u00a0es un c\u00f3digo alfanum\u00e9rico emitido por la Agenzia delle Entrate para identificar al ciudadano (italiano o extranjero) en sus relaciones con las entidades privadas y las administraciones p\u00fablicas italianas. Para las personas f\u00edsicas el c\u00f3digo fiscal se determina en base a los datos personales. Cualquier tr\u00e1mite administrativo (pago de tasas, impuestos, c\u00e1nones, [&hellip;]","protected":false},"author":1,"featured_media":0,"parent":180,"menu_order":18,"comment_status":"closed","ping_status":"closed","template":"","meta":{"footnotes":""},"class_list":["post-199","page","type-page","status-publish","hentry"],"_links":{"self":[{"href":"https:\/\/consmendoza.esteri.it\/es\/wp-json\/wp\/v2\/pages\/199","targetHints":{"allow":["GET"]}}],"collection":[{"href":"https:\/\/consmendoza.esteri.it\/es\/wp-json\/wp\/v2\/pages"}],"about":[{"href":"https:\/\/consmendoza.esteri.it\/es\/wp-json\/wp\/v2\/types\/page"}],"author":[{"embeddable":true,"href":"https:\/\/consmendoza.esteri.it\/es\/wp-json\/wp\/v2\/users\/1"}],"replies":[{"embeddable":true,"href":"https:\/\/consmendoza.esteri.it\/es\/wp-json\/wp\/v2\/comments?post=199"}],"version-history":[{"count":5,"href":"https:\/\/consmendoza.esteri.it\/es\/wp-json\/wp\/v2\/pages\/199\/revisions"}],"predecessor-version":[{"id":3441,"href":"https:\/\/consmendoza.esteri.it\/es\/wp-json\/wp\/v2\/pages\/199\/revisions\/3441"}],"up":[{"embeddable":true,"href":"https:\/\/consmendoza.esteri.it\/es\/wp-json\/wp\/v2\/pages\/180"}],"wp:attachment":[{"href":"https:\/\/consmendoza.esteri.it\/es\/wp-json\/wp\/v2\/media?parent=199"}],"curies":[{"name":"wp","href":"https:\/\/api.w.org\/{rel}","templated":true}]}}