{"id":206,"date":"2023-04-03T19:30:35","date_gmt":"2023-04-03T22:30:35","guid":{"rendered":"https:\/\/consmendoza.esteri.it\/servizi-consolari-e-visti\/servizi-per-il-cittadino-italiano\/altri-servizi\/"},"modified":"2025-09-01T09:20:28","modified_gmt":"2025-09-01T12:20:28","slug":"altri-servizi","status":"publish","type":"page","link":"https:\/\/consmendoza.esteri.it\/es\/servizi-consolari-e-visti\/servizi-per-il-cittadino-italiano\/altri-servizi\/","title":{"rendered":"Estudios"},"content":{"rendered":"<div>\n<ul>\n<li><strong>Informaciones Generales<\/strong><\/li>\n<\/ul>\n<p>IMPORTANTE: Se pueden presentar a la Oficina Estudios, previa cita al servicio, los usuarios -ciudadanos italianos y\/o extranjeros- que hayan conseguido el propio t\u00edtulo de estudio en la circunscripci\u00f3n consular de Mendoza, es decir, en las Provincias de Mendoza, San Juan y San Luis.<\/p>\n<p><strong>Para solicitar una cita, se ruega a los interesados comunicarse por correo electr\u00f3nico a mendoza.studi@esteri.it<\/strong><\/p>\n<p>Las gestiones ante la Oficina Estudios del Consulado son gratuitas si resultan necesarias para:<\/p>\n<ul>\n<li>Proseguir estudios;<\/li>\n<li>Becas de estudio;<\/li>\n<li>Equiparaci\u00f3n de estudios;<\/li>\n<\/ul>\n<p>debiendo presentar constancia de inscripci\u00f3n a la Universidad extranjera en original o de la Universidad italiana a trav\u00e9s del correo electr\u00f3nico certificado (PEC).<\/p>\n<p>Los ciudadanos italianos o extranjeros en poder de t\u00edtulos acad\u00e9micos extranjeros \u2013conseguido siguiendo estudios y ex\u00e1menes que tuvieron lugar en el extranjero ante Universidades estatales o legalmente reconocidas \u2013que aspiren a solicitar el reconocimiento en Italia del propio curriculum studiorum a los fines de la obtenci\u00f3n de an\u00e1logo t\u00edtulo acad\u00e9mico italiano, pueden formular solicitud en tal sentido ante una Universidad de su propia elecci\u00f3n.<\/p>\n<p>Para mayor informaci\u00f3n, consultar el sitio del Ministerio de Relaciones Exteriores Italiano <a href=\"https:\/\/www.esteri.it\/it\/diplomazia-culturale-e-diplomazia-scientifica\/cultura\/universita\/riconoscimento_titoli_studio\/\">cliqueando aqu\u00ed.<\/a><\/p>\n<p>&nbsp;<\/p>\n<ul>\n<li><strong>Reconocimiento profesional de los t\u00edtulos<\/strong><\/li>\n<\/ul>\n<p>Los varios Ministerios son responsables de los procedimientos de reconocimiento profesional de los t\u00edtulos conseguidos en el exterior para el acceso a aquellas profesiones sobre las cuales ejercita la vigilancia de los ciudadanos ya sean italianos como extranjeros. Los profesionales en poder de un t\u00edtulo conseguido en un Pa\u00eds no perteneciente a la Uni\u00f3n Europea pueden presentar solicitud de reconocimiento del t\u00edtulo al fin de ejercitar la profesi\u00f3n correspondiente en Italia. Adem\u00e1s de los ciudadanos comunitarios, tambi\u00e9n todo ciudadano extranjero que lo solicite puede obtener el reconocimiento.<\/p>\n<p>Las declaraciones de valor est\u00e1n sujetas al <strong>pago de derechos consulares<\/strong> seg\u00fan la Tarifa consular vigente en el momento de la emisi\u00f3n del acto.<\/p>\n<p>All\u00ed donde el interesado no se presente personalmente deber\u00e1 exhibir, tr\u00e1mite persona encargada, un <strong>poder<\/strong> con adjunta copia de un documento de identidad en curso de validez, del interesado mismo o del delegado (Pasaporte, Documento de identidad, DNI, CI Mercosur, etc.).<\/p>\n<p>Los ciudadanos argentinos o extranjeros para poder ir a Italia por motivos de estudio deber\u00e1n necesariamente solicitar una <strong>visa de tipo D<\/strong> para el ingreso a Italia. Los interesados deben instruir el procedimiento ante la Oficina de Visas de este Consulado (passaporti.mendoza@esteri.it.<\/p>\n<p>Los ciudadanos en poder de doble ciudadan\u00eda (italiana y argentina) no tienen necesidad de Visa para ir a Italia a estudiar.<\/p>\n<p>&nbsp;<\/p>\n<ul>\n<li><strong>Las escuelas en Italia<\/strong><\/li>\n<\/ul>\n<p>Un listado completo de Escuelas Primarias, de nivel Medio y Medio Superior Italianas, estatales y no estatales, es constantemente actualizado por el Ministerio de la Instrucci\u00f3n, de la Universidad y de la Investigaci\u00f3n y es consultable en el <a href=\"https:\/\/www.miur.gov.it\">sitio oficial del MIUR.<\/a><\/p>\n<p>Para la inscripci\u00f3n en escuelas primarias o secundarias en Italia:<\/p>\n<ul>\n<li>Certificaci\u00f3n de los estudios cumplidos con adjunta declaraci\u00f3n de valor expedida por el Consulado de Italia competente;<\/li>\n<\/ul>\n<p>Para la equiparaci\u00f3n del t\u00edtulo de estudio secundario:<\/p>\n<ul>\n<li>T\u00edtulo final de escuela secundaria;<\/li>\n<li>Certificado anal\u00edtico con adjunta Declaraci\u00f3n de Valor expedida por el Consulado de Italia competente;<\/li>\n<li>Eventuales certificados de asistencia a cursos de idioma italiano;<\/li>\n<\/ul>\n<p>&nbsp;<\/p>\n<p>&nbsp;<\/p>\n<ul>\n<li><strong>Las Universidades en Italia<\/strong><\/li>\n<\/ul>\n<p>Noticias de inter\u00e9s general acerca de la organizaci\u00f3n y el funcionamiento de las Universidades italianas se encuentran en la secci\u00f3n del sitio del <a href=\"https:\/\/www.miur.gov.it\">Ministerio de la Instrucci\u00f3n, de la Universidad y de la Investigaci\u00f3n.<\/a><\/p>\n<p>Listas completas de los Ateneos son consultables a trav\u00e9s el especial <a href=\"https:\/\/cercauniversita.cineca.it\">motor de b\u00fasqueda CINECA<\/a> (www.cineca.it \u2013 www.miur.it).<\/p>\n<p>Est\u00e1 presente tambi\u00e9n la p\u00e1gina dedicada a las Universidades en el sitio de la <a href=\"https:\/\/www.crui.it\">CRUI \u2013 Conferencia de los rectores de las Universidades Italianas.<\/a><\/p>\n<p>Los estudiantes extranjeros interesados en efectuar estudios en las Universidades Italianas encontrar\u00e1n noticias \u00fatiles en los lugares a ellos reservados en el sitio del MIUR en la p\u00e1gina relativa a la Oferta formativa (Offerta formativa)<\/p>\n<ol>\n<li>Para la inscripci\u00f3n a las Facultades Universitarias en Italia (obtener la Declaraci\u00f3n de Valor en la Representaci\u00f3n italiana competente por circunscripci\u00f3n consular).<\/li>\n<\/ol>\n<ul>\n<li>T\u00edtulo final de escuela secundaria<\/li>\n<li>Certificado anal\u00edtico<\/li>\n<\/ul>\n<p>La inscripci\u00f3n a Universidades en Italia de ciudadanos extranjeros se efect\u00faa exclusivamente a trav\u00e9s del Consulado y las disposiciones que disciplinan la matriculaci\u00f3n universitaria son publicadas anualmente con las actualizaciones y seg\u00fan t\u00e9rminos y modalidades establecidos por ordenanza ministeriales.<\/p>\n<p>Para informaciones \u00fatiles y fechas de inscripci\u00f3n consultar:<br \/>\n<a href=\"https:\/\/www.studiare-in-italia.it\/studentistranieri\/\">(Ministero dell&#8217;Istruzione dell&#8217;Universit\u00e0 e della Ricerca)<\/a><\/p>\n<p>2. Para el reconocimiento en Italia de los estudios universitario parciales o totales cumplidos en la Rep\u00fablica Argentina<\/p>\n<ul>\n<li>T\u00edtulo final de escuela secundaria;<\/li>\n<li>Certificado anal\u00edtico secundario;<\/li>\n<li>T\u00edtulo universitario;<\/li>\n<li>Certificado anal\u00edtico de los estudios universitarios;<\/li>\n<li>Programas de estudio de la carrera por cada materia (acu\u00f1ados y numerados por la Universidad) no es necesaria legalizaci\u00f3n ni traducci\u00f3n. Para ulteriores informaciones v\u00e9ase el sito del Ministerio de la Instrucci\u00f3n, de la Universidad y de la Investigaci\u00f3n.: www.miur.it<\/li>\n<li>Declaraci\u00f3n expedida por la Universidad que haga constar el efectivo desarrollo de los citados programas de estudio, legalizada con la Apostilla de La haya y traducida (*)<\/li>\n<\/ul>\n<p>&nbsp;<\/p>\n<p>&nbsp;<\/p>\n<ul>\n<li><strong>Equiparaci\u00f3n de t\u00edtulos de estudio<\/strong><\/li>\n<\/ul>\n<p>T\u00edtulos universitarios: los t\u00edtulos de estudio argentinos <strong>no son autom\u00e1ticamente reconocidos en Italia<\/strong>. Los ciudadanos italianos o extranjeros interesados en el reconocimiento acad\u00e9mico de la igualdad de valor y de eficacia (\u201cequipollenza\u201d) de los propios t\u00edtulos de estudio (conseguidos en Instituto de Instrucci\u00f3n oficialmente reconocidos en el exterior) a los correspondientes t\u00edtulos de estudio italianos, pueden formular solicitud en tal sentido ante una Universidad que podr\u00e1 ser elegida por ellos.<\/p>\n<p>T\u00edtulos de escuela secundaria: los ciudadanos italianos o extranjeros deber\u00e1n en cambio dirigirse directamente al Centro Servicios Administrativos (Centro Servizi Amministrativi CSA) o bien Oficina Escolar Provincial (USP) ex Provveditorato agli Studi, para el entero \u00e1mbito territorial de la provincia de pertenencia, pero siempre luego de haber solicitado a la Oficina Estudios del Consulado competente el otorgamiento de la \u201cDeclaraci\u00f3n de valor\u201d.<\/p>\n<p>Los t\u00edtulos de estudio de escuela secundaria argentinos <strong>no son autom\u00e1ticamente reconocidos en Italia<\/strong>. De cualquier manera, de conformidad con cuanto previsto por el Acuerdo Cultural entre Italia y Argentina del 03\/12\/1997, resultan id\u00f3neos para la admisi\u00f3n a las Universidades y a los Institutos Superiores Italianos acompa\u00f1ados de la relativa Declaraci\u00f3n de Valor.<\/p>\n<p>Los t\u00edtulos de estudio obtenidos en el exterior, una vez declarados equiparables a los t\u00edtulos italianos de correspondiente valor (tercer a\u00f1o de escuela de nivel medio, diploma de escuela de nivel medio superior o t\u00edtulo universitario), tienen en Italia valor legal: esto significa, por ejemplo, que la persona en poder de la ciudadan\u00eda italiana tiene derecho de participar en los concursos de la Administraci\u00f3n P\u00fablica italiana.<\/p>\n<ul>\n<li><strong>Declaraci\u00f3n de Valor<\/strong><\/li>\n<\/ul>\n<p>La declaraci\u00f3n de valor es un documento expedido por las autoridades consulares italianas a quienes, habiendo conseguido un t\u00edtulo de estudio ante instituciones de instrucci\u00f3n extranjeras, desean proseguir los estudios en Italia o bien iniciar los procedimientos de equiparaci\u00f3n de T\u00edtulos de Estudio o bien de Reconocimiento profesional.<\/p>\n<p><strong>Nota: La Declaraci\u00f3n de Valor no atribuye alg\u00fan reconocimiento al T\u00edtulo en Italia<\/strong> y tiene como \u00fanica finalidad la de describir el valor adquirido del t\u00edtulo de estudio del Pa\u00eds de origen. El reconocimiento o la equiparaci\u00f3n de los t\u00edtulos son de competencia de las espec\u00edficas Autoridades italianas.<\/p>\n<p>Por lo tanto los extranjeros y los italianos residentes en el exterior podr\u00e1n tener acceso a las Universidades italianas presentando al Consulado una solicitud que deber\u00e1 ser acompa\u00f1ada por la documentaci\u00f3n prescrita. Esta documentaci\u00f3n, junto con la relativa Declaraci\u00f3n de Valor, deber\u00e1 ser aprobada por las competentes autoridades italianas, sobre la base de una valoraci\u00f3n de los t\u00edtulos de estudio conseguidos en el exterior.<\/p>\n<p>Para obtener la Declaraci\u00f3n de Valor de un t\u00edtulo secundario es necesario presentar la siguiente documentaci\u00f3n:<\/p>\n<ul>\n<li>T\u00edtulo final de escuela secundaria (*)<\/li>\n<li>Certificado anal\u00edtico secundario (*)<\/li>\n<li><a href=\"https:\/\/consmendoza.esteri.it\/wp-content\/uploads\/2024\/10\/Domanda-rilascio-dich.-valore.pdf\">Formulario de solicitud\u00a0<\/a><\/li>\n<li>Copia de un documento de identidad<\/li>\n<\/ul>\n<p>Para obtener la Declaraci\u00f3n de Valor de un diploma de especializaci\u00f3n post secundaria (de duraci\u00f3n bianual o trianual) o de un t\u00edtulo universitario es necesario presentar la siguiente documentaci\u00f3n, ver punto (*):<\/p>\n<p><strong>Documentos obligatorios<\/strong><\/p>\n<ul>\n<li>T\u00edtulo universitario o diploma de especializaci\u00f3n post secundario (*)<\/li>\n<li>Certificado anal\u00edtico de los estudios de especializaci\u00f3n post secundarios o universitarios(*)<\/li>\n<li><a href=\"https:\/\/consmendoza.esteri.it\/wp-content\/uploads\/2024\/10\/Domanda-rilascio-dich.-valore.pdf\">Formulario de solicitud\u00a0<\/a><\/li>\n<li>Copia de un documento de identidad<\/li>\n<\/ul>\n<p><strong>Eventualmente:<\/strong><\/p>\n<ul>\n<li>Declaraci\u00f3n expedida por el Instituto o la Universidad que haga constar el efectivo cumplimiento de los citados programas de estudio, legalizada con apostille de La Haya y traducida (*)<\/li>\n<li>Certificaci\u00f3n en original en papel oficial de la Instituci\u00f3n, expedida por la Universidad\/Instituto o Colegio Profesional en la cual conste:<\/li>\n<\/ul>\n<p>a) normas y fuente jur\u00eddica que regula el ejercicio de la profesi\u00f3n (Ministerio, Departamento, Orden o Colegio profesional; etc.) que define la actividad y responsabilidad de la profesi\u00f3n;<\/p>\n<p>b) la Autoridad de Estado competente para el control del ejercicio de la profesi\u00f3n (Ministerio, Departamento, Orden o Colegio Profesional, etc.).<\/p>\n<p>All\u00ed donde en el certificado anal\u00edtico no aparecieran los a\u00f1os de estudio previstos para obtener el t\u00edtulo es necesario presentar:<\/p>\n<ul>\n<li>Certificaci\u00f3n expedida por la Instituci\u00f3n competente, donde conste cuanto expresado m\u00e1s arriba (presentarla en original, si legalizaci\u00f3n ni traducci\u00f3n)<\/li>\n<\/ul>\n<p>All\u00ed donde la Declaraci\u00f3n de Valor sea solicitada para obtener el reconocimiento del t\u00edtulo profesional\/acad\u00e9mico en Italia es necesario presentar:<\/p>\n<ul>\n<li>Certificaci\u00f3n expedida por la Autoridad competente en la cual conste la inscripci\u00f3n en el Orden o Colegio Profesional y el relativo n\u00famero de matr\u00edcula (a presentar en original, legalizada con la Apostille de La Haya y traducci\u00f3n en italiano (*)<\/li>\n<\/ul>\n<p><strong>(*) Modalidad de presentaci\u00f3n de los documentos<\/strong><\/p>\n<ul>\n<li>Con la finalidad de obtener la Declaraci\u00f3n de Valor, todos los documentos deber\u00e1n:<\/li>\n<li>ser presentados en original<\/li>\n<li>legalizados con Apostille de La Haya<\/li>\n<li>traducidos al italiano<\/li>\n<li>una fotocopia de TODA la documentaci\u00f3n (sin declaraci\u00f3n de autenticidad notarial)<\/li>\n<\/ul>\n<p><strong>(*) AUTORIDAD COMPETENTE PARA LA LEGALIZACI\u00d3N DE LOS DOCUMENTOS<\/strong><\/p>\n<ul>\n<li>Ministerio de Educaci\u00f3n<\/li>\n<li>Direcci\u00f3n General de Educaci\u00f3n Superior<\/li>\n<li>Direcci\u00f3n de Educaci\u00f3n Gesti\u00f3n Privada<\/li>\n<li>Ministerio de Educaci\u00f3n de la Naci\u00f3n<\/li>\n<li>Ministerio de Relaciones Exteriores &#8211; \u201cApostille dell\u2019Aja\u201d<\/li>\n<\/ul>\n<p>NOTA: Las traducciones de los t\u00edtulos de estudio y de eventuales certificaciones podr\u00e1n ser efectuadas tambi\u00e9n en Italia. Para las inscripciones a las Universidades se ruega respetar los requisitos de cada Ateneo.<\/p>\n<ul>\n<li><strong>Inscripci\u00f3n en las Universidades<\/strong><\/li>\n<\/ul>\n<p>Al fin de realizar inscripciones universitarias de ciudadanos extranjeros que deseen proseguir los estudios en Universidades italianas, seg\u00fan los t\u00e9rminos y las modalidades establecidos anualmente por ordenanzas ministeriales es necesario:<\/p>\n<p>Consultar las informaciones sobre las normas para el acceso de los estudiantes extranjeros a los cursos universitarios y los procedimientos para la matriculaci\u00f3n en las universidades establecidas anualmente: p\u00e1gina web (Ministero dell&#8217;Istruzione dell&#8217;Universit\u00e0 e della Ricerca)<\/p>\n<p>Obtener una declaraci\u00f3n de valor de los t\u00edtulos expedidos en el exterior ante el Consulado competente extraterritorialmente.<\/p>\n<p><strong>VISA DE ESTUDIO<\/strong> a solicitar ante la Oficina Visas de este Consulado General a <a href=\"mailto:passaporti.mendoza@esteri.it\">passaporti.mendoza@esteri.it<\/a>.<\/p>\n<ul>\n<li><strong>Informaciones \u00fatiles<\/strong><\/li>\n<\/ul>\n<p>T\u00edtulos de estudio conseguidos en Italia<\/p>\n<p>A los interesados que hayan estudiado o conseguido los t\u00edtulos en Italia y deseen continuar los estudios o hacerlos reconocer en Italia, se aconseja efectuar en Italia el recorrido inverso:<\/p>\n<ul>\n<li>Legalizar las fichas de evaluaci\u00f3n, las libretas, los diplomas, los t\u00edtulos, etc., ante las competentes Autoridades italianas;<\/li>\n<li>Legalizar con Apostille de La Haya ante la Procura della Repubblica o la Prefettura competente, es decir, de la provincia en la cual fue conseguido el t\u00edtulo;<\/li>\n<li>Hacer traducir en idioma espa\u00f1ol por un traductor;<\/li>\n<li>Solicitar al Consulado argentino competente por territorio la legalizaci\u00f3n de la traducci\u00f3n y la declaraci\u00f3n de valor de cada documento.<\/li>\n<\/ul>\n<\/div>\n<hr \/>\n","protected":false},"excerpt":{"rendered":"Informaciones Generales IMPORTANTE: Se pueden presentar a la Oficina Estudios, previa cita al servicio, los usuarios -ciudadanos italianos y\/o extranjeros- que hayan conseguido el propio t\u00edtulo de estudio en la circunscripci\u00f3n consular de Mendoza, es decir, en las Provincias de Mendoza, San Juan y San Luis. Para solicitar una cita, se ruega a los interesados [&hellip;]","protected":false},"author":1,"featured_media":0,"parent":180,"menu_order":22,"comment_status":"closed","ping_status":"closed","template":"","meta":{"footnotes":""},"class_list":["post-206","page","type-page","status-publish","hentry"],"_links":{"self":[{"href":"https:\/\/consmendoza.esteri.it\/es\/wp-json\/wp\/v2\/pages\/206","targetHints":{"allow":["GET"]}}],"collection":[{"href":"https:\/\/consmendoza.esteri.it\/es\/wp-json\/wp\/v2\/pages"}],"about":[{"href":"https:\/\/consmendoza.esteri.it\/es\/wp-json\/wp\/v2\/types\/page"}],"author":[{"embeddable":true,"href":"https:\/\/consmendoza.esteri.it\/es\/wp-json\/wp\/v2\/users\/1"}],"replies":[{"embeddable":true,"href":"https:\/\/consmendoza.esteri.it\/es\/wp-json\/wp\/v2\/comments?post=206"}],"version-history":[{"count":7,"href":"https:\/\/consmendoza.esteri.it\/es\/wp-json\/wp\/v2\/pages\/206\/revisions"}],"predecessor-version":[{"id":3083,"href":"https:\/\/consmendoza.esteri.it\/es\/wp-json\/wp\/v2\/pages\/206\/revisions\/3083"}],"up":[{"embeddable":true,"href":"https:\/\/consmendoza.esteri.it\/es\/wp-json\/wp\/v2\/pages\/180"}],"wp:attachment":[{"href":"https:\/\/consmendoza.esteri.it\/es\/wp-json\/wp\/v2\/media?parent=206"}],"curies":[{"name":"wp","href":"https:\/\/api.w.org\/{rel}","templated":true}]}}