{"id":208,"date":"2023-04-03T19:25:23","date_gmt":"2023-04-03T22:25:23","guid":{"rendered":"https:\/\/consmendoza.esteri.it\/servizi-consolari-e-visti\/servizi-per-il-cittadino-straniero\/"},"modified":"2025-07-02T15:08:53","modified_gmt":"2025-07-02T18:08:53","slug":"servizi-per-il-cittadino-straniero","status":"publish","type":"page","link":"https:\/\/consmendoza.esteri.it\/es\/servizi-consolari-e-visti\/servizi-per-il-cittadino-straniero\/","title":{"rendered":"Servicios para el ciudadano extranjero"},"content":{"rendered":"<p><a href=\"https:\/\/consmendoza.esteri.it\/es\/servizi-consolari-e-visti\/servizi-per-il-cittadino-straniero\/ciudadania-y-adopcion\/\">Ciudadan\u00eda y Adopci\u00f3n<\/a><\/p>\n<p><a href=\"https:\/\/consmendoza.esteri.it\/es\/servizi-consolari-e-visti\/servizi-per-il-cittadino-straniero\/reconstruccion\/\">Reconstrucci\u00f3n<\/a><\/p>\n<p><a href=\"https:\/\/consmendoza.esteri.it\/es\/servizi-consolari-e-visti\/servizi-per-il-cittadino-straniero\/hijos-directos-mayores-de-edad\/\">Hijos directos mayores de edad<\/a><\/p>\n<p><a href=\"https:\/\/consmendoza.esteri.it\/es\/servizi-consolari-e-visti\/servizi-per-il-cittadino-straniero\/adquisicion-de-la-ciudadania-por-beneficio-de-ley-hijos-menores-nacidos-en-el-exterior\/\">Adquisici\u00f3n de la ciudadan\u00eda por \u201cbeneficio de ley\u201d (hijos menores nacidos en el exterior)<\/a><\/p>\n<p><a href=\"https:\/\/consmendoza.esteri.it\/es\/servizi-consolari-e-visti\/servizi-per-il-cittadino-straniero\/adquisicion-de-la-ciudadania-de-hijos-menores-convivientes-con-un-progenitor-que-no-es-ciudadano-italiano-desde-el-nacimiento\/\">Adquisici\u00f3n de la ciudadan\u00eda de hijos menores convivientes con un progenitor no ciudadano desde el nacimiento<\/a><\/p>\n<p><a href=\"https:\/\/consmendoza.esteri.it\/es\/servizi-consolari-e-visti\/servizi-per-il-cittadino-straniero\/readquisicion-de-la-ciudadania-ex-art-17-de-la-ley-n-91-1992\/\">Readquisici\u00f3n de la ciudadan\u00eda ex art. 17 de la Ley 91\/1992<\/a><\/p>\n<p><a href=\"https:\/\/consmendoza.esteri.it\/es\/servizi-consolari-e-visti\/servizi-per-il-cittadino-straniero\/readquisicion-por-adhesion-al-acuerdo-italo-argentino-y-revocacion-del-acuerdo\/\">Readquisici\u00f3n de la ciudadan\u00eda por adhesi\u00f3n al Acuerdo \u00edtalo-argentino sobre doble ciudadan\u00eda<\/a><\/p>\n<p><a href=\"https:\/\/consmendoza.esteri.it\/es\/servizi-consolari-e-visti\/servizi-per-il-cittadino-straniero\/reconocimiento-en-base-a-leyes-especiales\/\">Reconocimiento en base a leyes especiales<\/a><\/p>\n<p><a href=\"https:\/\/consmendoza.esteri.it\/es\/servizi-consolari-e-visti\/servizi-per-il-cittadino-straniero\/certificado-de-no-renuncia-reconstruccion-en-un-municipio-italiano\/\">Certificado de no renuncia (reconstrucci\u00f3n en un Municipio italiano)<\/a><\/p>\n<p><a href=\"https:\/\/consmendoza.esteri.it\/wp-content\/uploads\/2025\/01\/Modello-NAT-X-MAT-sito-web-uniforme-versione-2-aggiornata-al-12.12.2024.pdf\">Matrimonio<\/a><\/p>\n<p><a href=\"https:\/\/consmendoza.esteri.it\/es\/servizi-consolari-e-visti\/servizi-per-il-cittadino-straniero\/eleccion-de-ciudadania\/\">Elecci\u00f3n de ciudadan\u00eda<\/a><\/p>\n","protected":false},"excerpt":{"rendered":"Ciudadan\u00eda y Adopci\u00f3n Reconstrucci\u00f3n Hijos directos mayores de edad Adquisici\u00f3n de la ciudadan\u00eda por \u201cbeneficio de ley\u201d (hijos menores nacidos en el exterior) Adquisici\u00f3n de la ciudadan\u00eda de hijos menores convivientes con un progenitor no ciudadano desde el nacimiento Readquisici\u00f3n de la ciudadan\u00eda ex art. 17 de la Ley 91\/1992 Readquisici\u00f3n de la ciudadan\u00eda por [&hellip;]","protected":false},"author":1,"featured_media":0,"parent":146,"menu_order":2,"comment_status":"closed","ping_status":"closed","template":"","meta":{"footnotes":""},"class_list":["post-208","page","type-page","status-publish","hentry"],"_links":{"self":[{"href":"https:\/\/consmendoza.esteri.it\/es\/wp-json\/wp\/v2\/pages\/208","targetHints":{"allow":["GET"]}}],"collection":[{"href":"https:\/\/consmendoza.esteri.it\/es\/wp-json\/wp\/v2\/pages"}],"about":[{"href":"https:\/\/consmendoza.esteri.it\/es\/wp-json\/wp\/v2\/types\/page"}],"author":[{"embeddable":true,"href":"https:\/\/consmendoza.esteri.it\/es\/wp-json\/wp\/v2\/users\/1"}],"replies":[{"embeddable":true,"href":"https:\/\/consmendoza.esteri.it\/es\/wp-json\/wp\/v2\/comments?post=208"}],"version-history":[{"count":6,"href":"https:\/\/consmendoza.esteri.it\/es\/wp-json\/wp\/v2\/pages\/208\/revisions"}],"predecessor-version":[{"id":2922,"href":"https:\/\/consmendoza.esteri.it\/es\/wp-json\/wp\/v2\/pages\/208\/revisions\/2922"}],"up":[{"embeddable":true,"href":"https:\/\/consmendoza.esteri.it\/es\/wp-json\/wp\/v2\/pages\/146"}],"wp:attachment":[{"href":"https:\/\/consmendoza.esteri.it\/es\/wp-json\/wp\/v2\/media?parent=208"}],"curies":[{"name":"wp","href":"https:\/\/api.w.org\/{rel}","templated":true}]}}