{"id":209,"date":"2023-04-03T19:30:48","date_gmt":"2023-04-03T22:30:48","guid":{"rendered":"https:\/\/consmendoza.esteri.it\/servizi-consolari-e-visti\/servizi-per-il-cittadino-straniero\/visti\/"},"modified":"2025-10-13T04:49:18","modified_gmt":"2025-10-13T07:49:18","slug":"visti","status":"publish","type":"page","link":"https:\/\/consmendoza.esteri.it\/es\/servizi-consolari-e-visti\/servizi-per-il-cittadino-straniero\/visti\/","title":{"rendered":"Visas"},"content":{"rendered":"<p>Desde 2006, el Consulado General de Italia en Mendoza ya no tramita solicitudes de visado para Italia, las cuales fueron centralizadas en Buenos Aires para toda la Argentina.<br \/>\nPara consultas, escribir a: <strong><a href=\"mailto:visti.buenosaires@esteri.it\">visti.buenosaires@esteri.it<\/a><\/strong>.<\/p>\n<p>Para m\u00e1s informaci\u00f3n sobre los distintos tipos de visado y los requisitos necesarios para presentar una solicitud, se puede consultar la secci\u00f3n Visti en la p\u00e1gina web del Ministerio de Asuntos Exteriores (<strong><a href=\"http:\/\/www.esteri.it\/visti\">www.esteri.it\/visti<\/a><\/strong>).<\/p>\n<p>Se recuerda que <strong>no necesitan solicitar visado<\/strong> los ciudadanos italianos, los que tienen doble ciudadan\u00eda ni tampoco los ciudadanos argentinos que viajan a Italia por motivos de turismo o negocios, siempre que su estad\u00eda no supere los 90 d\u00edas.<\/p>\n","protected":false},"excerpt":{"rendered":"Desde 2006, el Consulado General de Italia en Mendoza ya no tramita solicitudes de visado para Italia, las cuales fueron centralizadas en Buenos Aires para toda la Argentina. Para consultas, escribir a: visti.buenosaires@esteri.it. Para m\u00e1s informaci\u00f3n sobre los distintos tipos de visado y los requisitos necesarios para presentar una solicitud, se puede consultar la secci\u00f3n [&hellip;]","protected":false},"author":1,"featured_media":0,"parent":208,"menu_order":0,"comment_status":"closed","ping_status":"closed","template":"","meta":{"footnotes":""},"class_list":["post-209","page","type-page","status-publish","hentry"],"_links":{"self":[{"href":"https:\/\/consmendoza.esteri.it\/es\/wp-json\/wp\/v2\/pages\/209","targetHints":{"allow":["GET"]}}],"collection":[{"href":"https:\/\/consmendoza.esteri.it\/es\/wp-json\/wp\/v2\/pages"}],"about":[{"href":"https:\/\/consmendoza.esteri.it\/es\/wp-json\/wp\/v2\/types\/page"}],"author":[{"embeddable":true,"href":"https:\/\/consmendoza.esteri.it\/es\/wp-json\/wp\/v2\/users\/1"}],"replies":[{"embeddable":true,"href":"https:\/\/consmendoza.esteri.it\/es\/wp-json\/wp\/v2\/comments?post=209"}],"version-history":[{"count":6,"href":"https:\/\/consmendoza.esteri.it\/es\/wp-json\/wp\/v2\/pages\/209\/revisions"}],"predecessor-version":[{"id":3195,"href":"https:\/\/consmendoza.esteri.it\/es\/wp-json\/wp\/v2\/pages\/209\/revisions\/3195"}],"up":[{"embeddable":true,"href":"https:\/\/consmendoza.esteri.it\/es\/wp-json\/wp\/v2\/pages\/208"}],"wp:attachment":[{"href":"https:\/\/consmendoza.esteri.it\/es\/wp-json\/wp\/v2\/media?parent=209"}],"curies":[{"name":"wp","href":"https:\/\/api.w.org\/{rel}","templated":true}]}}