{"id":211,"date":"2023-04-03T19:31:10","date_gmt":"2023-04-03T22:31:10","guid":{"rendered":"https:\/\/consmendoza.esteri.it\/servizi-consolari-e-visti\/servizi-per-il-cittadino-straniero\/traduzione-e-legalizzazione-dei-documenti\/"},"modified":"2025-01-02T10:45:09","modified_gmt":"2025-01-02T13:45:09","slug":"traduzione-e-legalizzazione-dei-documenti","status":"publish","type":"page","link":"https:\/\/consmendoza.esteri.it\/es\/servizi-consolari-e-visti\/servizi-per-il-cittadino-straniero\/traduzione-e-legalizzazione-dei-documenti\/","title":{"rendered":"Traducci\u00f3n y legalizaci\u00f3n de documentos"},"content":{"rendered":"<p>La legalizaci\u00f3n es un requisito esencial para que un documento extranjero tenga validez legal en Italia.<\/p>\n<p>Para los Pa\u00edses adheridos a la Convenci\u00f3n de la Haya del 5 de octubre, a la cual se encuentran adheridas Italia y Argentina,\u00a0la legalizaci\u00f3n de los documentos notariales, jur\u00eddicos y de estado civil es sustitu\u00edda por el Apostillado.<\/p>\n<div class=\"flex flex-grow flex-col gap-3\">\n<div class=\"min-h-[20px] flex flex-col items-start gap-4 whitespace-pre-wrap break-words\">\n<div class=\"markdown prose w-full break-words dark:prose-invert light\">\n<p>Tanto la legalizaci\u00f3n como la Apostilla consisten en la certificaci\u00f3n de la calificaci\u00f3n legal del funcionario p\u00fablico que ha firmado el documento, as\u00ed como la autenticidad de su sello.<\/p>\n<p>En Argentina, la Apostilla la realiza tanto el Ministerio de Relaciones Exteriores, como tambi\u00e9n el \u00abColegios de Escribanos\u00bb.<\/p>\n<p>En cuanto a la legalizaci\u00f3n de la firma del traductor p\u00fablico, la misma es realizada por el funcionario competente del \u00abColegio de Traductores\u00bb (registro de traductores).<\/p>\n<p>El documento p\u00fablico argentino ser\u00e1 reconocido como v\u00e1lido en Italia gracias a la Apostilla colocada en el documento y en la traducci\u00f3n. Esto permite a los ciudadanos argentinos evitar acudir a los Consulados para la legalizaci\u00f3n de los documentos.<\/p>\n<p>&nbsp;<\/p>\n<p><strong>Este Consulado General no realiza traducciones de ning\u00fan tipo de documentaci\u00f3n.\u00a0Dichas traducciones deben ser realizadas idealmente por un traductor p\u00fablico oficial.<\/strong><\/p>\n<p>&nbsp;<\/p>\n<p>En caso de que se desee utilizar el servicio de legalizaci\u00f3n del Consulado es posible solicitar los tr\u00e1mites de:<\/p>\n<\/div>\n<\/div>\n<\/div>\n<ul>\n<li><strong>Declaraci\u00f3n de valor de los t\u00edtulos de estudio: <a href=\"mailto:mendoza.studi@esteri.it\">mendoza.studi@esteri.it<\/a><\/strong><\/li>\n<li><strong>Conformidad de traducciones: <a href=\"mailto:anagrafe.mendoza@esteri.it\">anagrafe.mendoza@esteri.it<\/a><\/strong>\n<ul>\n<li><strong>Actas de estado civil<\/strong><\/li>\n<li><strong>Legalizaci\u00f3n para naturalizaci\u00f3n<\/strong><\/li>\n<\/ul>\n<\/li>\n<\/ul>\n<p>&nbsp;<\/p>\n","protected":false},"excerpt":{"rendered":"La legalizaci\u00f3n es un requisito esencial para que un documento extranjero tenga validez legal en Italia. Para los Pa\u00edses adheridos a la Convenci\u00f3n de la Haya del 5 de octubre, a la cual se encuentran adheridas Italia y Argentina,\u00a0la legalizaci\u00f3n de los documentos notariales, jur\u00eddicos y de estado civil es sustitu\u00edda por el Apostillado. Tanto [&hellip;]","protected":false},"author":1,"featured_media":0,"parent":208,"menu_order":10,"comment_status":"closed","ping_status":"closed","template":"","meta":{"footnotes":""},"class_list":["post-211","page","type-page","status-publish","hentry"],"_links":{"self":[{"href":"https:\/\/consmendoza.esteri.it\/es\/wp-json\/wp\/v2\/pages\/211","targetHints":{"allow":["GET"]}}],"collection":[{"href":"https:\/\/consmendoza.esteri.it\/es\/wp-json\/wp\/v2\/pages"}],"about":[{"href":"https:\/\/consmendoza.esteri.it\/es\/wp-json\/wp\/v2\/types\/page"}],"author":[{"embeddable":true,"href":"https:\/\/consmendoza.esteri.it\/es\/wp-json\/wp\/v2\/users\/1"}],"replies":[{"embeddable":true,"href":"https:\/\/consmendoza.esteri.it\/es\/wp-json\/wp\/v2\/comments?post=211"}],"version-history":[{"count":3,"href":"https:\/\/consmendoza.esteri.it\/es\/wp-json\/wp\/v2\/pages\/211\/revisions"}],"predecessor-version":[{"id":2033,"href":"https:\/\/consmendoza.esteri.it\/es\/wp-json\/wp\/v2\/pages\/211\/revisions\/2033"}],"up":[{"embeddable":true,"href":"https:\/\/consmendoza.esteri.it\/es\/wp-json\/wp\/v2\/pages\/208"}],"wp:attachment":[{"href":"https:\/\/consmendoza.esteri.it\/es\/wp-json\/wp\/v2\/media?parent=211"}],"curies":[{"name":"wp","href":"https:\/\/api.w.org\/{rel}","templated":true}]}}