{"id":2256,"date":"2025-03-27T11:53:11","date_gmt":"2025-03-27T14:53:11","guid":{"rendered":"https:\/\/consmendoza.esteri.it\/?page_id=2256"},"modified":"2026-03-19T11:20:46","modified_gmt":"2026-03-19T14:20:46","slug":"carta-de-identidad-electronica-cie","status":"publish","type":"page","link":"https:\/\/consmendoza.esteri.it\/es\/servizi-consolari-e-visti\/servizi-per-il-cittadino-italiano\/carta-de-identidad-electronica-cie\/","title":{"rendered":"Carta de Identidad Electr\u00f3nica (CIE)"},"content":{"rendered":"<h3><strong><span class=\"Y2IQFc\" lang=\"es\">TURNOS: Recordamos a nuestros usuarios que la plataforma Prenot@Mi es actualmente el \u00fanico canal disponible para reservar citas.<\/span><\/strong><\/h3>\n<h3><strong>NO es posible solicitar la emisi\u00f3n de la CIE el mismo d\u00eda del turno para pasaporte. Se deber\u00e1 solicitar un turno para cada servicio desde la plataforma\u00a0<a href=\"https:\/\/prenotami.esteri.it\/\">Prenot@Mi<\/a><\/strong>.<\/h3>\n<p>La Carta d\u2019Identit\u00e0 Elettronica (CIE) es un documento personal, v\u00e1lido para identificarse y circular dentro de la Uni\u00f3n Europea, en algunos Estados adherentes al Acuerdo Schengen (Por ej. Islandia, Noruega y Suiza) y en otros Estados con los cuales hayan acuerdos bilaterales. Antes de empezar un viaje se recomienda consultar el listado \u201cschede Paese\u201d en el sitio\u00a0<a href=\"http:\/\/www.viaggiaresicuri,it\/\">www.viaggiaresicuri.it<\/a>. <em><u>La CIE NO puede ser utilizada para salir de Argentina.<\/u><\/em><\/p>\n<p>Los italianos residentes en la jurisdicci\u00f3n consular del Consulado General de Italia en Mendoza, <u>regularmente inscriptos en el AIRE<\/u> (Registro de los Italianos Residentes en el Exterior), pueden reservar turno para la emisi\u00f3n de la Carta de Identidad Electr\u00f3nica (CIE).<\/p>\n<p><strong>\u00a0<\/strong><\/p>\n<h4><strong>Requisitos<\/strong><\/h4>\n<p>A efectos de la emisi\u00f3n de la CIE es imprescindible que el solicitante:<\/p>\n<ul>\n<li>sea ciudadano italiano regularmente residente en la Circunscripci\u00f3n consular de Mendoza, San Juan o San Luis;<\/li>\n<li>se encuentre inscripto en el AIRE por parte de la comuna italiana de referencia. A tal fin, los interesados deber\u00e1n verificar su propia ficha consular en FASTIT (<a href=\"https:\/\/serviziconsolari.esteri.it\/ScoFE\/index.sco\">cliquear aqu\u00ed<\/a>), controlando tambi\u00e9n que todos los propios datos est\u00e9n correctos y completos (ej. nombres y apellidos).<\/li>\n<li>su acta de nacimiento se encuentre transcripto en Italia, ya que los detalles de la transcripci\u00f3n deben ser reportados en el CIE.<\/li>\n<\/ul>\n<p><strong>ATENCI\u00d3N<\/strong>: en caso que tras las verificaciones, no sea posible proceder a la emisi\u00f3n de la CIE, <strong><u>se cancelar\u00e1 el turno<\/u><\/strong>. El interesado ser\u00e1 informado de los motivos del rechazo y tendr\u00e1 que repetir el procedimiento en el portal Prenot@Mi una vez que su situaci\u00f3n haya sido regularizada de acuerdo a lo comunicado por el Consulado General.<\/p>\n<p>&nbsp;<\/p>\n<h4>\u00bfC\u00f3mo solicitar la CIE?<\/h4>\n<p><strong>Los turnos se asignan exclusivamente a trav\u00e9s del sistema Prenot@Mi<\/strong>. <u>No es posible solicitar por correo electr\u00f3nico o en la ventanilla de atenci\u00f3n al p\u00fablico la emisi\u00f3n o la modificaci\u00f3n de un turno.<\/u><\/p>\n<p>Para reservar una cita para la emisi\u00f3n de la CIE se deber\u00e1 utilizar el siguiente link: <a href=\"https:\/\/prenotami.esteri.it\/\"><strong>https:\/\/prenotami.esteri.it\/<\/strong><\/a><\/p>\n<p>La cita es gratuita y no puede ser cedida a terceros (la solicitud de cita es personal no estando autorizados a tal fin ni agencias ni gestores).<\/p>\n<p>Cada ciudadano mayor de 18 a\u00f1os debe solicitar su cita individualmente. Si la cita es exclusivamente para un hijo menor se deber\u00e1 reservar un turno individual indicando en el campo \u201cnotas\u201d el nombre del menor para quien se requiere la cita.<\/p>\n<p><strong>Documentaci\u00f3n necesaria para la emisi\u00f3n de la CIE<\/strong><\/p>\n<p>El solicitante debe presentarse al turno con:<\/p>\n<ol>\n<li style=\"list-style-type: none;\">\n<ol>\n<li>Formulario de solicitud completo en todas sus partes (para <a href=\"https:\/\/consmendoza.esteri.it\/wp-content\/uploads\/2026\/03\/Modello-_richiesta-CIE-maggiorenne_-2024.pdf\"><u>mayor<\/u><\/a>\u00a0 o <a href=\"https:\/\/consmendoza.esteri.it\/wp-content\/uploads\/2026\/03\/Modello_richiesta_CIE_minori_-2024.pdf\"><u>menor <\/u><\/a>\u00a0de edad);<\/li>\n<li>DNI del solicitante y de todas las personas que deban firmar (original y fotocopia anverso\/reverso);<\/li>\n<li>Pasaporte italiano v\u00e1lido del solicitante (si fuera el caso, original y fotocopia de la p\u00e1gina con la fotograf\u00eda);<\/li>\n<li>Carta d\u2019identit\u00e0 anterior del interesado (si fuera el caso, original y fotocopia anverso y reverso)<\/li>\n<li>Fotograf\u00eda 4&#215;4 cm, fondo blanco de buena calidad. Atenci\u00f3n: se invita a verificar en el sitio web que la fotograf\u00eda respete los <a href=\"https:\/\/www.poliziadistato.it\/statics\/10\/fotografia_passaporto_web.pdf\">requisitos especificados.\u00a0<\/a> Las fotograf\u00edas que no cumplan con dichos requisitos no ser\u00e1n aceptadas;<\/li>\n<li><a href=\"https:\/\/consmendoza.esteri.it\/wp-content\/uploads\/2026\/03\/ATTO-ASSENSO-CIE.pdf\"><u>Acta de consentimiento <\/u><\/a>\u00a0de ambos progenitores en caso de que el interesado sea un menor de 18 a\u00f1os;<\/li>\n<li>Declaraci\u00f3n de extrav\u00edo\/hurto de la carta d\u2019identit\u00e0 anterior si fuera el caso;<\/li>\n<li>Recibo de pago de la tarifa consular para la emisi\u00f3n de la CIE. <a href=\"https:\/\/consmendoza.esteri.it\/es\/servizi-consolari-e-visti\/servizi-per-il-cittadino-italiano\/2998-2\/\">Tariffe Consolari \u2013 Consolato Generale d&#8217;Italia Mendoza<\/a><\/li>\n<\/ol>\n<\/li>\n<\/ol>\n<p>&nbsp;<\/p>\n<h4>Costo de la CIE<\/h4>\n<p>Para poder pagar la tarifa consular relativa a la emisi\u00f3n de la CIE, buscar el \u00edtem\u00a0<em><strong>el art\u00edculo 28c<\/strong><\/em>), en <a href=\"https:\/\/consmendoza.esteri.it\/es\/\">la tabla de derechos consulares publicada en la pagina web del Consulado General de Italia en Mendoza<\/a>.<\/p>\n<p>El pago debe realizarse con una transferencia bancaria dirigida a la cuenta del Consulado General. Encuentra los detalles haciendo <a href=\"https:\/\/consmendoza.esteri.it\/wp-content\/uploads\/2025\/01\/2025_-_instrucciones_para_el_pago_de_tarifas_consulares.pdf\">click aqu\u00ed.<\/a><\/p>\n<h5>El d\u00eda de la cita<\/h5>\n<p>La emisi\u00f3n de la CIE con las huellas digitales y la firma digitalizada\u00a0<strong>requiere de la presencia de la persona que pidi\u00f3 el turno en el Consulado General.<\/strong><\/p>\n<p>Las personas ser\u00e1n recibidas respetando\u00a0<strong>el horario del turno asignado por el sistema Prenot@Mi<\/strong>.<br \/>\nPara la emisi\u00f3n de la CIE a menores de 18 a\u00f1os es necesaria la presencia de ambos progenitores.<br \/>\nEs necesario solicitar una CIE individual para cada menor de edad.<\/p>\n<p><strong>Las CIE no son renovables y tienen una vigencia temporal diferenciada en funci\u00f3n de la edad.<\/strong><\/p>\n<p>La\u00a0<strong>validez temporal<\/strong>\u00a0de la CIE difiere en base a la edad del titular:<br \/>\n\u2022 para menores de 3 a\u00f1os la validez es de 3 a\u00f1os;<br \/>\n\u2022 para menores de 3 a 18 a\u00f1os la validez es de 5 a\u00f1os;<br \/>\n\u2022 para mayores de edad la validez es de 10 a\u00f1os.<\/p>\n<p>&nbsp;<\/p>\n<h4>Emisi\u00f3n de la CIE a menores de edad<\/h4>\n<p>La solicitud de emisi\u00f3n de la CIE para los menores, presentada ante la Oficina el d\u00eda del turno, debe estar firmada por ambos progenitores (o por quien ejerce la responsabilidad parental) o bien ambos progenitores deben presentar sus consentimientos por escrito.<\/p>\n<p><strong>Se informa a los ciudadanos italianos que posean hijos menores de edad que a partir del 14 de junio de 2023 no ser\u00e1 necesario presentar el <a href=\"https:\/\/consmendoza.esteri.it\/wp-content\/uploads\/2025\/03\/ATTO-ASSENSO-CIE.doc\">acta de consentimiento (atto di assenso)<\/a> del otro progenitor para la emisi\u00f3n el propio documento de identidad (pasaporte o CIE), en virtud del D.L. 69\/2023.<\/strong><\/p>\n<p>En lo espec\u00edfico, la modificaci\u00f3n del art\u00edculo 3-bis de la Ley 1185\/1967 indica que, cuando existe un peligro actual y concreto de que una mudanza al exterior de un progenitor pueda derivar en el incumplimiento de sus obligaciones para con su hijo\/a, el otro progenitor podr\u00e1 solicitar una inhibici\u00f3n a la emisi\u00f3n del documento.<\/p>\n<p>El recurso podr\u00e1 ser presentado ante el juez competente en el Tribunal ordinario donde el menor posea la residencia habitual en Italia o, en caso que el menor resida en el exterior, deber\u00e1 ser presentado en el Tribunal correspondiente de acuerdo a la Comuna de inscripci\u00f3n AIRE.<\/p>\n<p>En lo que respecta a la emisi\u00f3n del documento (pasaporte o CIE) para los menores, se mantiene invariable la obligaci\u00f3n del consentimiento firmado por ambos progenitores o por quien ejerza la patria potestad.<\/p>\n<p>El consentimiento para la expedici\u00f3n de la CIE de un menor podr\u00e1 prestarse de una de las siguientes formas:<\/p>\n<ul>\n<li style=\"list-style-type: none;\">\n<ul>\n<li>personalmente en este Consulado el d\u00eda del turno (tenga en cuenta que la persona que otorgue el consentimiento debe poseer un documento de identidad v\u00e1lido, en original y fotocopia simple);<\/li>\n<li>personalmente en cualquier Oficina de la Administraci\u00f3n P\u00fablica italiana autorizada para autenticar firmas: por ejemplo, Questura u otras representaciones diplom\u00e1tico-consulares;<\/li>\n<\/ul>\n<\/li>\n<\/ul>\n<h4><\/h4>\n<h4><\/h4>\n<h4>\u00bfC\u00f3mo se recibe la CIE?<\/h4>\n<p>El documento no se emite en el d\u00eda del turno: la CIE es producida por el Istituto Poligrafico e Zecca dello Stato y posteriormente enviada por correo certificado a cargo de Poste Italiane al domicilio personal o a la direcci\u00f3n indicada por el solicitante. El solicitante puede seguir el env\u00edo de forma independiente online, a trav\u00e9s del c\u00f3digo de seguimiento.<\/p>\n<p><u>El Consulado General no es responsable en caso de eventuales problemas de env\u00edo, para lo cual es necesario dirigirse a Poste Italiane.<\/u><\/p>\n<p>&nbsp;<\/p>\n","protected":false},"excerpt":{"rendered":"TURNOS: Recordamos a nuestros usuarios que la plataforma Prenot@Mi es actualmente el \u00fanico canal disponible para reservar citas. NO es posible solicitar la emisi\u00f3n de la CIE el mismo d\u00eda del turno para pasaporte. Se deber\u00e1 solicitar un turno para cada servicio desde la plataforma\u00a0Prenot@Mi. La Carta d\u2019Identit\u00e0 Elettronica (CIE) es un documento personal, v\u00e1lido [&hellip;]","protected":false},"author":5,"featured_media":0,"parent":180,"menu_order":0,"comment_status":"closed","ping_status":"closed","template":"","meta":{"footnotes":""},"class_list":["post-2256","page","type-page","status-publish","hentry"],"_links":{"self":[{"href":"https:\/\/consmendoza.esteri.it\/es\/wp-json\/wp\/v2\/pages\/2256","targetHints":{"allow":["GET"]}}],"collection":[{"href":"https:\/\/consmendoza.esteri.it\/es\/wp-json\/wp\/v2\/pages"}],"about":[{"href":"https:\/\/consmendoza.esteri.it\/es\/wp-json\/wp\/v2\/types\/page"}],"author":[{"embeddable":true,"href":"https:\/\/consmendoza.esteri.it\/es\/wp-json\/wp\/v2\/users\/5"}],"replies":[{"embeddable":true,"href":"https:\/\/consmendoza.esteri.it\/es\/wp-json\/wp\/v2\/comments?post=2256"}],"version-history":[{"count":6,"href":"https:\/\/consmendoza.esteri.it\/es\/wp-json\/wp\/v2\/pages\/2256\/revisions"}],"predecessor-version":[{"id":3748,"href":"https:\/\/consmendoza.esteri.it\/es\/wp-json\/wp\/v2\/pages\/2256\/revisions\/3748"}],"up":[{"embeddable":true,"href":"https:\/\/consmendoza.esteri.it\/es\/wp-json\/wp\/v2\/pages\/180"}],"wp:attachment":[{"href":"https:\/\/consmendoza.esteri.it\/es\/wp-json\/wp\/v2\/media?parent=2256"}],"curies":[{"name":"wp","href":"https:\/\/api.w.org\/{rel}","templated":true}]}}