{"id":2333,"date":"2025-03-31T14:37:57","date_gmt":"2025-03-31T17:37:57","guid":{"rendered":"https:\/\/consmendoza.esteri.it\/?page_id=2333"},"modified":"2025-03-31T14:51:27","modified_gmt":"2025-03-31T17:51:27","slug":"servicio-militar","status":"publish","type":"page","link":"https:\/\/consmendoza.esteri.it\/es\/servizi-consolari-e-visti\/servizi-per-il-cittadino-italiano\/servicio-militar\/","title":{"rendered":"Servicio militar"},"content":{"rendered":"<p>La Ley del 23 de agosto de 2004, nro. 226 (G.U. n. 204 del 31\/8\/2004), dispone que\u00a0a partir del 1\u00b0 de enero de 2005, luego de la derogaci\u00f3n del servicio militar obligatorio en tiempo de paz, ya no existe la obligaci\u00f3n de presentarse ante el Consulado para \u201cregularizar\u201d la situaci\u00f3n militar.<\/p>\n<p>En el a\u00f1o 2007, fu\u00e9 creado un ej\u00e9rcito de voluntarios abierto tambi\u00e9n para las damas.<\/p>\n<p>Los ciudadanos italianos que pretendan ir a Italia para prestar servicio militar voluntario no pueden usufruir de los beneficios de la Ley 433\/66, que disciplina la repatriaci\u00f3n a costa del Estado exclusivamente para las obligaciones de servicio militar.<\/p>\n","protected":false},"excerpt":{"rendered":"La Ley del 23 de agosto de 2004, nro. 226 (G.U. n. 204 del 31\/8\/2004), dispone que\u00a0a partir del 1\u00b0 de enero de 2005, luego de la derogaci\u00f3n del servicio militar obligatorio en tiempo de paz, ya no existe la obligaci\u00f3n de presentarse ante el Consulado para \u201cregularizar\u201d la situaci\u00f3n militar. En el a\u00f1o 2007, [&hellip;]","protected":false},"author":5,"featured_media":0,"parent":180,"menu_order":0,"comment_status":"closed","ping_status":"closed","template":"","meta":{"footnotes":""},"class_list":["post-2333","page","type-page","status-publish","hentry"],"_links":{"self":[{"href":"https:\/\/consmendoza.esteri.it\/es\/wp-json\/wp\/v2\/pages\/2333","targetHints":{"allow":["GET"]}}],"collection":[{"href":"https:\/\/consmendoza.esteri.it\/es\/wp-json\/wp\/v2\/pages"}],"about":[{"href":"https:\/\/consmendoza.esteri.it\/es\/wp-json\/wp\/v2\/types\/page"}],"author":[{"embeddable":true,"href":"https:\/\/consmendoza.esteri.it\/es\/wp-json\/wp\/v2\/users\/5"}],"replies":[{"embeddable":true,"href":"https:\/\/consmendoza.esteri.it\/es\/wp-json\/wp\/v2\/comments?post=2333"}],"version-history":[{"count":1,"href":"https:\/\/consmendoza.esteri.it\/es\/wp-json\/wp\/v2\/pages\/2333\/revisions"}],"predecessor-version":[{"id":2335,"href":"https:\/\/consmendoza.esteri.it\/es\/wp-json\/wp\/v2\/pages\/2333\/revisions\/2335"}],"up":[{"embeddable":true,"href":"https:\/\/consmendoza.esteri.it\/es\/wp-json\/wp\/v2\/pages\/180"}],"wp:attachment":[{"href":"https:\/\/consmendoza.esteri.it\/es\/wp-json\/wp\/v2\/media?parent=2333"}],"curies":[{"name":"wp","href":"https:\/\/api.w.org\/{rel}","templated":true}]}}