{"id":2847,"date":"2025-07-02T13:44:07","date_gmt":"2025-07-02T16:44:07","guid":{"rendered":"https:\/\/consmendoza.esteri.it\/?page_id=2847"},"modified":"2025-07-02T13:44:29","modified_gmt":"2025-07-02T16:44:29","slug":"adquisicion-de-la-ciudadania-de-hijos-menores-convivientes-con-un-progenitor-que-no-es-ciudadano-italiano-desde-el-nacimiento","status":"publish","type":"page","link":"https:\/\/consmendoza.esteri.it\/es\/servizi-consolari-e-visti\/servizi-per-il-cittadino-straniero\/adquisicion-de-la-ciudadania-de-hijos-menores-convivientes-con-un-progenitor-que-no-es-ciudadano-italiano-desde-el-nacimiento\/","title":{"rendered":"Adquisici\u00f3n de la Ciudadan\u00eda de hijos menores convivientes con un progenitor que no es ciudadano italiano desde el nacimiento"},"content":{"rendered":"<p><strong>Adquisici\u00f3n de la Ciudadan\u00eda de hijos menores convivientes con un progenitor que no es ciudadano italiano desde el nacimiento<\/strong><\/p>\n<p>El art\u00edculo 14 de la Ley n. 91\/1992, modificado por el Decreto-Ley n. 36\/2025 y convertido en ley mediante la Ley n. 74\/2025, establece que, para adquirir la ciudadan\u00eda por esta v\u00eda<strong>, el hijo de ciudadanos italianos no desde el nacimiento debe residir legalmente en Italia desde hace al menos dos a\u00f1os continuos en el momento de la adquisici\u00f3n o readquisici\u00f3n de la ciudadan\u00eda italiana por parte del progenitor<\/strong> (si el hijo tiene menos de dos a\u00f1os, debe haber residido en Italia desde su nacimiento).<\/p>\n<p>A tener en cuenta:<\/p>\n<ul>\n<li>En caso de que el tr\u00e1mite de reconocimiento de la ciudadan\u00eda <em>iure communicatione<\/em> se encuadre, por su modalidad de presentaci\u00f3n, en las excepciones previstas en las letras a), a-bis) o b) del art\u00edculo 3-bis de la Ley n. 91\/1992 (es decir, solicitud \u2014administrativa o judicial\u2014 presentada antes del 27 de marzo de 2025, o solicitud presentada a trav\u00e9s de un turno fijado antes del 27 de marzo de 2025), se aplicar\u00e1 la normativa anterior.<\/li>\n<li>Si el tr\u00e1mite de reconocimiento de la ciudadan\u00eda <em>iure communicatione<\/em> se ha presentado a partir del 28 de marzo de 2025, es necesario que el progenitor que transmite la ciudadan\u00eda sea exclusivamente ciudadano italiano o haya residido en Italia durante dos a\u00f1os antes del nacimiento del hijo.<\/li>\n<li>Si <strong>la adquisici\u00f3n o readquisici\u00f3n de la ciudadan\u00eda por parte del progenitor ocurre a partir del 24 de mayo de 2025<\/strong>, el hijo conviviente con el progenitor que adquiere o readquiere la ciudadan\u00eda italiana debe haber residido en Italia durante al menos dos a\u00f1os antes de la naturalizaci\u00f3n del progenitor<strong>. En este caso, la competencia para verificar la adquisici\u00f3n de la ciudadan\u00eda por parte del menor corresponder\u00e1 al Municipio italiano de residencia.<\/strong><\/li>\n<\/ul>\n","protected":false},"excerpt":{"rendered":"Adquisici\u00f3n de la Ciudadan\u00eda de hijos menores convivientes con un progenitor que no es ciudadano italiano desde el nacimiento El art\u00edculo 14 de la Ley n. 91\/1992, modificado por el Decreto-Ley n. 36\/2025 y convertido en ley mediante la Ley n. 74\/2025, establece que, para adquirir la ciudadan\u00eda por esta v\u00eda, el hijo de ciudadanos [&hellip;]","protected":false},"author":5,"featured_media":0,"parent":208,"menu_order":4,"comment_status":"closed","ping_status":"closed","template":"","meta":{"footnotes":""},"class_list":["post-2847","page","type-page","status-publish","hentry"],"_links":{"self":[{"href":"https:\/\/consmendoza.esteri.it\/es\/wp-json\/wp\/v2\/pages\/2847","targetHints":{"allow":["GET"]}}],"collection":[{"href":"https:\/\/consmendoza.esteri.it\/es\/wp-json\/wp\/v2\/pages"}],"about":[{"href":"https:\/\/consmendoza.esteri.it\/es\/wp-json\/wp\/v2\/types\/page"}],"author":[{"embeddable":true,"href":"https:\/\/consmendoza.esteri.it\/es\/wp-json\/wp\/v2\/users\/5"}],"replies":[{"embeddable":true,"href":"https:\/\/consmendoza.esteri.it\/es\/wp-json\/wp\/v2\/comments?post=2847"}],"version-history":[{"count":1,"href":"https:\/\/consmendoza.esteri.it\/es\/wp-json\/wp\/v2\/pages\/2847\/revisions"}],"predecessor-version":[{"id":2850,"href":"https:\/\/consmendoza.esteri.it\/es\/wp-json\/wp\/v2\/pages\/2847\/revisions\/2850"}],"up":[{"embeddable":true,"href":"https:\/\/consmendoza.esteri.it\/es\/wp-json\/wp\/v2\/pages\/208"}],"wp:attachment":[{"href":"https:\/\/consmendoza.esteri.it\/es\/wp-json\/wp\/v2\/media?parent=2847"}],"curies":[{"name":"wp","href":"https:\/\/api.w.org\/{rel}","templated":true}]}}