{"id":2857,"date":"2025-07-02T13:45:41","date_gmt":"2025-07-02T16:45:41","guid":{"rendered":"https:\/\/consmendoza.esteri.it\/?page_id=2857"},"modified":"2025-07-02T13:47:22","modified_gmt":"2025-07-02T16:47:22","slug":"readquisicion-de-la-ciudadania-ex-art-17-de-la-ley-n-91-1992","status":"publish","type":"page","link":"https:\/\/consmendoza.esteri.it\/es\/servizi-consolari-e-visti\/servizi-per-il-cittadino-straniero\/readquisicion-de-la-ciudadania-ex-art-17-de-la-ley-n-91-1992\/","title":{"rendered":"Readquisici\u00f3n de la ciudadan\u00eda ex art. 17 de la Ley n. 91\/1992"},"content":{"rendered":"<p>Readquisici\u00f3n de la ciudadan\u00eda ex art. 17 de la Ley n. 91\/1992<\/p>\n<p>La Ley n. 74 del 23 de mayo de 2025 ha reabierto los plazos para la readquisici\u00f3n de la ciudadan\u00eda a favor de ex ciudadanos nacidos en Italia o que hayan residido en Italia durante al menos dos a\u00f1os continuos y que hayan perdido la ciudadan\u00eda hasta la fecha del 15 de agosto de 1992, en aplicaci\u00f3n del art\u00edculo 8, n. 1 y 2, o del art\u00edculo 12 de la Ley n. 555 de 1912 (naturalizaci\u00f3n en Pa\u00eds extranjero, renuncia a la ciudadan\u00eda tras adquisici\u00f3n involuntaria de otra ciudadan\u00eda, hijos menores convivientes con progenitor que perdi\u00f3 la ciudadan\u00eda). Esta posibilidad no se aplica a quienes hayan renunciado a la ciudadan\u00eda italiana (o la hayan perdido por otro motivo) a partir del 16 de agosto de 1992.<\/p>\n<p>Las declaraciones de readquisici\u00f3n podr\u00e1n presentarse entre el 1 de julio de 2025 y el 31 de diciembre de 2027.<\/p>\n<p>Seg\u00fan el art\u00edculo 15 de la Ley n. 91 de 1992, la ciudadan\u00eda no se readquiere desde el nacimiento, sino desde el d\u00eda siguiente a la declaraci\u00f3n.<\/p>\n<p>Turnos<\/p>\n<p>Para presentar la declaraci\u00f3n de readquisici\u00f3n de la ciudadan\u00eda es necesario:<\/p>\n<ol>\n<li>Obtener un turno virtual a trav\u00e9s del portal Prenot@mi, seleccionando la opci\u00f3n \u201cReadquisici\u00f3n ex art. 17, Ley n. 91\/1992\u201d;<\/li>\n<li>Cargar en el sistema toda la documentaci\u00f3n indicada m\u00e1s abajo;<\/li>\n<li>Esperar el correo de convocatoria para firmar personalmente la declaraci\u00f3n en el Consulado General ante el Funcionario delegado y entregar la documentaci\u00f3n original completa.<\/li>\n<\/ol>\n<p>Documentaci\u00f3n<\/p>\n<p>El interesado debe presentar:<\/p>\n<ol>\n<li>Documento de identidad v\u00e1lido emitido por la autoridad del pa\u00eds de ciudadan\u00eda actual;<\/li>\n<li>Acta de nacimiento:\n<ul>\n<li>en original, firmada y sellada por el Oficial del Registro Civil;<\/li>\n<li>apostillada si fue emitida en un pa\u00eds distinto de Italia o Argentina;<\/li>\n<li>traducida al italiano (la traducci\u00f3n debe realizarse en el Pa\u00eds donde se emiti\u00f3 el acta y legalizarse si no se hizo en Argentina);<\/li>\n<\/ul>\n<\/li>\n<li>Para nacidos en el extranjero, certificado hist\u00f3rico de residencia emitido por el Municipio italiano competente;<\/li>\n<li>Certificado hist\u00f3rico de ciudadan\u00eda;<\/li>\n<li>Documentaci\u00f3n que acredite la causa y la fecha de la p\u00e9rdida de la ciudadan\u00eda (debe demostrarse la adquisici\u00f3n de la ciudadan\u00eda extranjera y, en los casos previstos, la renuncia a la italiana).\u00a0\u00a0\u00a0\u00a0 En particular, el certificado de naturalizaci\u00f3n debe ser emitido por la autoridad competente (en Argentina, la \u201cC\u00e1mara Nacional Electoral\u201d). Si fue emitido en un Pa\u00eds distinto de Argentina, debe estar apostillado y traducido al italiano (la traducci\u00f3n debe realizarse en el pa\u00eds de emisi\u00f3n y legalizarse debidamente);<\/li>\n<li>Comprobante del pago de la tasa consular.<\/li>\n<\/ol>\n<p>Pago<\/p>\n<p>Se recuerda que para la tramitaci\u00f3n de la solicitud de readquisici\u00f3n de la ciudadan\u00eda italiana se deben abonar derechos consulares por un importe de \u20ac250, a pagar en pesos argentinos al tipo de cambio consular oficial. Este importe se exige por la tramitaci\u00f3n del expediente, independientemente del resultado. En caso de no reconocimiento, no se reembolsar\u00e1 el importe pagado.<\/p>\n<p>Email: <span style=\"text-decoration: underline;\">cittadinanza.mendoza@esteri.it\u00a0<\/span><\/p>\n","protected":false},"excerpt":{"rendered":"Readquisici\u00f3n de la ciudadan\u00eda ex art. 17 de la Ley n. 91\/1992 La Ley n. 74 del 23 de mayo de 2025 ha reabierto los plazos para la readquisici\u00f3n de la ciudadan\u00eda a favor de ex ciudadanos nacidos en Italia o que hayan residido en Italia durante al menos dos a\u00f1os continuos y que hayan [&hellip;]","protected":false},"author":5,"featured_media":0,"parent":208,"menu_order":5,"comment_status":"closed","ping_status":"closed","template":"","meta":{"footnotes":""},"class_list":["post-2857","page","type-page","status-publish","hentry"],"_links":{"self":[{"href":"https:\/\/consmendoza.esteri.it\/es\/wp-json\/wp\/v2\/pages\/2857","targetHints":{"allow":["GET"]}}],"collection":[{"href":"https:\/\/consmendoza.esteri.it\/es\/wp-json\/wp\/v2\/pages"}],"about":[{"href":"https:\/\/consmendoza.esteri.it\/es\/wp-json\/wp\/v2\/types\/page"}],"author":[{"embeddable":true,"href":"https:\/\/consmendoza.esteri.it\/es\/wp-json\/wp\/v2\/users\/5"}],"replies":[{"embeddable":true,"href":"https:\/\/consmendoza.esteri.it\/es\/wp-json\/wp\/v2\/comments?post=2857"}],"version-history":[{"count":1,"href":"https:\/\/consmendoza.esteri.it\/es\/wp-json\/wp\/v2\/pages\/2857\/revisions"}],"predecessor-version":[{"id":2860,"href":"https:\/\/consmendoza.esteri.it\/es\/wp-json\/wp\/v2\/pages\/2857\/revisions\/2860"}],"up":[{"embeddable":true,"href":"https:\/\/consmendoza.esteri.it\/es\/wp-json\/wp\/v2\/pages\/208"}],"wp:attachment":[{"href":"https:\/\/consmendoza.esteri.it\/es\/wp-json\/wp\/v2\/media?parent=2857"}],"curies":[{"name":"wp","href":"https:\/\/api.w.org\/{rel}","templated":true}]}}