{"id":2916,"date":"2025-07-02T15:05:27","date_gmt":"2025-07-02T18:05:27","guid":{"rendered":"https:\/\/consmendoza.esteri.it\/?page_id=2916"},"modified":"2025-07-02T15:06:11","modified_gmt":"2025-07-02T18:06:11","slug":"eleccion-de-ciudadania","status":"publish","type":"page","link":"https:\/\/consmendoza.esteri.it\/es\/servizi-consolari-e-visti\/servizi-per-il-cittadino-straniero\/eleccion-de-ciudadania\/","title":{"rendered":"Elecci\u00f3n de ciudadan\u00eda"},"content":{"rendered":"<p><strong>Elecci\u00f3n de ciudadan\u00eda<\/strong><\/p>\n<p>En caso de que el reconocimiento o la declaraci\u00f3n judicial involucre a\u00a0<strong>un mayor de edad<\/strong>, este adquirir\u00e1 la ciudadan\u00eda italiana con efecto a partir de la fecha de nacimiento solo si manifieste \u00a0su voluntad en tal sentido a trav\u00e9s del acto jur\u00eddico de\u00a0<strong>&lt;&lt;elecci\u00f3n de la ciudadan\u00eda&gt;&gt;.<\/strong><\/p>\n<p>La elecci\u00f3n de ciudadan\u00eda es v\u00e1lida solo si se realiza\u00a0<strong>dentro de un a\u00f1o desde la efectividad del acto\u00a0<\/strong>(reconocimiento o declaraci\u00f3n judicial)\u00a0<strong>seg\u00fan el ordenamiento italiano<\/strong>\u00a0(<a href=\"https:\/\/www.gazzettaufficiale.it\/eli\/id\/1992\/02\/15\/092G0162\/sg\">art\u00edculo 2, p\u00e1rrafo 2, ley n. 91\/1992<\/a>).<\/p>\n<p>La elecci\u00f3n de ciudadan\u00eda solo puede llevarse a cabo si el padre o madre del cual se desea adquirir el\u00a0<em>status civitatis<\/em>\u00a0ha sido reconocido como ciudadano italiano.<\/p>\n<p><strong>Los solicitantes deber\u00e1n contactar con la Oficina de Ciudadan\u00eda (<a href=\"mailto:cittadinanza.buenosaires@esteri.it\">cittadinanza.mendoza@esteri.it<\/a>) para obtener informaci\u00f3n sobre el turno y la documentaci\u00f3n requerida.<\/strong><\/p>\n","protected":false},"excerpt":{"rendered":"Elecci\u00f3n de ciudadan\u00eda En caso de que el reconocimiento o la declaraci\u00f3n judicial involucre a\u00a0un mayor de edad, este adquirir\u00e1 la ciudadan\u00eda italiana con efecto a partir de la fecha de nacimiento solo si manifieste \u00a0su voluntad en tal sentido a trav\u00e9s del acto jur\u00eddico de\u00a0&lt;&lt;elecci\u00f3n de la ciudadan\u00eda&gt;&gt;. La elecci\u00f3n de ciudadan\u00eda es v\u00e1lida [&hellip;]","protected":false},"author":5,"featured_media":0,"parent":208,"menu_order":9,"comment_status":"closed","ping_status":"closed","template":"","meta":{"footnotes":""},"class_list":["post-2916","page","type-page","status-publish","hentry"],"_links":{"self":[{"href":"https:\/\/consmendoza.esteri.it\/es\/wp-json\/wp\/v2\/pages\/2916","targetHints":{"allow":["GET"]}}],"collection":[{"href":"https:\/\/consmendoza.esteri.it\/es\/wp-json\/wp\/v2\/pages"}],"about":[{"href":"https:\/\/consmendoza.esteri.it\/es\/wp-json\/wp\/v2\/types\/page"}],"author":[{"embeddable":true,"href":"https:\/\/consmendoza.esteri.it\/es\/wp-json\/wp\/v2\/users\/5"}],"replies":[{"embeddable":true,"href":"https:\/\/consmendoza.esteri.it\/es\/wp-json\/wp\/v2\/comments?post=2916"}],"version-history":[{"count":1,"href":"https:\/\/consmendoza.esteri.it\/es\/wp-json\/wp\/v2\/pages\/2916\/revisions"}],"predecessor-version":[{"id":2917,"href":"https:\/\/consmendoza.esteri.it\/es\/wp-json\/wp\/v2\/pages\/2916\/revisions\/2917"}],"up":[{"embeddable":true,"href":"https:\/\/consmendoza.esteri.it\/es\/wp-json\/wp\/v2\/pages\/208"}],"wp:attachment":[{"href":"https:\/\/consmendoza.esteri.it\/es\/wp-json\/wp\/v2\/media?parent=2916"}],"curies":[{"name":"wp","href":"https:\/\/api.w.org\/{rel}","templated":true}]}}