{"id":3448,"date":"2026-01-19T10:02:26","date_gmt":"2026-01-19T13:02:26","guid":{"rendered":"https:\/\/consmendoza.esteri.it\/?page_id=3448"},"modified":"2026-03-10T10:33:29","modified_gmt":"2026-03-10T13:33:29","slug":"referendum-constitucional-confirmatorio-22-y-23-de-marzo-de-2026","status":"publish","type":"page","link":"https:\/\/consmendoza.esteri.it\/es\/servizi-consolari-e-visti\/servizi-per-il-cittadino-italiano\/servizi-elettorali\/referendum-constitucional-confirmatorio-22-y-23-de-marzo-de-2026\/","title":{"rendered":"Refer\u00e9ndum Constitucional Confirmatorio \u2013 22 y 23 de marzo de 2026"},"content":{"rendered":"<p><strong>Todas las informaciones, comunicados, formularios y calendario ser\u00e1n publicados en esta secci\u00f3n.<\/strong><\/p>\n<p>Se solicita enviar las solicitudes referidas a las elecciones \u00fanicamente a la casilla de mail: <a href=\"mailto:elettorale.mendoza@esteri.it\">elettorale.mendoza@esteri.it<\/a><\/p>\n<ul>\n<li><strong>27\/02\/2026 \u2013 <\/strong><a href=\"https:\/\/consmendoza.esteri.it\/es\/news\/dal_consolato\/2026\/03\/referendum-constitucional-22-y-23-marzo-de-2026-nuevo-horario-de-emision-de-duplicados\/\">Comunicado de emisi\u00f3n de duplicados (d\u00edas y horarios de apertura de la Oficina Electoral)<\/a><\/li>\n<li><strong>13\/02\/2026 \u2013 <\/strong><a href=\"https:\/\/consmendoza.esteri.it\/wp-content\/uploads\/2026\/02\/foglio-illustrativo.pdf\" target=\"_blank\" rel=\"noopener\">Publicaci\u00f3n de la \u00abHoja de ilustraci\u00f3n \u2013 Como se vota \u2013 Instrucciones de como devolver las boletas votadas\u00bb<\/a><\/li>\n<li><strong>13\/02\/2026 \u2013 <\/strong><a href=\"https:\/\/consmendoza.esteri.it\/wp-content\/uploads\/2026\/02\/foglio-informativo.pdf\" target=\"_blank\" rel=\"noopener\">Publicaci\u00f3n de la \u00abHoja de informaci\u00f3n \u2013 Instrucciones para los Electores\u00bb<\/a><\/li>\n<li><strong>14\/01\/2026 \u2013\u00a0<\/strong><a href=\"https:\/\/consmendoza.esteri.it\/es\/news\/dal_consolato\/2026\/01\/referendum-constitucional-confirmatorio-22-y-23-de-marzo-de-2026\/\">Comunicado de establecimiento de fechas para el referendum y opci\u00f3n de voto en Italia para los inscriptos en el A.I.R.E<\/a><\/li>\n<li><strong>20\/01\/2026 \u2013 <\/strong><a href=\"https:\/\/consrosario.esteri.it\/es\/servizi-consolari-e-visti\/servizi-per-il-cittadino-italiano\/servizi-elettorali\/referendum-costituzionale-confermativo-22-e-23-marzo-2026\/informativa-di-carattere-generale\/\">Nota informativa de car\u00e1cter general<\/a><\/li>\n<li><strong>26\/01\/2026<\/strong> <strong>\u2013 <\/strong><a href=\"https:\/\/consmendoza.esteri.it\/es\/news\/dal_consolato\/2026\/01\/comunicado-opcion-de-los-electores-temporalmente-en-el-exterior\/\">Comunicado opci\u00f3n de los electores temporalmente en el exterior<\/a><\/li>\n<\/ul>\n","protected":false},"excerpt":{"rendered":"Todas las informaciones, comunicados, formularios y calendario ser\u00e1n publicados en esta secci\u00f3n. Se solicita enviar las solicitudes referidas a las elecciones \u00fanicamente a la casilla de mail: elettorale.mendoza@esteri.it 27\/02\/2026 \u2013 Comunicado de emisi\u00f3n de duplicados (d\u00edas y horarios de apertura de la Oficina Electoral) 13\/02\/2026 \u2013 Publicaci\u00f3n de la \u00abHoja de ilustraci\u00f3n \u2013 Como se [&hellip;]","protected":false},"author":5,"featured_media":0,"parent":190,"menu_order":0,"comment_status":"closed","ping_status":"closed","template":"","meta":{"footnotes":""},"class_list":["post-3448","page","type-page","status-publish","hentry"],"_links":{"self":[{"href":"https:\/\/consmendoza.esteri.it\/es\/wp-json\/wp\/v2\/pages\/3448","targetHints":{"allow":["GET"]}}],"collection":[{"href":"https:\/\/consmendoza.esteri.it\/es\/wp-json\/wp\/v2\/pages"}],"about":[{"href":"https:\/\/consmendoza.esteri.it\/es\/wp-json\/wp\/v2\/types\/page"}],"author":[{"embeddable":true,"href":"https:\/\/consmendoza.esteri.it\/es\/wp-json\/wp\/v2\/users\/5"}],"replies":[{"embeddable":true,"href":"https:\/\/consmendoza.esteri.it\/es\/wp-json\/wp\/v2\/comments?post=3448"}],"version-history":[{"count":6,"href":"https:\/\/consmendoza.esteri.it\/es\/wp-json\/wp\/v2\/pages\/3448\/revisions"}],"predecessor-version":[{"id":3698,"href":"https:\/\/consmendoza.esteri.it\/es\/wp-json\/wp\/v2\/pages\/3448\/revisions\/3698"}],"up":[{"embeddable":true,"href":"https:\/\/consmendoza.esteri.it\/es\/wp-json\/wp\/v2\/pages\/190"}],"wp:attachment":[{"href":"https:\/\/consmendoza.esteri.it\/es\/wp-json\/wp\/v2\/media?parent=3448"}],"curies":[{"name":"wp","href":"https:\/\/api.w.org\/{rel}","templated":true}]}}