{"id":3956,"date":"2026-03-26T11:35:36","date_gmt":"2026-03-26T14:35:36","guid":{"rendered":"https:\/\/consmendoza.esteri.it\/?page_id=3956"},"modified":"2026-03-27T10:38:49","modified_gmt":"2026-03-27T13:38:49","slug":"divorcio-adopcion-cambio-de-nombre-u-otras-setencias","status":"publish","type":"page","link":"https:\/\/consmendoza.esteri.it\/es\/servizi-consolari-e-visti\/servizi-per-il-cittadino-italiano\/stato-civile\/divorcio-adopcion-cambio-de-nombre-u-otras-setencias\/","title":{"rendered":"Divorcio, adopci\u00f3n, cambio de nombre u otras setencias"},"content":{"rendered":"<p><strong>Reconocimiento de sentencias extranjeras (divorcio, adopci\u00f3n, cambio de nombre u otras)<br \/>\n<\/strong><br \/>\nLa ley de derecho internacional privado n.218\/1995 prev\u00e9, como regla general, el reconocimiento autom\u00e1tico en Italia de sentencias extranjeras que respeten algunos requisitos b\u00e1sicos de compatibilidad en el ordenamiento italiano.<\/p>\n<p>Las sentencia extranjeras deben ser inscriptas en Italia<\/p>\n<p>Estas, debidamente legalizadas y traducidas al italiano, pueden ser entregadas para su registro en Italia:<br \/>\n\u2013 a la Comuna italiana, directamente por el interesado<br \/>\n\u2013 al Consulado italiano en cuya circunscripci\u00f3n ha sido emitida la sentencia<br \/>\nPara solicitar el registro es necesario exhibir un documento de identidad v\u00e1lido y producir:<br \/>\n\u2013 instancia de transmisi\u00f3n de la sentencia bajo forma de declaraci\u00f3n de acto notorio de acuerdo al art.47 del DPR 445\/2000 sobre la existencia de los requisitos seg\u00fan art.64 de la Ley 218\/1995 en la cual se declara que la sentencia es firme y ejecutoriada (si esto no resulta en el texto de la sentencia), que no es contraria a otras sentencias pronunciadas por juez italiano y que no hay causa pendiente con juez italiano por el mismo argumento y entre las partes;<br \/>\n\u2013 copia integral de la sentencia completa de los requisitos del art.64, legalizada y traducida.<br \/>\nEl oficial del estado civil italiano deber\u00e1 verificar que la sentencia no produzca efectos contrarios al orden p\u00fablico.<\/p>\n<p>Para la inscripci\u00f3n de las sentencias de divorcio emitidas en un pa\u00eds de la UE se hace referencia a cuanto establece el Reglamento (CE) 2201\/2003 del 2711\/2003. La autoridad competente del Estado miembro en el cual se ha pronunciado el divorcio entrega, a solicitud del interesado, un certificado utilizando el modelo est\u00e1ndar. El interesado deber\u00e1 exhibir un documento de identidad valido y adjuntar una declaraci\u00f3n de acto notorio de acuerdo al art 47 DPR 445\/2000, sobre la existencia de requisitos seg\u00fan el art.22 de dicho Reglamento.<br \/>\nEs oportuno en cada caso contactar la representaci\u00f3n diplom\u00e1tica o consular competente por territorio, para mayores informaciones o para conocer eventuales otros requisitos previstos por acuerdos binacionales o multilaterales.<\/p>\n<p>Formularios para presentar sentencia de divorcio:<br \/>\n<a href=\"https:\/\/consmendoza.esteri.it\/wp-content\/uploads\/2023\/10\/Certificado-Sentencia-Firme.pdf\">Pedido Certificaci\u00f3n Sentencia Firme de Divorcio <\/a><\/p>\n<p><a href=\"https:\/\/consmendoza.esteri.it\/wp-content\/uploads\/2023\/10\/Dichiarazione-sostitutiva-divorzio-atto-di-notarieta.pdf\">Declaraci\u00f3n Sustitutiva del Acto de Notoriedad<\/a><\/p>\n","protected":false},"excerpt":{"rendered":"Reconocimiento de sentencias extranjeras (divorcio, adopci\u00f3n, cambio de nombre u otras) La ley de derecho internacional privado n.218\/1995 prev\u00e9, como regla general, el reconocimiento autom\u00e1tico en Italia de sentencias extranjeras que respeten algunos requisitos b\u00e1sicos de compatibilidad en el ordenamiento italiano. Las sentencia extranjeras deben ser inscriptas en Italia Estas, debidamente legalizadas y traducidas al [&hellip;]","protected":false},"author":5,"featured_media":0,"parent":188,"menu_order":2,"comment_status":"closed","ping_status":"closed","template":"","meta":{"footnotes":""},"class_list":["post-3956","page","type-page","status-publish","hentry"],"_links":{"self":[{"href":"https:\/\/consmendoza.esteri.it\/es\/wp-json\/wp\/v2\/pages\/3956","targetHints":{"allow":["GET"]}}],"collection":[{"href":"https:\/\/consmendoza.esteri.it\/es\/wp-json\/wp\/v2\/pages"}],"about":[{"href":"https:\/\/consmendoza.esteri.it\/es\/wp-json\/wp\/v2\/types\/page"}],"author":[{"embeddable":true,"href":"https:\/\/consmendoza.esteri.it\/es\/wp-json\/wp\/v2\/users\/5"}],"replies":[{"embeddable":true,"href":"https:\/\/consmendoza.esteri.it\/es\/wp-json\/wp\/v2\/comments?post=3956"}],"version-history":[{"count":1,"href":"https:\/\/consmendoza.esteri.it\/es\/wp-json\/wp\/v2\/pages\/3956\/revisions"}],"predecessor-version":[{"id":3957,"href":"https:\/\/consmendoza.esteri.it\/es\/wp-json\/wp\/v2\/pages\/3956\/revisions\/3957"}],"up":[{"embeddable":true,"href":"https:\/\/consmendoza.esteri.it\/es\/wp-json\/wp\/v2\/pages\/188"}],"wp:attachment":[{"href":"https:\/\/consmendoza.esteri.it\/es\/wp-json\/wp\/v2\/media?parent=3956"}],"curies":[{"name":"wp","href":"https:\/\/api.w.org\/{rel}","templated":true}]}}