{"id":3959,"date":"2026-03-26T11:43:53","date_gmt":"2026-03-26T14:43:53","guid":{"rendered":"https:\/\/consmendoza.esteri.it\/?page_id=3959"},"modified":"2026-03-27T10:41:26","modified_gmt":"2026-03-27T13:41:26","slug":"defuncion-2","status":"publish","type":"page","link":"https:\/\/consmendoza.esteri.it\/es\/servizi-consolari-e-visti\/servizi-per-il-cittadino-italiano\/stato-civile\/defuncion-2\/","title":{"rendered":"Defunci\u00f3n"},"content":{"rendered":"<p><strong>Inscripci\u00f3n en Italia de la defunci\u00f3n de un italiano residente al extranjero<br \/>\n<\/strong><br \/>\nLa defunci\u00f3n de un ciudadano italiano ocurrida en el extranjero debe ser transcripta en Italia.<\/p>\n<p>Para inscribir la defunci\u00f3n se requiere la siguiente\u00a0<strong>documentaci\u00f3n<\/strong>:<br \/>\n\u2013 acta de defunci\u00f3n emitida por la Oficina de Estado Civil de competencia en el Pa\u00eds de residencia, debidamente traducida y, eventualmente, legalizada (cuando sea previsto);<br \/>\n\u2013 documentaci\u00f3n relativa a la ciudadan\u00eda del difunto: documento de identidad, pasaporte italiano o certificado de ciudadan\u00eda italiana (si no estaba inscripto en el registro consular)<br \/>\nComo alternativa se podr\u00e1 presentar el acta debidamente legalizada y traducida, directamente a la Comuna italiana de pertenencia.<\/p>\n<p>Todos los certificados de estado civil emitidos por las autoridades locales deben ser presentados en original y, cuando sea previsto, legalizados y traducidos al italiano para que los consulados los env\u00ede a las comunas de competencia.<br \/>\nLas actas emitidas por Pa\u00edses que adhirieron al Convenio de Viena del 8 septiembre 1976, que prev\u00e9 la emisi\u00f3n de un modulo pluriling\u00fce, est\u00e1n exentos de legalizaci\u00f3n y traducci\u00f3n. Estos Pa\u00edses son: Austria, B\u00e9lgica, Bosnia y Herzegovina, Croacia, Francia, Alemania, Italia, Luxemburgo, Macedonia, Montenegro, Pa\u00edses Bajos, Polonia, Portugal, Serbia, Eslovenia, Espa\u00f1a, Turqu\u00eda y Suiza.<\/p>\n","protected":false},"excerpt":{"rendered":"Inscripci\u00f3n en Italia de la defunci\u00f3n de un italiano residente al extranjero La defunci\u00f3n de un ciudadano italiano ocurrida en el extranjero debe ser transcripta en Italia. Para inscribir la defunci\u00f3n se requiere la siguiente\u00a0documentaci\u00f3n: \u2013 acta de defunci\u00f3n emitida por la Oficina de Estado Civil de competencia en el Pa\u00eds de residencia, debidamente traducida [&hellip;]","protected":false},"author":5,"featured_media":0,"parent":188,"menu_order":4,"comment_status":"closed","ping_status":"closed","template":"","meta":{"footnotes":""},"class_list":["post-3959","page","type-page","status-publish","hentry"],"_links":{"self":[{"href":"https:\/\/consmendoza.esteri.it\/es\/wp-json\/wp\/v2\/pages\/3959","targetHints":{"allow":["GET"]}}],"collection":[{"href":"https:\/\/consmendoza.esteri.it\/es\/wp-json\/wp\/v2\/pages"}],"about":[{"href":"https:\/\/consmendoza.esteri.it\/es\/wp-json\/wp\/v2\/types\/page"}],"author":[{"embeddable":true,"href":"https:\/\/consmendoza.esteri.it\/es\/wp-json\/wp\/v2\/users\/5"}],"replies":[{"embeddable":true,"href":"https:\/\/consmendoza.esteri.it\/es\/wp-json\/wp\/v2\/comments?post=3959"}],"version-history":[{"count":1,"href":"https:\/\/consmendoza.esteri.it\/es\/wp-json\/wp\/v2\/pages\/3959\/revisions"}],"predecessor-version":[{"id":3962,"href":"https:\/\/consmendoza.esteri.it\/es\/wp-json\/wp\/v2\/pages\/3959\/revisions\/3962"}],"up":[{"embeddable":true,"href":"https:\/\/consmendoza.esteri.it\/es\/wp-json\/wp\/v2\/pages\/188"}],"wp:attachment":[{"href":"https:\/\/consmendoza.esteri.it\/es\/wp-json\/wp\/v2\/media?parent=3959"}],"curies":[{"name":"wp","href":"https:\/\/api.w.org\/{rel}","templated":true}]}}