{"id":1400,"date":"2024-05-14T10:26:00","date_gmt":"2024-05-14T13:26:00","guid":{"rendered":"https:\/\/consmendoza.esteri.it\/?page_id=1400"},"modified":"2024-05-14T10:46:15","modified_gmt":"2024-05-14T13:46:15","slug":"assistenza-agli-indigenti","status":"publish","type":"page","link":"https:\/\/consmendoza.esteri.it\/it\/servizi-consolari-e-visti\/servizi-per-il-cittadino-italiano\/assistenza-ai-cittadini-allestero\/assistenza-agli-indigenti\/","title":{"rendered":"Assistenza agli Indigenti"},"content":{"rendered":"<header class=\"entry-header\">I connazionali che versano in una situazione di indigenza possono ricevere dal Consolato Generale un aiuto di tipo economico (denominato \u201csussidio\u201d) o di altro tipo (ricovero in una struttura di tipo geriatrica, assistenza medica, ecc.), sempre che i fondi destinati a tale scopo lo permettano e compatibilmente con le convenzioni in vigore nonch\u00e9 con la disponibilit\u00e0 all\u2019interno delle strutture.<\/header>\n<div class=\"entry-content\">\n<p><strong>Requisiti<\/strong><\/p>\n<p>I presupposti per rientrare nella categoria di avente diritto ad un aiuto sono:<\/p>\n<ul>\n<li>il possesso della cittadinanza italiana;<\/li>\n<li>l\u2019effettivo stato di indigenza;<\/li>\n<li>avere regolare residenza nella circoscrizione consolare di questo Consolato Generale (Cuyo: Mendoza, San Juan, San Luis) (pertanto muniti di regolare DNI);<\/li>\n<li>essere in regola con l\u2019iscrizione AIRE.<\/li>\n<\/ul>\n<p>&nbsp;<\/p>\n<p><strong>Documentazione<\/strong><\/p>\n<p>Per la valutazione dello stato di indigenza il connazionale deve presentare presso l\u2019Ufficio Assistenza la documentazione di seguito elencata:<\/p>\n<ul>\n<li>originali delle ultime tre ricevute di tutti i pagamenti effettuati per la casa: di ognuno dei servizi (gas, luce, acqua, telefono fisso e cellulare) e delle tasse provinciali e municipali;<\/li>\n<li>ricevute delle entrate di tutto il gruppo familiare convivente: stipendi, pensioni argentine o straniere, affitti, ecc.;<\/li>\n<li>CUIL di tutti gli adulti conviventi che non possiedano ricevuta di entrate proprie;<\/li>\n<li>passaporto (se vigente. NON \u00e8 necessario richiedere un passaporto nuovo);<\/li>\n<li>tickets d\u2019acquisto di farmaci realizzato durante tutto il mese e relativa prescrizione medica.<\/li>\n<\/ul>\n<p>*Nel caso in cui il connazionale non fosse in grado di recarsi autonomamente in Consolato, la richiesta di assistenza pu\u00f2 essere fatta da un familiare o da altra persona coinvolta nel caso.<\/p>\n<p>&nbsp;<\/p>\n<p>Il Consolato concentra le proprie risorse nell\u2019assistenza alla fascia pi\u00f9 povera di connazionali, sulla base dei seguenti criteri:<\/p>\n<ul>\n<li>reddito (priorit\u00e0 a coloro che ne sono totalmente sprovvisti, che non ricevono pensione o altri sussidi o hanno solo la pensione minima argentina);<\/li>\n<li>et\u00e0 (priorit\u00e0 ai pi\u00f9 anziani);<\/li>\n<li>situazione di famiglia (priorit\u00e0 alle persone che non hanno abitazione o che non hanno familiari che li possano aiutare);<\/li>\n<li>salute (priorit\u00e0 a coloro che necessitano di cure prolungate e\/o molto onerose);<\/li>\n<li>familiari a carico con handicap fisici o mentali.<\/li>\n<\/ul>\n<p>&nbsp;<\/p>\n<p>L\u2019assistenza viene prestata principalmente attraverso i seguenti strumenti:<\/p>\n<ul>\n<li>concessione di sussidi economici \u2013 si tratta dell\u2019erogazione di somme di denaro destinate a far fronte alle pi\u00f9 impellenti necessit\u00e0 di ordine materiale. Tali sussidi vengono corrisposti in base alle disponibilit\u00e0 di bilancio e non possono rappresentare in alcun modo una prestazione a carattere continuativo, obbligatorio o di natura pensionistica;<\/li>\n<li>convenzioni medico-sanitarie \u2013 attraverso le Convenzioni stipulate con idonee istituzioni, i cittadini italiani indigenti, residenti nella nostra Circoscrizione, possono usufruire di assistenza medico-sanitaria;<\/li>\n<li>convenzioni con Istituti di ricovero per anziani \u2013 attraverso le Convenzioni stipulate con idonee istituzioni, il Consolato garantisce la cura ed il ricovero a connazionali anziani indigenti che, non potendo essere autosufficienti, o non potendo contare su una soluzione abitativa idonea perch\u00e9 privi di mezzi e\/o rete familiare di appoggio, hanno bisogno di un ricovero che garantisca non solo la sussistenza basica ma anche assistenza infermieristica, psicologica e socio-affettiva continua;<\/li>\n<li>rimpatrio definitivo in Italia \u2013 il rimpatrio a carico dell\u2019Erario di connazionali residenti all\u2019estero potr\u00e0 essere effettuato soltanto in favore di persone indigenti, in genere emigrate dall\u2019Italia da molti anni, le cui condizioni di vita siano estremamente precarie e senza prospettive di miglioramento nel Paese di residenza. L\u2019interessato dovr\u00e0 fornire una dichiarazione di familiari disposti ad accogliere il congiunto in Italia e di assumersi le responsabilit\u00e0 connesse con il mantenimento e l\u2019assistenza del rimpatriando attraverso apposita dichiarazione resa presso il Comune o la Questura di residenza dei familiari stessi. Tale dichiarazione costituisce il requisito imprescindibile por ottenere il rimpatrio a carico dell\u2019Erario.<\/li>\n<\/ul>\n<\/div>\n","protected":false},"excerpt":{"rendered":"I connazionali che versano in una situazione di indigenza possono ricevere dal Consolato Generale un aiuto di tipo economico (denominato \u201csussidio\u201d) o di altro tipo (ricovero in una struttura di tipo geriatrica, assistenza medica, ecc.), sempre che i fondi destinati a tale scopo lo permettano e compatibilmente con le convenzioni in vigore nonch\u00e9 con la [&hellip;]","protected":false},"author":5,"featured_media":0,"parent":87,"menu_order":9,"comment_status":"closed","ping_status":"closed","template":"","meta":{"footnotes":""},"class_list":["post-1400","page","type-page","status-publish","hentry"],"_links":{"self":[{"href":"https:\/\/consmendoza.esteri.it\/it\/wp-json\/wp\/v2\/pages\/1400","targetHints":{"allow":["GET"]}}],"collection":[{"href":"https:\/\/consmendoza.esteri.it\/it\/wp-json\/wp\/v2\/pages"}],"about":[{"href":"https:\/\/consmendoza.esteri.it\/it\/wp-json\/wp\/v2\/types\/page"}],"author":[{"embeddable":true,"href":"https:\/\/consmendoza.esteri.it\/it\/wp-json\/wp\/v2\/users\/5"}],"replies":[{"embeddable":true,"href":"https:\/\/consmendoza.esteri.it\/it\/wp-json\/wp\/v2\/comments?post=1400"}],"version-history":[{"count":6,"href":"https:\/\/consmendoza.esteri.it\/it\/wp-json\/wp\/v2\/pages\/1400\/revisions"}],"predecessor-version":[{"id":1425,"href":"https:\/\/consmendoza.esteri.it\/it\/wp-json\/wp\/v2\/pages\/1400\/revisions\/1425"}],"up":[{"embeddable":true,"href":"https:\/\/consmendoza.esteri.it\/it\/wp-json\/wp\/v2\/pages\/87"}],"wp:attachment":[{"href":"https:\/\/consmendoza.esteri.it\/it\/wp-json\/wp\/v2\/media?parent=1400"}],"curies":[{"name":"wp","href":"https:\/\/api.w.org\/{rel}","templated":true}]}}