{"id":2253,"date":"2025-03-27T11:53:11","date_gmt":"2025-03-27T14:53:11","guid":{"rendered":"https:\/\/consmendoza.esteri.it\/?page_id=2253"},"modified":"2026-03-19T11:14:35","modified_gmt":"2026-03-19T14:14:35","slug":"carta-didentita-elettronica-cie","status":"publish","type":"page","link":"https:\/\/consmendoza.esteri.it\/it\/servizi-consolari-e-visti\/servizi-per-il-cittadino-italiano\/carta-didentita-elettronica-cie\/","title":{"rendered":"Carta d\u2019Identit\u00e0 Elettronica (CIE)"},"content":{"rendered":"<h4>APPUNTAMENTI: si ricorda alla gentile utenza che la Piattaforma Prenot@Mi \u00e8 l&#8217;unico canale attualmente disponibile per la prenotazione degli appuntamenti.<\/h4>\n<h4><strong>NON \u00e8 possibile richiedere l\u2019emissione della CIE lo stesso giorno del turno passaporto. Si dovr\u00e0 richiedere un turno per ogni servizio nel portale\u00a0<a href=\"mailto:Prenot@Mi\">Prenot@Mi<\/a>.<\/strong><\/h4>\n<h4><strong>Requisiti<\/strong><\/h4>\n<p>Ai fini dell\u2019emissione della CIE \u00e8 indispensabile che il richiedente:<\/p>\n<ul>\n<li>sia cittadino italiano regolarmente residente nella circoscrizione consolare del Consolato Generale d\u2019Italia in Mendoza;<\/li>\n<li>sia iscritto all\u2019AIRE da parte del comune italiano di riferimento. A tal fine, gli interessati dovranno verificare essere iscritti all\u2019AIRE dalla propria scheda consolare su FASTIT (<a href=\"https:\/\/serviziconsolari.esteri.it\/ScoFE\/index.sco\">cliccare qui<\/a>), verificando inoltre che tutti i propri dati siano corretti e completi (es. nomi e cognomi).<\/li>\n<li>abbia l\u2019atto di nascita trascritto in Italia, in quanto gli estremi della trascrizione devono essere riportati sulla CIE;<\/li>\n<\/ul>\n<p><strong>ATTENZIONE:<\/strong>\u00a0<u>nel caso in cui, a seguito di verifiche, non fosse possibile procedere con la pratica di rilascio della CIE, l\u2019appuntamento verr\u00e0 annullato. Il connazionale sar\u00e0 informato sulle motivazioni del rigetto e dovr\u00e0 ripetere la procedura sul Prenot@Mi una volta regolarizzata la propria posizione in base a quanto comunicato dal Consolato.<\/u><\/p>\n<p>&nbsp;<\/p>\n<h4>Come richiedere la CIE<\/h4>\n<p>Si riceve soltanto con appuntamento. Gli appuntamenti sono assegnati esclusivamente tramite il sistema Prenot@Mi. Non \u00e8 possibile richiedere un appuntamento (o richiedere di modificarlo) per posta elettronica o presso lo sportello di informazioni al pubblico.<\/p>\n<p>Per prenotare un appuntamento per richiedere l\u2019emissione della CIE va utilizzato il seguente link:\u00a0<a href=\"https:\/\/prenotami.esteri.it\/\">https:\/\/prenotami.esteri.it\/<\/a><\/p>\n<p>L\u2019appuntamento \u00e8 gratuito e non pu\u00f2 essere ceduto (la richiesta di appuntamento \u00e8 personale e non sono autorizzati n\u00e9 agenzie n\u00e9 gestori a farne richiesta).<\/p>\n<p>Ogni cittadino maggiore di 18 anni deve richiedere il proprio appuntamento individualmente. Se l\u2019appuntamento \u00e8 esclusivamente per un figlio minorenne si dovr\u00e0 prendere un appuntamento singolo indicando nel campo note per chi si richiede l\u2019appuntamento.<\/p>\n<p><strong>Documentazione necessaria per il rilascio della CIE<\/strong><\/p>\n<p>Il richiedente deve presentarsi munito di:<\/p>\n<ol>\n<li>Modulo di richiesta compilato in tutte le sue parti (per <a href=\"https:\/\/consmendoza.esteri.it\/wp-content\/uploads\/2026\/03\/Modello-_richiesta-CIE-maggiorenne_-2024.pdf\"><u>maggiorenni<\/u><\/a>\u00a0o per\u00a0<a href=\"https:\/\/consmendoza.esteri.it\/wp-content\/uploads\/2026\/03\/Modello_richiesta_CIE_minori_-2024.pdf\"><u>minorenni<\/u><\/a>);<\/li>\n<li>DNI in corso di validit\u00e0 del richiedente e di tutte le persone che debbano firmare (originale e fotocopia fronte\/retro);<\/li>\n<li>Passaporto italiano in corso di validit\u00e0 del richiedente (in caso di averlo e fotocopia della pagina dove si trova la foto);<\/li>\n<li>Carta d\u2019Identit\u00e0 italiana precedente del richiedente (in caso di averla e fotocopia fronte\/retro);<\/li>\n<li>Una fototessera 4\u00d74 cm; fondo bianco, di buona qualit\u00e0. Attenzione: si consiglia di verificare sul sito web che le foto siano a <u><a href=\"https:\/\/www.poliziadistato.it\/statics\/10\/fotografia_passaporto_web.pdf\">norma<\/a><\/u>. Le foto che non rispettino i requisiti non saranno accettate;<\/li>\n<li><a href=\"https:\/\/consmendoza.esteri.it\/wp-content\/uploads\/2026\/03\/ATTO-ASSENSO-CIE.pdf\"><u>Atto di assenso <\/u><\/a>di entrambi genitori nel caso in cui il richiedente sia un minore di 18 anni;<\/li>\n<li>Dichiarazione di smarrimento\/furto della precedente carta, se del caso.<\/li>\n<li>Ricevuta di avvenuto pagamento della tariffa consolare per il rilascio della CIE. <a href=\"https:\/\/consmendoza.esteri.it\/it\/servizi-consolari-e-visti\/servizi-per-il-cittadino-italiano\/tariffe-consolari\/\">Tariffe Consolari \u2013 Consolato Generale d&#8217;Italia Mendoza<\/a><\/li>\n<\/ol>\n<p><strong>Costo della CIE<\/strong><\/p>\n<p>Il pagamento della tariffa consolare per il rilascio della CIE \u00e8 di 21,95\u20ac, aprire il modulo <a href=\"https:\/\/consmendoza.esteri.it\/it\/\">\u201cTariffe consolari\u201d <\/a>\u00a0e cercare\u00a0<strong>l\u2019articolo 28c<\/strong>), o di 27,11\u20ac in caso di rilascio di duplicato (<strong>articolo 28d<\/strong>), pu\u00f2 essere effettuato esclusivamente in Pesos Argentini (ARS) con bonifico bancario indirizzato al <a href=\"https:\/\/consmendoza.esteri.it\/wp-content\/uploads\/2025\/01\/2025_-_instrucciones_para_el_pago_de_tarifas_consulares.pdf\">Consolato Generale d\u2019Italia in Mendoza.<\/a><\/p>\n<p>&nbsp;<\/p>\n<p><strong>Il giorno dell\u2019appuntamento<\/strong><\/p>\n<p>Il rilascio della CIE\u00a0<strong>richiede la presenza fisica del connazionale presso il Consolato<\/strong>.<\/p>\n<p>Le persone saranno ricevute rispettando\u00a0<strong>l\u2019orario dell\u2019appuntamento dato dal sistema Prenot@Mi<\/strong>.<\/p>\n<p>Per il rilascio della CIE ai minori di 18 anni \u00e8 necessaria la presenza di entrambi i genitori oltre quella dei minori.<\/p>\n<p>La\u00a0<strong>validit\u00e0 temporale<\/strong>\u00a0della CIE differisce in base all\u2019et\u00e0 del titolare:<\/p>\n<ul>\n<li>per i minori di 3 anni la validit\u00e0 \u00e8 di 3 anni;<\/li>\n<li>per i minori dai 3 compiuti ai 18 anni la validit\u00e0 \u00e8 di 5 anni;<\/li>\n<li>per i maggiorenni\u00a0<strong>(18 anni compiuti)<\/strong>\u00a0la validit\u00e0 \u00e8 di 10 anni.<\/li>\n<\/ul>\n<p>&nbsp;<\/p>\n<p><strong>Rilascio della CIE ai minorenni<\/strong><\/p>\n<p>La domanda per il rilascio della CIE ai minori, presentata all\u2019Ufficio il giorno dell\u2019appuntamento, richiede l\u2019assenso scritto da entrambi i genitori (o da chi esercita la responsabilit\u00e0 genitoriale).<\/p>\n<p><strong>Si informano i connazionali, genitori di figli minori, che a partire dal 14 giugno 2023 non sar\u00e0 pi\u00f9 necessario presentare l\u2019atto di assenso dell\u2019altro genitore ai fini del rilascio del proprio documento d\u2019identit\u00e0 (passaporto e CIE), ai sensi del D.L. 69\/2023.<\/strong><\/p>\n<p>Nello specifico il novellato articolo 3-bis della L. 1185\/1967 indica che, quando vi \u00e8 concreto e attuale pericolo che a causa del trasferimento all\u2019estero questo possa sottrarsi all\u2019adempimento dei suoi obblighi verso i figli, sar\u00e0 possibile per l\u2019altro genitore richiedere una inibitoria al rilascio del documento.\u00a0 L\u2019istanza potr\u00e0 essere presentata presso il giudice competente presso il Tribunale ordinario in cui il minore ha la residenza abituale ovvero, se il minore \u00e8 residente all\u2019estero, il Tribunale nel cui circondario si trova il suo Comune di iscrizione AIRE.<\/p>\n<p>Ai fini del rilascio dei documenti (passaporto o CIE)\u00a0<strong>per i minori, invece, resta l\u2019obbligo dell\u2019assenso\u00a0<\/strong>firmato da entrambi i genitori o da chi esercita la responsabilit\u00e0 genitoriale.<\/p>\n<p>L\u2019assenso al rilascio della CIE di un minore pu\u00f2 essere manifestato in una delle seguenti forme:<\/p>\n<ul>\n<li>personalmente presso questo Consolato Generale il giorno dell\u2019appuntamento (si ricorda che chi d\u00e0 l\u2019assenso deve essere munito di un documento valido di identit\u00e0, in originale e fotocopia semplice);<\/li>\n<li>personalmente presso un qualsiasi Ufficio della Pubblica Amministrazione Italiana abilitato ad autenticare firme con congruo anticipo al giorno dell\u2019appuntamento per il rilascio della CIE (es. Questura o altre rappresentanze diplomatico-consolari);<\/li>\n<li>i cittadini italiani e dell\u2019Unione Europea possono manifestare l\u2019assenso compilando e firmando l\u2019apposito modulo <a href=\"https:\/\/consmendoza.esteri.it\/wp-content\/uploads\/2025\/03\/ATTO-ASSENSO-CIE.doc\">(scarica modello atto di assenso)<\/a> che sar\u00e0 consegnato il giorno dell\u2019appuntamento insieme ad una fotocopia semplice del proprio documento d\u2019identit\u00e0.<\/li>\n<\/ul>\n<h3><\/h3>\n<h4>Come si riceve la CIE<\/h4>\n<p>Il documento non \u00e8 rilasciato a vista il giorno dell\u2019appuntamento: la CIE \u00e8 infatti prodotta dall\u2019Istituto Poligrafico e Zecca dello Stato e successivamente spedita, a mezzo raccomandata a carico di Poste Italiane, all\u2019indirizzo di residenza (o recapito) indicato dal richiedente. Il connazionale potr\u00e0 seguire la spedizione autonomamente online, attraverso il codice di tracciamento.<\/p>\n<p><strong><u>Il Consolato Generale non si fa carico di eventuali problemi di spedizione, per i quali \u00e8 necessario rivolgersi a Poste Italiane.<\/u><\/strong><\/p>\n<p>ATTENZIONE: La competenza del Consolato Generale d\u2019Italia in Mendoza termina il giorno dell\u2019appuntamento con l\u2019invio della richiesta della CIE in Italia. Successivi quesiti al predetto invio non saranno risposti e dovranno essere diretti all\u2019indirizzo email dedicato del \u201cMinistero dell\u2019Interno\u201d:\u00a0<a href=\"mailto:cie.cittadini@interno.it\">cie.cittadini@interno.it<\/a><\/p>\n<p>&nbsp;<\/p>\n<h4>Domande frequenti CIE<\/h4>\n<p><strong>Come mi registro all\u2019 AIRE?<\/strong><\/p>\n<p>L\u2019iscrizione all\u2019A.I.R.E. deve essere effettuata unicamente attraverso il portale\u00a0<a href=\"https:\/\/serviziconsolari.esteri.it\/ScoFE\/index.sco\">FAST-IT<\/a>.<\/p>\n<p><strong>Quali sono le operazioni che saranno effettuate il giorno dell\u2019appuntamento?<\/strong><\/p>\n<p>Il giorno dell\u2019appuntamento, l\u2019operatore consolare acquisisce la documentazione sopra indicata, effettua il riconoscimento e la verifica della foto ed acquisisce le impronte digitali e la firma. Il giorno dell\u2019appuntamento, sar\u00e0 annullata la carta di identit\u00e0 cartacea o CIE in corso di validit\u00e0, anche se il richiedente non possiede altro documento di identit\u00e0. Si consiglia pertanto, qualora il richiedente non abbia altro documento di identit\u00e0 in corso di validit\u00e0, di comunicarlo all\u2019operatore.<\/p>\n<p><strong>Devo chiedere una nuova carta se cambio indirizzo?<\/strong><\/p>\n<p>No. La carta d\u2019identit\u00e0 \u00e8 un documento di identit\u00e0 e non di residenza.<\/p>\n<p><strong>Posso richiedere la carta di identit\u00e0 presso il mio Comune in Italia, anche se residente all\u2019estero?<\/strong><\/p>\n<p>Il connazionale dovr\u00e0 verificare con il Comune in Italia.<\/p>\n<p>&nbsp;<\/p>\n","protected":false},"excerpt":{"rendered":"APPUNTAMENTI: si ricorda alla gentile utenza che la Piattaforma Prenot@Mi \u00e8 l&#8217;unico canale attualmente disponibile per la prenotazione degli appuntamenti. NON \u00e8 possibile richiedere l\u2019emissione della CIE lo stesso giorno del turno passaporto. Si dovr\u00e0 richiedere un turno per ogni servizio nel portale\u00a0Prenot@Mi. Requisiti Ai fini dell\u2019emissione della CIE \u00e8 indispensabile che il richiedente: sia [&hellip;]","protected":false},"author":5,"featured_media":0,"parent":59,"menu_order":0,"comment_status":"closed","ping_status":"closed","template":"","meta":{"footnotes":""},"class_list":["post-2253","page","type-page","status-publish","hentry"],"_links":{"self":[{"href":"https:\/\/consmendoza.esteri.it\/it\/wp-json\/wp\/v2\/pages\/2253","targetHints":{"allow":["GET"]}}],"collection":[{"href":"https:\/\/consmendoza.esteri.it\/it\/wp-json\/wp\/v2\/pages"}],"about":[{"href":"https:\/\/consmendoza.esteri.it\/it\/wp-json\/wp\/v2\/types\/page"}],"author":[{"embeddable":true,"href":"https:\/\/consmendoza.esteri.it\/it\/wp-json\/wp\/v2\/users\/5"}],"replies":[{"embeddable":true,"href":"https:\/\/consmendoza.esteri.it\/it\/wp-json\/wp\/v2\/comments?post=2253"}],"version-history":[{"count":6,"href":"https:\/\/consmendoza.esteri.it\/it\/wp-json\/wp\/v2\/pages\/2253\/revisions"}],"predecessor-version":[{"id":3746,"href":"https:\/\/consmendoza.esteri.it\/it\/wp-json\/wp\/v2\/pages\/2253\/revisions\/3746"}],"up":[{"embeddable":true,"href":"https:\/\/consmendoza.esteri.it\/it\/wp-json\/wp\/v2\/pages\/59"}],"wp:attachment":[{"href":"https:\/\/consmendoza.esteri.it\/it\/wp-json\/wp\/v2\/media?parent=2253"}],"curies":[{"name":"wp","href":"https:\/\/api.w.org\/{rel}","templated":true}]}}