{"id":2323,"date":"2025-03-31T14:39:59","date_gmt":"2025-03-31T17:39:59","guid":{"rendered":"https:\/\/consmendoza.esteri.it\/?page_id=2323"},"modified":"2025-03-31T14:40:12","modified_gmt":"2025-03-31T17:40:12","slug":"spid-sistema-pubblico-di-identita-digitale","status":"publish","type":"page","link":"https:\/\/consmendoza.esteri.it\/it\/servizi-consolari-e-visti\/servizi-per-il-cittadino-italiano\/spid-sistema-pubblico-di-identita-digitale\/","title":{"rendered":"SPID \u2013 Sistema Pubblico di Identit\u00e0 Digitale"},"content":{"rendered":"<p><strong>Cos\u2019\u00e8 SPID<\/strong><\/p>\n<p>Il Sistema Pubblico di Identit\u00e0 Digitale (<strong>SPID<\/strong>)\u00a0<strong>\u00e8 la chiave di accesso semplice<\/strong>, veloce e sicura ai servizi digitali delle amministrazioni locali e centrali.<\/p>\n<p><img loading=\"lazy\" decoding=\"async\" class=\"alignnone size-medium wp-image-685 img-fluid aligncenter\" src=\"https:\/\/consrosario.esteri.it\/wp-content\/uploads\/2023\/06\/cos-e-spid-37-300x291.png\" sizes=\"auto, (max-width: 300px) 100vw, 300px\" srcset=\"https:\/\/consrosario.esteri.it\/wp-content\/uploads\/2023\/06\/cos-e-spid-37-300x291.png 300w, https:\/\/consrosario.esteri.it\/wp-content\/uploads\/2023\/06\/cos-e-spid-37-1024x992.png 1024w, https:\/\/consrosario.esteri.it\/wp-content\/uploads\/2023\/06\/cos-e-spid-37-768x744.png 768w, https:\/\/consrosario.esteri.it\/wp-content\/uploads\/2023\/06\/cos-e-spid-37.png 1074w\" alt=\"\" width=\"300\" height=\"291\" \/><\/p>\n<p>Un\u2019<strong>unica credenziale<\/strong>\u00a0(username e password) che rappresenta l\u2019identit\u00e0 digitale e personale di ogni cittadino, con cui \u00e8 riconosciuto dalla Pubblica Amministrazione per utilizzare in maniera personalizzata e sicura i servizi digitali.<br \/>\nSPID consente anche l\u2019accesso ai servizi pubblici degli stati membri\u00a0<a href=\"https:\/\/www.eid.gov.it\/abilita-eidas\" target=\"_blank\" rel=\"noopener\"><strong>dell\u2019Unione Europea<\/strong><\/a>\u00a0e di imprese o commercianti che l\u2019hanno scelto come strumento di identificazione.<br \/>\nCon il sistema di accesso su cui si basa SPID, la Pubblica Amministrazione \u00e8 ancora pi\u00f9 vicina ai cittadini. Garantendo a tutti una modalit\u00e0 di accesso ai servizi online, che \u00e8 sempre uguale ed intuitiva, SPID facilita la fruizione dei servizi online e semplifica il rapporto dei cittadini con gli uffici pubblici.<br \/>\nAnche il settore privato pu\u00f2 trarre vantaggi dall\u2019identit\u00e0 digitale, migliorando l\u2019esperienza utente e la gestione dei dati personali dei propri clienti.<\/p>\n<p>&nbsp;<\/p>\n<p>Cosa aspetti? Con SPID ti registri una volta e non ci pensi pi\u00f9.<\/p>\n<p><strong>Come\u00a0attivare SPID<\/strong><\/p>\n<table class=\"table\">\n<tbody>\n<tr valign=\"top\">\n<td><img loading=\"lazy\" decoding=\"async\" class=\"alignnone size-full wp-image-687 img-fluid\" src=\"https:\/\/consrosario.esteri.it\/wp-content\/uploads\/2023\/06\/icon_1.jpg\" alt=\"\" width=\"141\" height=\"177\" \/><\/td>\n<td><img loading=\"lazy\" decoding=\"async\" class=\"alignnone size-full wp-image-689 img-fluid\" src=\"https:\/\/consrosario.esteri.it\/wp-content\/uploads\/2023\/06\/icon_2.jpg\" alt=\"\" width=\"146\" height=\"168\" \/><\/td>\n<td><img loading=\"lazy\" decoding=\"async\" class=\"alignnone size-full wp-image-691 img-fluid\" src=\"https:\/\/consrosario.esteri.it\/wp-content\/uploads\/2023\/06\/icon_3.jpg\" alt=\"\" width=\"133\" height=\"174\" \/><\/td>\n<\/tr>\n<tr valign=\"top\">\n<td>\u00a0<strong>Prepara<\/strong><\/p>\n<ul>\n<li>un documento di<br \/>\nriconoscimento italiano<\/li>\n<li>la tessera sanitaria o il<br \/>\ntuo codice fiscale<\/li>\n<li>un indirizzo email e<br \/>\nun numero di cellulare<\/li>\n<\/ul>\n<\/td>\n<td>Accedi al sito di uno dei<br \/>\n<a href=\"https:\/\/www.spid.gov.it\/cos-e-spid\/come-scegliere-tra-gli-idp\/\" target=\"_blank\" rel=\"noopener\"><strong>gestori di identit\u00e0 digitale<\/strong><\/a><br \/>\n(Identity Provider)<br \/>\nriconosciuti e vigilati da<br \/>\nAgID.<\/td>\n<td><strong>Procedi all\u2019attivazione<\/strong><\/p>\n<ul>\n<li>registrati<\/li>\n<li>effettua il<br \/>\nriconoscimento<\/li>\n<\/ul>\n<\/td>\n<\/tr>\n<tr valign=\"top\">\n<td colspan=\"3\">\n<hr \/>\n<\/td>\n<\/tr>\n<tr valign=\"top\">\n<td><img loading=\"lazy\" decoding=\"async\" class=\"alignnone size-full wp-image-694 img-fluid\" src=\"https:\/\/consrosario.esteri.it\/wp-content\/uploads\/2023\/06\/icon_4.jpg\" alt=\"\" width=\"144\" height=\"171\" \/><\/td>\n<td><img loading=\"lazy\" decoding=\"async\" class=\"alignnone size-full wp-image-696 img-fluid\" src=\"https:\/\/consrosario.esteri.it\/wp-content\/uploads\/2023\/06\/icon_5.jpg\" alt=\"\" width=\"143\" height=\"175\" \/><\/td>\n<td><\/td>\n<\/tr>\n<tr valign=\"top\">\n<td><strong>Modalit\u00e0 di riconoscimento<\/strong><\/p>\n<ul>\n<li>di persona<\/li>\n<li>via webcam<\/li>\n<li>audio-video con bonifico<\/li>\n<li>CIE, CNS o firma digitale<\/li>\n<\/ul>\n<\/td>\n<td><strong>Le differenze tra i livelli di<br \/>\nsicurezza<\/strong><\/p>\n<ul>\n<li>livello 1<\/li>\n<li>livello 2<\/li>\n<li>livello 3<\/li>\n<\/ul>\n<\/td>\n<td><\/td>\n<\/tr>\n<tr valign=\"top\">\n<td colspan=\"3\">\n<hr \/>\n<\/td>\n<\/tr>\n<\/tbody>\n<\/table>\n<p>Documenti necessari<\/p>\n<p>Prima di attivare\u00a0<strong>SPID<\/strong>, assicurati di avere a disposizione:<\/p>\n<ul>\n<li>un documento italiano in corso di validit\u00e0 (carta di identit\u00e0, patente, passaporto);<\/li>\n<li>la tua tessera sanitaria (o tesserino codice fiscale, o il certificato di attribuzione di uno dei due);<\/li>\n<li>la tua e-mail e il tuo numero di cellulare.<\/li>\n<\/ul>\n<p>Scegli il tuo gestore d\u2019identit\u00e0 digitale<\/p>\n<p>Per procedere all\u2019attivazione, individua uno tra i\u00a0<strong><a href=\"https:\/\/www.spid.gov.it\/cos-e-spid\/come-scegliere-tra-gli-idp\/\" target=\"_blank\" rel=\"noopener\">gestori di identit\u00e0 abilitati<\/a><\/strong>\u00a0(identity provider) e registrati sul sito del gestore che hai scelto, seguendo i passaggi indicati:<\/p>\n<ol>\n<li>inserisci i tuoi dati anagrafici;<\/li>\n<li>crea le tue credenziali SPID;<\/li>\n<li>effettua il riconoscimento, scegliendo tra le modalit\u00e0 gratuite o a pagamento offerte dai gestori di identit\u00e0, da conoscere prima di procedere all\u2019attivazione.<\/li>\n<\/ol>\n<p><strong>Lo\u00a0SPID\u00a0per gli italiani all\u2019estero<\/strong><\/p>\n<p>Anche i\u00a0<strong>cittadini italiani residenti all\u2019estero<\/strong>\u00a0possono ottenere le credenziali del\u00a0<strong>Sistema Pubblico di Identit\u00e0 Digitale<\/strong>.<\/p>\n<p><strong>SPID<\/strong>\u00a0permette a cittadini ed imprese di accedere ai servizi online della Pubblica Amministrazione e dei privati aderenti utilizzando\u00a0<strong>un\u2019identit\u00e0 digitale unica<\/strong>.<\/p>\n<p>Un cittadino italiano potrebbe avere necessit\u00e0 di dotarsi di SPID\u00a0<strong>per comunicare con la Pubblica Amministrazione<\/strong>, consultare\u00a0<strong>documenti e pratiche<\/strong>, richiedere\u00a0<strong>certificati e attestati<\/strong>, controllare la propria\u00a0<strong>situazione contributiva<\/strong>\u00a0e svolgere molte altre operazioni.<\/p>\n<p>Per ottenere l\u2019identit\u00e0 digitale, i cittadini italiani all\u2019estero che\u00a0<strong>abbiano compiuto i 18 anni<\/strong>\u00a0dovranno disporre dei seguenti requisiti:<\/p>\n<ul>\n<li>un documento di identit\u00e0 italiano in corso di validit\u00e0 a scelta tra Carta d\u2019Identit\u00e0, Passaporto e Patente;<\/li>\n<li>un codice fiscale italiano, tessera sanitaria o in alternativa il certificato di attribuzione, in corso di validit\u00e0 ;<\/li>\n<li>un indirizzo di posta elettronica;<\/li>\n<li>un numero di cellulare , anche straniero.<\/li>\n<\/ul>\n<p>I richiedenti sprovvisti\u00a0<strong>di codice fiscale<\/strong>\u00a0possono\u00a0richiederlo al Consolato Italiano di appartenenza.<\/p>\n<p>Il rilascio delle credenziali \u00e8\u00a0<strong>gratuito<\/strong>, fatta eccezione per\u00a0<strong>alcune modalit\u00e0 di riconoscimento<\/strong>\u00a0che potranno essere\u00a0<strong>a pagamento<\/strong>. Infatti, l\u2019ottenimento delle credenziali SPID (username e password) \u00e8 subordinato ad un\u00a0<strong>processo di identificazione<\/strong>\u00a0dell\u2019utente da parte di un\u00a0<a class=\"\" href=\"https:\/\/www.spid.gov.it\/cos-e-spid\/come-scegliere-tra-gli-idp\/\" target=\"_blank\" rel=\"noopener\" data-focus-mouse=\"false\"><strong>gestore di identit\u00e0<\/strong>\u00a0<\/a>(<strong>Identity Provider<\/strong>). Il riconoscimento pu\u00f2 avvenire online, tramite registrazione con\u00a0<strong>Carta Nazionale dei Servizi, Carta d\u2019Identit\u00e0 Elettronica, audiovideo e bonifico, passaporto biometrico,<\/strong>\u00a0oppure<strong>\u00a0tramite videochiamata.<\/strong><\/p>\n<p>La richiesta delle credenziali SPID avviene mediante registrazione sul sito di un\u00a0<strong><a href=\"https:\/\/www.spid.gov.it\/cos-e-spid\/come-scegliere-tra-gli-idp\/\" target=\"_blank\" rel=\"noopener\">IdP<\/a>\u00a0<\/strong>accreditato dall\u2019AgID. Ciascun IdP offre differenti modalit\u00e0 di richiesta e ottenimento dello SPID e l\u2019utente potr\u00e0 scegliere liberamente l\u2019operatore mediante cui completare la procedura nella maniera che ritiene pi\u00f9 semplice, baster\u00e0 selezionare una modalit\u00e0 di riconoscimento online contrassegnata dal simbolo EU o mondo (e pertanto disponibile anche fuori dall\u2019Italia).<\/p>\n","protected":false},"excerpt":{"rendered":"Cos\u2019\u00e8 SPID Il Sistema Pubblico di Identit\u00e0 Digitale (SPID)\u00a0\u00e8 la chiave di accesso semplice, veloce e sicura ai servizi digitali delle amministrazioni locali e centrali. Un\u2019unica credenziale\u00a0(username e password) che rappresenta l\u2019identit\u00e0 digitale e personale di ogni cittadino, con cui \u00e8 riconosciuto dalla Pubblica Amministrazione per utilizzare in maniera personalizzata e sicura i servizi digitali. [&hellip;]","protected":false},"author":5,"featured_media":0,"parent":59,"menu_order":0,"comment_status":"closed","ping_status":"closed","template":"","meta":{"footnotes":""},"class_list":["post-2323","page","type-page","status-publish","hentry"],"_links":{"self":[{"href":"https:\/\/consmendoza.esteri.it\/it\/wp-json\/wp\/v2\/pages\/2323","targetHints":{"allow":["GET"]}}],"collection":[{"href":"https:\/\/consmendoza.esteri.it\/it\/wp-json\/wp\/v2\/pages"}],"about":[{"href":"https:\/\/consmendoza.esteri.it\/it\/wp-json\/wp\/v2\/types\/page"}],"author":[{"embeddable":true,"href":"https:\/\/consmendoza.esteri.it\/it\/wp-json\/wp\/v2\/users\/5"}],"replies":[{"embeddable":true,"href":"https:\/\/consmendoza.esteri.it\/it\/wp-json\/wp\/v2\/comments?post=2323"}],"version-history":[{"count":2,"href":"https:\/\/consmendoza.esteri.it\/it\/wp-json\/wp\/v2\/pages\/2323\/revisions"}],"predecessor-version":[{"id":2325,"href":"https:\/\/consmendoza.esteri.it\/it\/wp-json\/wp\/v2\/pages\/2323\/revisions\/2325"}],"up":[{"embeddable":true,"href":"https:\/\/consmendoza.esteri.it\/it\/wp-json\/wp\/v2\/pages\/59"}],"wp:attachment":[{"href":"https:\/\/consmendoza.esteri.it\/it\/wp-json\/wp\/v2\/media?parent=2323"}],"curies":[{"name":"wp","href":"https:\/\/api.w.org\/{rel}","templated":true}]}}