{"id":3879,"date":"2026-03-26T11:33:54","date_gmt":"2026-03-26T14:33:54","guid":{"rendered":"https:\/\/consmendoza.esteri.it\/?page_id=3879"},"modified":"2026-03-26T11:44:33","modified_gmt":"2026-03-26T14:44:33","slug":"matrimonio","status":"publish","type":"page","link":"https:\/\/consmendoza.esteri.it\/it\/servizi-consolari-e-visti\/servizi-per-il-cittadino-italiano\/stato-civile\/matrimonio\/","title":{"rendered":"Matrimonio"},"content":{"rendered":"<p><strong>Registrazione in Italia del matrimonio all\u2019estero di cittadini italiani<\/strong>:<\/p>\n<p>il matrimonio celebrato all\u2019estero per avere valore in Italia deve essere trascritto in Italia presso il\u00a0<strong>Comune<\/strong>\u00a0competente.<\/p>\n<p><strong>Il cittadino italiano<\/strong>\u00a0<strong>regolarmente<\/strong>\u00a0<strong>iscritto all\u2019AIRE<\/strong>\u00a0dovr\u00e0 rivolgersi\u00a0<strong>all\u2019Ufficio consolare<\/strong>\u00a0per richiedere le pubblicazioni di matrimonio e potr\u00e0 poi contrarre matrimonio innanzi alle Autorit\u00e0 straniere competenti o presso il consolato, in quest\u2019ultimo caso sempre che non vi si oppongano le leggi locali.<\/p>\n<p><strong>Il cittadino italiano residente in Italia<\/strong>\u00a0dovr\u00e0 invece rivolgersi al comune di residenza per richiedere le pubblicazioni di matrimonio e potr\u00e0 poi contrarre matrimonio innanzi alle Autorit\u00e0 straniere.<\/p>\n<p>Sar\u00e0 cura dell\u2019interessato poi presentare al Consolato competente\u00a0<strong>l\u2019atto di matrimonio rilasciato dalle Autorit\u00e0 locali<\/strong>, con la relativa traduzione ed eventuale legalizzazione, per il successivo inoltro al comune italiano competente per la trascrizione.<\/p>\n","protected":false},"excerpt":{"rendered":"Registrazione in Italia del matrimonio all\u2019estero di cittadini italiani: il matrimonio celebrato all\u2019estero per avere valore in Italia deve essere trascritto in Italia presso il\u00a0Comune\u00a0competente. Il cittadino italiano\u00a0regolarmente\u00a0iscritto all\u2019AIRE\u00a0dovr\u00e0 rivolgersi\u00a0all\u2019Ufficio consolare\u00a0per richiedere le pubblicazioni di matrimonio e potr\u00e0 poi contrarre matrimonio innanzi alle Autorit\u00e0 straniere competenti o presso il consolato, in quest\u2019ultimo caso sempre che [&hellip;]","protected":false},"author":5,"featured_media":0,"parent":86,"menu_order":1,"comment_status":"closed","ping_status":"closed","template":"","meta":{"footnotes":""},"class_list":["post-3879","page","type-page","status-publish","hentry"],"_links":{"self":[{"href":"https:\/\/consmendoza.esteri.it\/it\/wp-json\/wp\/v2\/pages\/3879","targetHints":{"allow":["GET"]}}],"collection":[{"href":"https:\/\/consmendoza.esteri.it\/it\/wp-json\/wp\/v2\/pages"}],"about":[{"href":"https:\/\/consmendoza.esteri.it\/it\/wp-json\/wp\/v2\/types\/page"}],"author":[{"embeddable":true,"href":"https:\/\/consmendoza.esteri.it\/it\/wp-json\/wp\/v2\/users\/5"}],"replies":[{"embeddable":true,"href":"https:\/\/consmendoza.esteri.it\/it\/wp-json\/wp\/v2\/comments?post=3879"}],"version-history":[{"count":2,"href":"https:\/\/consmendoza.esteri.it\/it\/wp-json\/wp\/v2\/pages\/3879\/revisions"}],"predecessor-version":[{"id":3899,"href":"https:\/\/consmendoza.esteri.it\/it\/wp-json\/wp\/v2\/pages\/3879\/revisions\/3899"}],"up":[{"embeddable":true,"href":"https:\/\/consmendoza.esteri.it\/it\/wp-json\/wp\/v2\/pages\/86"}],"wp:attachment":[{"href":"https:\/\/consmendoza.esteri.it\/it\/wp-json\/wp\/v2\/media?parent=3879"}],"curies":[{"name":"wp","href":"https:\/\/api.w.org\/{rel}","templated":true}]}}