{"id":39,"date":"2023-04-03T19:16:29","date_gmt":"2023-04-03T17:16:29","guid":{"rendered":"https:\/\/consolatozurigo.esteri.it\/?page_id=39"},"modified":"2025-09-26T11:19:00","modified_gmt":"2025-09-26T14:19:00","slug":"la-rete-consolare","status":"publish","type":"page","link":"https:\/\/consmendoza.esteri.it\/it\/chi-siamo\/la-rete-consolare\/","title":{"rendered":"La Rete Consolare"},"content":{"rendered":"<p>La circoscrizione del\u00a0<strong>CONSOLATO GENERALE D&#8217;ITALIA IN MENDOZA<\/strong>\u00a0comprende le Province di:\u00a0<strong>Mendoza, San Juan e San Luis.<\/strong><\/p>\n<p>&nbsp;<\/p>\n<p><span style=\"text-decoration: underline;\"><em><strong>RETE ONORARIA DEL CONSOLATO GENERALE D&#8217;ITALIA IN MENDOZA<\/strong><\/em><\/span><\/p>\n<p><strong><em><u>VICE CONSOLATO ONORARIO<\/u><\/em><\/strong><\/p>\n<p><strong>San Juan<\/strong><\/p>\n<p>Vice Console Onorario: Santiago Del Torchio<br \/>\nTel:+54 9 264 580 0093<br \/>\nOrari: Lunedi\u2019, Marted\u00ec e Gioved\u00ec dalle ore 10:00 alle 13:00, Av.Ignacio de la Roza 2174-Oeste (5400) San Juan<br \/>\nE-mail:\u00a0<a href=\"mailto:sanjuan.onorario@gmail.com\">sanjuan.onorario@gmail.com<\/a><\/p>\n<p>&nbsp;<\/p>\n<p><strong><em><u>CORRISPONDENTI CONSOLARI<\/u><\/em><\/strong><\/p>\n<p><strong>San Rafael<\/strong><br \/>\nCorrispondente: Ricardo Stradella<br \/>\nMontecaseros 1616, 5600 San Rafael Mendoza<br \/>\nTel.: 0260\/4422046 (1\u00ba int: 2 2\u00ba int: 121) Cell.: 0260\/155437870<br \/>\nEmergenze: 0260\/428393 (int.121)<br \/>\nE-mail: <a href=\"mailto:sanrafael.onorario@gmail.com\">sanrafael.onorario@gmail.com<\/a><a href=\"sanrafael.onorario@gmail.com\">\u00a0<\/a><\/p>\n<p><strong>San Luis<\/strong><\/p>\n<p>Corrispondente:\u00a0Liliana Mollo<br \/>\nTel.: 0266\/4428803 (solo orario d\u2019ufficio \u2013 dalle 16 alle 19)<br \/>\nOrari: Luned\u00ec e Mercoledi dalle 16:30 alle 18:00, Chacabuco 917 (Edificio UNSL).<br \/>\nE-mail:\u00a0<a href=\"mailto:lmolloar@gmail.com\">lmolloar@gmail.com<\/a><\/p>\n<p><strong>Villa Mercedes<\/strong><\/p>\n<p>Corrispondente:\u00a0Mabel Demaria<br \/>\nTel. 02657\/422869<br \/>\nOrari: Marted\u00ec e Gioved\u00ec dalle 18:30 alle 19:30, Belgrano 160 (Societ\u00e0 Dante Alighieri)<br \/>\nE-mail:\u00a0<a href=\"mailto:mabelademaria@hotmail.com\">mabelademaria@hotmail.com<\/a><\/p>\n<p><strong>General Alvear<\/strong><\/p>\n<p>Corrispondente: Jose Saponara<br \/>\nZeballos 275 (5620) General Alvear<br \/>\nTel: 02625\/423626 Cell.: 02625\/15664704<br \/>\nE-mail:\u00a0<a href=\"mailto:jose_saponara@hotmail.com\">jose_saponara@hotmail.com<\/a><\/p>\n<p><strong>San Martin<\/strong><br \/>\nCorrispondente: Mariana Danus<br \/>\n2\u00baB\u00ba C.E.C-M. 26 C.31 (Calle Abdala) \u2013 San Mart\u00edn<br \/>\nTel.: 0263\/4426336 Cell.: 0263-15(4)561043<br \/>\nE-mail:\u00a0<a href=\"mailto:danusmariana21@gmail.com\">danusmariana21@gmail.com <\/a><\/p>\n<p><strong>Maipu\u2019<\/strong><br \/>\nCorrispondente: Gustavo De Baggis<br \/>\nB\u00ba Brisas del Parque M B \u2013 C 23 (5515) Maip\u00fa \u2013 Mendoza<br \/>\nTel: 0261\/4810101 Cell.: 0261\/156505548 \u2013 0261\/155873636<br \/>\nE-mail:\u00a0<a href=\"mailto:gfdebaggis@hotmail.com\">gfdebaggis@hotmail.com<\/a><\/p>\n<p><strong>Lujan de Cuyo<br \/>\n<\/strong>Corrispondente: Giovanni Di Sanzo<br \/>\nCalle Mitre 1426, Locale 6 (Paradiso Mall) Chacras de Coria \u2013 Luj\u00e1n de Cuyo (5505)<br \/>\nTel: 0261\/6535836<br \/>\nE-mail: <a href=\"mailto:giovannidisanzo@yahoo.com.ar\">giovannidisanzo@yahoo.com.ar<\/a><\/p>\n<p>&nbsp;<\/p>\n","protected":false},"excerpt":{"rendered":"La circoscrizione del\u00a0CONSOLATO GENERALE D&#8217;ITALIA IN MENDOZA\u00a0comprende le Province di:\u00a0Mendoza, San Juan e San Luis. &nbsp; RETE ONORARIA DEL CONSOLATO GENERALE D&#8217;ITALIA IN MENDOZA VICE CONSOLATO ONORARIO San Juan Vice Console Onorario: Santiago Del Torchio Tel:+54 9 264 580 0093 Orari: Lunedi\u2019, Marted\u00ec e Gioved\u00ec dalle ore 10:00 alle 13:00, Av.Ignacio de la Roza 2174-Oeste [&hellip;]","protected":false},"author":1,"featured_media":0,"parent":13,"menu_order":12,"comment_status":"closed","ping_status":"closed","template":"","meta":{"footnotes":""},"class_list":["post-39","page","type-page","status-publish","hentry"],"_links":{"self":[{"href":"https:\/\/consmendoza.esteri.it\/it\/wp-json\/wp\/v2\/pages\/39","targetHints":{"allow":["GET"]}}],"collection":[{"href":"https:\/\/consmendoza.esteri.it\/it\/wp-json\/wp\/v2\/pages"}],"about":[{"href":"https:\/\/consmendoza.esteri.it\/it\/wp-json\/wp\/v2\/types\/page"}],"author":[{"embeddable":true,"href":"https:\/\/consmendoza.esteri.it\/it\/wp-json\/wp\/v2\/users\/1"}],"replies":[{"embeddable":true,"href":"https:\/\/consmendoza.esteri.it\/it\/wp-json\/wp\/v2\/comments?post=39"}],"version-history":[{"count":7,"href":"https:\/\/consmendoza.esteri.it\/it\/wp-json\/wp\/v2\/pages\/39\/revisions"}],"predecessor-version":[{"id":3153,"href":"https:\/\/consmendoza.esteri.it\/it\/wp-json\/wp\/v2\/pages\/39\/revisions\/3153"}],"up":[{"embeddable":true,"href":"https:\/\/consmendoza.esteri.it\/it\/wp-json\/wp\/v2\/pages\/13"}],"wp:attachment":[{"href":"https:\/\/consmendoza.esteri.it\/it\/wp-json\/wp\/v2\/media?parent=39"}],"curies":[{"name":"wp","href":"https:\/\/api.w.org\/{rel}","templated":true}]}}