{"id":67,"date":"2023-04-03T19:27:59","date_gmt":"2023-04-03T17:27:59","guid":{"rendered":"https:\/\/consolatozurigo.esteri.it\/?page_id=67"},"modified":"2026-02-26T10:58:45","modified_gmt":"2026-02-26T13:58:45","slug":"passaporti-e-carte-didentita","status":"publish","type":"page","link":"https:\/\/consmendoza.esteri.it\/it\/servizi-consolari-e-visti\/servizi-per-il-cittadino-italiano\/passaporti-e-carte-didentita\/","title":{"rendered":"Passaporti"},"content":{"rendered":"<p><span style=\"text-decoration: underline;\"><em><strong>AVVERTENZE<\/strong><\/em><\/span><\/p>\n<p style=\"text-align: center;\"><strong>APPUNTAMENTI: si rendono disponibili tutti i giorni, alla mezzanotte italiana, tramite <a href=\"https:\/\/prenotami.esteri.it\/\">Prenot@Mi.<\/a><\/strong><\/p>\n<p><em><strong>GLI UTENTI SONO PREGATI DI NON ACQUISTARE BIGLIETTI AEREI SENZA PRIMA AVER OTTENUTO IL RILASCIO DI UN NUOVO PASSAPORTO O AVER CONTROLLATO LA VALIDIT\u00c0 DEL PASSAPORTO DI CUI SI \u00c8 GI\u00c0 IN POSSESSO.<\/strong><\/em><\/p>\n<p><em><strong>IL POSSESSO DI UN BIGLIETTO AEREO NON RAPPRESENTA MOTIVO D\u2019URGENZA VALIDO PER IL RILASCIO.<\/strong><\/em><\/p>\n<p><strong>Passaporti &#8211; Informazione<\/strong><\/p>\n<p>Il passaporto \u00e8 un documento di viaggio e riconoscimento. L\u2019autorit\u00e0 competente a provvedere sulle domande di rilascio di passaporto \u00e8 di norma quella preposta all&#8217;Ufficio o alla Rappresentanza all&#8217;estero (Questure, Commissariati, Uffici consolari) nella cui circoscrizione risiede il richiedente.<\/p>\n<p>&nbsp;<\/p>\n<p><strong>Tipologie di Passaporto<\/strong><\/p>\n<p>La normativa vigente prevede le seguenti tipologie di passaporto:<\/p>\n<p>a) Passaporto ordinario: libretto a formato unico a 48 pagine;<br \/>\nb) Passaporto temporaneo: libretto a 16 pagine;<\/p>\n<p>Tutti i passaporti in corso di validit\u00e0, compresi quelli con figli minori iscritti, restano validi fino alla loro naturale data di scadenza.<\/p>\n<p>Per il rilascio del passaporto occorre presentarsi all\u2019Ufficio Passaporti della Circoscrizione Consolare in cui il cittadino \u00e8 residente con la\u00a0<strong>seguente documentazione<\/strong>:<\/p>\n<p>&#8211; conferma stampata dell&#8217;appuntamento prenotato tramite il programma &#8220;Prenot@Mi&#8221;<br \/>\n&#8211; formulario di richiesta del passaporto firmato dall&#8217;interessato; &#8211; atto\/i di assenso ove previsto\/i;<\/p>\n<ul>\n<li><strong><strong><a href=\"https:\/\/consmendoza.esteri.it\/wp-content\/uploads\/2024\/05\/Domanda_pass_maggiorenni.pdf\">maggiorenni<\/a><\/strong><\/strong><\/li>\n<li><a href=\"https:\/\/consmendoza.esteri.it\/wp-content\/uploads\/2024\/05\/Domanda_pass_minori.pdf\"><strong><strong>minorenni<\/strong><\/strong><\/a><\/li>\n<li><a href=\"https:\/\/consmendoza.esteri.it\/wp-content\/uploads\/2024\/10\/Assenso_in_favore_minore_con_autentica.pdf\"><strong>atto di assenso per minori<\/strong><\/a><\/li>\n<\/ul>\n<p>&#8211; Copia del DNI (fronte e retro) del richiedente (in caso di minore sar\u00e0 necessaria anche copia del DNI di entrambi i genitori)<br \/>\n&#8211; Passaporto italiano, se posseduto;<br \/>\n&#8211; una fotografia recente (frontale, a colori, fondo bianco, 3,5 x 4 cm) <a href=\"https:\/\/www.poliziadistato.it\/statics\/10\/fotografia_passaporto_web.pdf\"><strong>ESEMPI DI FOTO PER PASSAPORTO<\/strong><\/a>;<br \/>\n&#8211; ricevuta del pagamento del costo del passaporto come da Tabella dei Diritti Consolari presente nel sito web del Consolato.<\/p>\n<p>&nbsp;<\/p>\n<p>&nbsp;<\/p>\n<p><strong>Si ricorda che l\u2019indirizzo di residenza del richiedente deve corrispondere a quello in possesso del Consolato. Ogni variazione deve essere comunicata al Consolato via Fast It (<a href=\"https:\/\/serviziconsolari.esteri.it\/ScoFE\/index.sco\">https:\/\/serviziconsolari.esteri.it\/ScoFE\/index.sco<\/a>) prima di procedere alla richiesta di rilascio di passaporto.<\/strong><\/p>\n<p>&nbsp;<\/p>\n<p><strong>Si ricorda che tutta la documentazione necessaria per il rilascio del passaporto dovr\u00e0 essere presentata in originale il giorno fissato attraverso il Prenot@mi.<\/strong><\/p>\n<p>&nbsp;<\/p>\n<p><strong>In caso di furto o smarrimento del passaporto<\/strong>, oltre alla documentazione prevista, \u00e8 necessario produrre\u00a0<strong>copia della denuncia<\/strong>presentata alle competenti autorit\u00e0 locali di polizia.<\/p>\n<p>&nbsp;<\/p>\n<p><strong>In caso di deterioramento od esaurimento delle pagine del passaporto<\/strong>, oltre alla documentazione prevista, \u00e8 necessario compilare il\u00a0<strong><a href=\"https:\/\/consmendoza.esteri.it\/wp-content\/uploads\/2024\/10\/Dichiarazione-non-inibitoria-word.pdf\">modulo di autocertificazione<\/a>.<\/strong><\/p>\n<p>&nbsp;<\/p>\n<p><strong>Il costo di un nuovo passaporto \u00e8 di 116,20<\/strong> euro da pagare in pesos argentini coma da <strong>Tabella dei Diritti Consolari\u00a0<\/strong>presente nel sito web del Consolato.<\/p>\n<p>&nbsp;<\/p>\n<p><strong>ATTO DI ASSENSO<\/strong><\/p>\n<p><strong>Si informano i connazionali, genitori di figli minori, che a partire dal 14 giugno 2023 non sar\u00e0 pi\u00f9 necessario presentare l\u2019atto di assenso dell\u2019altro genitore ai fini del rilascio del proprio documento d\u2019identit\u00e0 (passaporto e CIE), ai sensi del D.L. 69\/2023.<\/strong><\/p>\n<p>Nello specifico il novellato articolo 3-bis della L. 1185\/1967 indica che, quando vi \u00e8 concreto e attuale pericolo che a causa del trasferimento all&#8217;estero questo possa sottrarsi all&#8217;adempimento dei suoi obblighi verso i figli, sar\u00e0 possibile per l\u2019altro genitore richiedere una inibitoria al rilascio del documento.<\/p>\n<p>L\u2019istanza potr\u00e0 essere presentata presso il giudice competente presso il Tribunale ordinario in cui il minore ha la residenza abituale ovvero, se il minore \u00e8 residente all\u2019estero, il Tribunale nel cui circondario si trova il suo Comune di iscrizione AIRE.<\/p>\n<p>Ai fini del rilascio dei documenti per i minori, invece, <strong><span style=\"text-decoration: underline;\">resta l\u2019obbligo dell\u2019assenso firmato da entrambi i genitori <\/span><\/strong>o da chi esercita la responsabilit\u00e0 genitoriale.<\/p>\n<p>In caso di richieste di passaporto per minori di anni 18, \u00e8 imprescindibile la presenza del genitore<strong><u> non<\/u><\/strong> <strong><u>italiano<\/u><\/strong> il giorno dell\u2019appuntamento.<\/p>\n<p>Nel caso in cui il genitore si trovasse fuori dalla circoscrizione consolare, dovr\u00e0 firmare l\u2019atto di assenso presso la Rappresentanza Consolare Italiana del luogo di residenza che provveder\u00e0 ad inoltrarla a questa sede competente.<\/p>\n<p>Il genitore <strong><u>italiano<\/u><\/strong> che non potr\u00e0 presentarsi il giorno dell\u2019appuntamento potr\u00e0 inviare il formulario di richiesta opportunamente datato e firmato corredato di copia del proprio documento di identit\u00e0 in corso di validit\u00e0 (o passaporto italiano).<\/p>\n<p><strong>PASSAPORTO INDIVIDUALE PER I MINORI<\/strong><\/p>\n<p>A norma del Decreto Legge n. 135\/2009, convertito in legge n. 166\/2009, dal 25 novembre 2009 non \u00e8 pi\u00f9 possibile iscrivere i figli minori sul passaporto dei genitori.<\/p>\n<p>I minorenni devono essere pertanto muniti di passaporto individuale con validit\u00e0 temporale differenziata in base all&#8217;et\u00e0:<\/p>\n<p>\u2022 3 anni di validit\u00e0 per i minori da 0 a 3 anni;<br \/>\n\u2022 5 anni di validit\u00e0 per i minori da 3 a 18 anni.<\/p>\n<p>I minori di anni 14 devono viaggiare in compagnia di uno dei genitori o di chi ne fa le veci, oppure deve essere menzionato sul passaporto &#8211; o su una dichiarazione, convalidata dalla Questura o dall\u2019autorit\u00e0 consolare, rilasciata da chi pu\u00f2 dare l\u2019assenso &#8211; il nome della persona, dell\u2019ente o della compagnia di trasporto a cui i minori medesimi sono affidati.<br \/>\nN.B.<\/p>\n<p>Dal 26 giugno 2012 tutti i minori italiani che viaggiano dovranno essere muniti di documento di viaggio individuale. Pertanto, a partire dalla predetta data i minori, anche se iscritti sui passaporti dei genitori in data antecedente al 25 novembre 2009, dovranno essere in possesso di passaporto individuale oppure, qualora gli Stati attraversati ne riconoscano la validit\u00e0, di carta d\u2019identit\u00e0 valida per l\u2019espatrio o di altro documento equipollente.<\/p>\n<p>&nbsp;<\/p>\n<p><strong>APPROFONDIMENTI:<\/strong><\/p>\n<p><a href=\"https:\/\/www.esteri.it\/it\/servizi-consolari-e-visti\/italiani-all-estero\/documenti_di_viaggio\/passaporto\/\">https:\/\/www.esteri.it\/mae\/it\/servizi\/italiani-all-estero\/documenti_di_viaggio\/passaporto.html<\/a><\/p>\n<p>&nbsp;<\/p>\n<p><strong>APPUNTAMENTI: si rendono disponibili tutti i giorni, alla mezzanotte italiana, tramite <a href=\"https:\/\/prenotami.esteri.it\/\">Prenot@Mi.<\/a><\/strong> Chi riscontrasse problemi nell&#8217;accedere al portale, pu\u00f2 contattare l&#8217;ufficio dedicato: <a href=\"mailto:passaporti.mendoza@esteri.it\">passaporti.mendoza@esteri.it<\/a><\/p>\n<p>Vista l\u2019alta domanda di rilascio di passaporti, il Consolato Generale ha introdotto un\u2019ulteriore sessione di turni il mercoled\u00ec pomeriggio.<\/p>\n","protected":false},"excerpt":{"rendered":"AVVERTENZE APPUNTAMENTI: si rendono disponibili tutti i giorni, alla mezzanotte italiana, tramite Prenot@Mi. GLI UTENTI SONO PREGATI DI NON ACQUISTARE BIGLIETTI AEREI SENZA PRIMA AVER OTTENUTO IL RILASCIO DI UN NUOVO PASSAPORTO O AVER CONTROLLATO LA VALIDIT\u00c0 DEL PASSAPORTO DI CUI SI \u00c8 GI\u00c0 IN POSSESSO. IL POSSESSO DI UN BIGLIETTO AEREO NON RAPPRESENTA MOTIVO [&hellip;]","protected":false},"author":1,"featured_media":0,"parent":59,"menu_order":0,"comment_status":"closed","ping_status":"closed","template":"","meta":{"footnotes":""},"class_list":["post-67","page","type-page","status-publish","hentry"],"_links":{"self":[{"href":"https:\/\/consmendoza.esteri.it\/it\/wp-json\/wp\/v2\/pages\/67","targetHints":{"allow":["GET"]}}],"collection":[{"href":"https:\/\/consmendoza.esteri.it\/it\/wp-json\/wp\/v2\/pages"}],"about":[{"href":"https:\/\/consmendoza.esteri.it\/it\/wp-json\/wp\/v2\/types\/page"}],"author":[{"embeddable":true,"href":"https:\/\/consmendoza.esteri.it\/it\/wp-json\/wp\/v2\/users\/1"}],"replies":[{"embeddable":true,"href":"https:\/\/consmendoza.esteri.it\/it\/wp-json\/wp\/v2\/comments?post=67"}],"version-history":[{"count":7,"href":"https:\/\/consmendoza.esteri.it\/it\/wp-json\/wp\/v2\/pages\/67\/revisions"}],"predecessor-version":[{"id":3584,"href":"https:\/\/consmendoza.esteri.it\/it\/wp-json\/wp\/v2\/pages\/67\/revisions\/3584"}],"up":[{"embeddable":true,"href":"https:\/\/consmendoza.esteri.it\/it\/wp-json\/wp\/v2\/pages\/59"}],"wp:attachment":[{"href":"https:\/\/consmendoza.esteri.it\/it\/wp-json\/wp\/v2\/media?parent=67"}],"curies":[{"name":"wp","href":"https:\/\/api.w.org\/{rel}","templated":true}]}}