{"id":85,"date":"2023-04-03T19:28:49","date_gmt":"2023-04-03T17:28:49","guid":{"rendered":"https:\/\/consolatozurigo.esteri.it\/?page_id=85"},"modified":"2024-10-25T14:44:48","modified_gmt":"2024-10-25T17:44:48","slug":"anagrafe-degli-italiani-residenti-allestero-aire","status":"publish","type":"page","link":"https:\/\/consmendoza.esteri.it\/it\/servizi-consolari-e-visti\/servizi-per-il-cittadino-italiano\/anagrafe-degli-italiani-residenti-allestero-aire\/","title":{"rendered":"Anagrafe degli Italiani residenti all\u2019estero (AIRE)"},"content":{"rendered":"<div class=\"row\">\n<div>\n<p><a href=\"https:\/\/consmendoza.esteri.it\/wp-content\/uploads\/2023\/11\/ANAGRAFE-STATO-CIVILE.pdf\"><strong>ISTRUZIONI APPUNTAMENTI ANAGRAFE \/ STATO CIVILE<\/strong><\/a><\/p>\n<\/div>\n<div><\/div>\n<div class=\"col-md-6 col-sm-12 col-xs-24\">L&#8217;Ufficio Anagrafe \u00e8 competente per l&#8217;Anagrafe dei Cittadini Residenti all&#8217;Estero (AIRE).<\/div>\n<\/div>\n<div>\n<p>L\u2019iscrizione all\u2019A.I.R.E. \u00e8 un diritto-dovere del cittadino (art. 6 legge 470\/1988) e costituisce il presupposto per usufruire di una serie di servizi forniti dalle Rappresentanze consolari all\u2019estero, nonch\u00e9 per l\u2019esercizio di importanti diritti, quali per esempio:<\/p>\n<p>\u2022 la possibilit\u00e0 di votare per elezioni politiche e referendum per corrispondenza nel Paese di residenza, e per l&#8217;elezione dei rappresentanti italiani al Parlamento Europeo nei seggi istituiti dalla rete diplomatico-consolare nei Paesi appartenenti all&#8217;U.E.;<br \/>\n\u2022 la possibilit\u00e0 di ottenere il rilascio o rinnovo di documenti di identit\u00e0 e di viaggio, nonch\u00e9 certificazioni;<\/p>\n<p><strong>Devono iscriversi all\u2019A.I.R.E.:<\/strong><\/p>\n<p>\u2022 i cittadini che trasferiscono la propria residenza all\u2019estero per periodi superiori a 12 mesi;<br \/>\n\u2022 quelli che gi\u00e0 vi risiedono, sia perch\u00e9 nati all\u2019estero sia per successivo acquisto della cittadinanza italiana a qualsiasi titolo.<\/p>\n<p><strong>Non devono &#8211; per contro &#8211; iscriversi all\u2019A.I.R.E.:<\/strong><\/p>\n<p>\u2022 le persone che si recano all\u2019estero per un periodo di tempo inferiore ad un anno;<br \/>\n\u2022 i lavoratori stagionali;<br \/>\n\u2022 i dipendenti di ruolo dello Stato in servizio all\u2019estero, che siano notificati ai sensi delle Convenzioni di Vienna sulle relazioni diplomatiche e sulle relazioni consolari rispettivamente del 1961 e del 1963;<br \/>\n\u2022 i militari italiani in servizio presso gli uffici e le strutture della NATO dislocate all\u2019estero.<\/p>\n<p>La legge n. 470 del 1988 stabilisce che tutti i cittadini italiani che trasferiscono all&#8217;estero la loro residenza devono, entro 90 giorni dalla data di arrivo nel Paese di destinazione, fare apposita dichiarazione presso il competente Ufficio consolare. Anche chi \u00e8 emigrato prima dell&#8217;entrata in vigore di questa legge deve iscriversi.<\/p>\n<p>L&#8217;iscrizione all&#8217;AIRE \u00e8 necessaria per ottenere tutti i documenti e i certificati che sono rilasciati dall&#8217;Ufficio consolare. Anche per poter richiedere il rilascio o il rinnovo del passaporto occorre aver adempiuto al predetto obbligo. Inoltre, una volta iscritti nel sistema informatico del Consolato, tutte le pratiche potranno essere svolte in tempi sensibilmente pi\u00f9 brevi.<\/p>\n<p>I cittadini italiani debbono essere iscritti nell&#8217;anagrafe di un Comune italiano. L&#8217;iscrizione permette, tra l&#8217;altro, l&#8217;esercizio di tutti i diritti e i doveri ai cittadini, secondo la situazione di ciascuno. Il cittadino italiano ha inoltre l&#8217;obbligo di comunicare al proprio Comune e quindi all&#8217;Ufficio consolare tutte le variazioni dei dati anagrafici (stato civile, cittadinanza, indirizzo, composizione della famiglia, residenza).<\/p>\n<p>I cittadini italiani possono essere residenti in Italia o all&#8217;estero: nel primo caso (residenza in Italia) essi saranno iscritti nell&#8217;Anagrafe della Popolazione Residente (A.P.R.) del Comune italiano e dovranno rivolgersi direttamente al Comune di residenza per lo svolgimento di tutte le pratiche anagrafiche; nel secondo caso (residenti all&#8217;estero) il loro nome comparir\u00e0 negli elenchi dell&#8217;A.I.R.E. (Anagrafe degli Italiani Residenti all&#8217;Estero) del Comune italiano di origine o di ultima residenza prima dell&#8217;espatrio; queste persone potranno rivolgersi all&#8217;Ufficio consolare italiano del proprio luogo di residenza all&#8217;estero per lo svolgimento delle pratiche anagrafiche, e il Consolato far\u00e0 da tramite fra i cittadini residenti all&#8217;estero e il Comune italiano di iscrizione anagrafica.<\/p>\n<p><strong>Come ci si iscrive all&#8217;A.I.R.E.<\/strong><\/p>\n<p>La richiesta di iscrizione all&#8217;A.I.R.E. deve essere effettuata tramite il <a href=\"https:\/\/serviziconsolari.esteri.it\/ScoFE\/index.sco\"><strong>FAST-IT<\/strong><\/a>. \u00c8 anche previsto che il Comune italiano provveda d&#8217;ufficio all&#8217;iscrizione nella propria A.I.R.E. quando venga a conoscenza del fatto che il cittadino risiede stabilmente all&#8217;estero. Ugualmente, l&#8217;Ufficio consolare italiano del luogo di residenza richiede al Comune italiano l&#8217;iscrizione all&#8217;A.I.R.E. del cittadino per il quale &#8211; in occasione dello svolgimento di una qualsiasi pratica (ad esempio, il rilascio di un passaporto) &#8211; ha constatato l&#8217;effettiva e permanente residenza all&#8217;estero.<\/p>\n<p>L&#8217;iscrizione all&#8217;A.I.R.E. pu\u00f2 quindi essere fatta anche senza una diretta iniziativa da parte del cittadino interessato; in ogni caso il cittadino ne sar\u00e0 informato per mezzo di un atto amministrativo del Comune, che gli sar\u00e0 notificato dal Consolato italiano del luogo di residenza.<\/p>\n<p><strong>Variazione dei dati d&#8217;iscrizione all&#8217;A.I.R.E.<br \/>\n<\/strong><br \/>\nL&#8217;aggiornamento dell&#8217;A.I.R.E. dipende dal cittadino.<\/p>\n<p>Il cittadino italiano ha l&#8217;obbligo di comunicare al proprio Comune tutte le variazioni dei dati anagrafici (stato civile, cittadinanza, indirizzo, composizione della famiglia, residenza).<\/p>\n<p>Il Comune italiano riceve automaticamente notizia di tali variazioni se esse si verificano in Italia; se il cittadino italiano risiede all&#8217;estero, il Comune italiano pu\u00f2 essere informato dei cambiamenti intervenuti solo su iniziativa dell&#8217;interessato e tramite il Consolato italiano del luogo di residenza.<\/p>\n<p>L&#8217;interessato deve tempestivamente comunicare all\u2019Ufficio consolare (tramite <a href=\"https:\/\/serviziconsolari.esteri.it\/ScoFE\/index.sco\"><strong>FAST-IT<\/strong><\/a>)<\/p>\n<p>&#8211; il trasferimento della propria residenza o abitazione;<br \/>\n&#8211; le modifiche dello stato civile anche per l\u2019eventuale trascrizione in Italia degli atti stranieri (matrimonio, nascita, divorzio, morte, ecc.);<br \/>\n&#8211; il rientro definitivo in Italia;<br \/>\n&#8211; la perdita della cittadinanza italiana.<\/p>\n<p>La tempestiva comunicazione al Consolato dei cambiamenti riguardanti la propria situazione anagrafica &#8211; oltre ad essere un dovere del cittadino &#8211; consentir\u00e0 agli Uffici italiani di mantenere sempre aggiornate le informazioni riguardanti i cittadini residenti all&#8217;estero, facilitando sia l&#8217;erogazione di tutti i servizi eventualmente richiesti in Italia ed all&#8217;estero, sia il contatto fra Consolato e cittadini italiani residenti nella circoscrizione.<\/p>\n<\/div>\n<hr \/>\n<div class=\"row\"><\/div>\n","protected":false},"excerpt":{"rendered":"ISTRUZIONI APPUNTAMENTI ANAGRAFE \/ STATO CIVILE L&#8217;Ufficio Anagrafe \u00e8 competente per l&#8217;Anagrafe dei Cittadini Residenti all&#8217;Estero (AIRE). L\u2019iscrizione all\u2019A.I.R.E. \u00e8 un diritto-dovere del cittadino (art. 6 legge 470\/1988) e costituisce il presupposto per usufruire di una serie di servizi forniti dalle Rappresentanze consolari all\u2019estero, nonch\u00e9 per l\u2019esercizio di importanti diritti, quali per esempio: \u2022 la [&hellip;]","protected":false},"author":1,"featured_media":0,"parent":59,"menu_order":4,"comment_status":"closed","ping_status":"closed","template":"","meta":{"footnotes":""},"class_list":["post-85","page","type-page","status-publish","hentry"],"_links":{"self":[{"href":"https:\/\/consmendoza.esteri.it\/it\/wp-json\/wp\/v2\/pages\/85","targetHints":{"allow":["GET"]}}],"collection":[{"href":"https:\/\/consmendoza.esteri.it\/it\/wp-json\/wp\/v2\/pages"}],"about":[{"href":"https:\/\/consmendoza.esteri.it\/it\/wp-json\/wp\/v2\/types\/page"}],"author":[{"embeddable":true,"href":"https:\/\/consmendoza.esteri.it\/it\/wp-json\/wp\/v2\/users\/1"}],"replies":[{"embeddable":true,"href":"https:\/\/consmendoza.esteri.it\/it\/wp-json\/wp\/v2\/comments?post=85"}],"version-history":[{"count":4,"href":"https:\/\/consmendoza.esteri.it\/it\/wp-json\/wp\/v2\/pages\/85\/revisions"}],"predecessor-version":[{"id":1095,"href":"https:\/\/consmendoza.esteri.it\/it\/wp-json\/wp\/v2\/pages\/85\/revisions\/1095"}],"up":[{"embeddable":true,"href":"https:\/\/consmendoza.esteri.it\/it\/wp-json\/wp\/v2\/pages\/59"}],"wp:attachment":[{"href":"https:\/\/consmendoza.esteri.it\/it\/wp-json\/wp\/v2\/media?parent=85"}],"curies":[{"name":"wp","href":"https:\/\/api.w.org\/{rel}","templated":true}]}}