{"id":94,"date":"2023-04-03T19:30:35","date_gmt":"2023-04-03T17:30:35","guid":{"rendered":"https:\/\/consolatozurigo.esteri.it\/?page_id=94"},"modified":"2025-09-01T09:19:51","modified_gmt":"2025-09-01T12:19:51","slug":"altri-servizi","status":"publish","type":"page","link":"https:\/\/consmendoza.esteri.it\/it\/servizi-consolari-e-visti\/servizi-per-il-cittadino-italiano\/altri-servizi\/","title":{"rendered":"Studi"},"content":{"rendered":"<ul>\n<li><strong>Informazioni Generali<\/strong><\/li>\n<\/ul>\n<p>IMPORTANTE: Si possono presentare all\u2019Ufficio Studi, previo appuntamento al servizio, gli utenti &#8211; cittadini italiani e\/o stranieri &#8211; che risultino aver conseguito il proprio titolo di studio nella circoscrizione consolare di Mendoza, San Juan e San Luis.<\/p>\n<p><strong>Per richiedere un appuntamento si pregano gli utenti di scrivere una mail a mendoza.studi@esteri.it<\/strong><\/p>\n<p>Le pratiche presso l\u2019Ufficio Studi del Consolato sono gratuite se servono:<\/p>\n<ul>\n<li>per il prosieguo degli studi;<\/li>\n<li>per le borse di studio;<\/li>\n<li>per l\u2019equipollenza degli studi;<\/li>\n<\/ul>\n<p>presentando l&#8217;iscrizione all&#8217;Universit\u00e0 in originale o tramite PEC.<\/p>\n<p>I cittadini italiani o stranieri in possesso di titolo accademico straniero &#8211; conseguito a seguito di studi ed esami svoltisi all&#8217;estero presso Universit\u00e0 statali o legalmente riconosciute &#8211; che aspirino a chiedere il riconoscimento in Italia del proprio curriculum studiorum ai fini del conseguimento di analogo titolo accademico italiano, possono avanzare richiesta in tal senso presso un\u2019 Universit\u00e0 di loro scelta.<\/p>\n<p>Per maggiori informazioni consultare il sito del Ministero degli Affari Esteri <a href=\"https:\/\/www.esteri.it\/it\/diplomazia-culturale-e-diplomazia-scientifica\/cultura\/universita\/riconoscimento_titoli_studio\/\">cliccando qui<\/a><\/p>\n<p>I vari Ministeri sono responsabili delle procedure di riconoscimento professionale dei titoli conseguiti all\u2019estero, per l&#8217;accesso a quelle professioni sulle quali esercita la vigilanza dei cittadini sia italiani sia stranieri. I professionisti in possesso di un titolo conseguito in un Paese non appartenente all&#8217;Unione Europea possono presentare domanda di riconoscimento del titolo al fine di esercitare la professione corrispondente in Italia. Oltre ai cittadini comunitari, anche ogni cittadino straniero che ne faccia richiesta pu\u00f2 ottenere il riconoscimento.<\/p>\n<p>Le Dichiarazioni di Valore sono soggette al <strong>pagamento di diritti consolari<\/strong> di cui alla Tariffa consolare vigente al momento dell\u2019emissione dell\u2019atto. La tabella \u00e8 presente nel sito web del Consolato.<\/p>\n<p>Nel caso in cui l\u2019interessato non si presenti personalmente dovr\u00e0 esibire, tramite persona incaricata, <strong>delega<\/strong> con allegata copia di un documento d\u2019identit\u00e0 in corso di validit\u00e0 dell\u2019interessato e del delegato (Passaporto, Carta d\u2019Identit\u00e0 Italiana, DNI, CI Mercosur).<\/p>\n<p>I cittadini argentini o stranieri per potersi recare in Italia per motivi di studio devono necessariamente richiedere il <strong>VISTO di tipo D<\/strong> per l\u2019ingresso in Italia. Gli interessati devono istruire la pratica presso l\u2019Ufficio Visti di questo Consolato.<\/p>\n<p>I cittadini in possesso di doppia cittadinanza (italiana e argentina) non hanno bisogno di Visto per recarsi in Italia a studiare.<\/p>\n<p>&nbsp;<\/p>\n<ul>\n<li><strong>Le scuole in Italia<\/strong><\/li>\n<\/ul>\n<p>Un elenco completo di Scuole Elementari, Medie e dei Licei Italiani statali e non statali \u00e8 costantemente aggiornato dal Ministero dell\u2019Istruzione, dell\u2019Universit\u00e0 e della Ricerca ed \u00e8 consultabile nel <a href=\"https:\/\/www.miur.gov.it\">sito ufficiale del MIUR<\/a><\/p>\n<p>&nbsp;<\/p>\n<p>Per l&#8217;iscrizione a scuole primarie o secondarie in Italia:<\/p>\n<ul>\n<li>Certificazione degli studi compiuti con allegata Dichiarazione di Valore rilasciata dal Consolato competente;<\/li>\n<\/ul>\n<p>Per l&#8217;equipollenza del titolo di studio secondario:<\/p>\n<ul>\n<li>Titolo finale di scuola secondaria;<\/li>\n<li>Certificato analitico con allegata Dichiarazione di Valore rilasciata dal Consolato;<\/li>\n<li>Eventuali certificati di frequenza di corsi di lingua italiana.<\/li>\n<\/ul>\n<p>&nbsp;<\/p>\n<ul>\n<li><strong>Le Universit\u00e0 in Italia<\/strong><\/li>\n<\/ul>\n<p>Notizie di interesse generale sull\u2019organizzazione e sul funzionamento delle Universit\u00e0 italiane si trovano nella sezione del <a href=\"https:\/\/www.miur.gov.it\">sito del Ministero dell\u2019Istruzione, dell\u2019Universit\u00e0 e della Ricerca.<\/a><\/p>\n<p>Liste complete degli Atenei sono consultabili attraverso lo speciale <a href=\"https:\/\/cercauniversita.cineca.it\">motore di ricerca CINECA<\/a><\/p>\n<p>E\u2019 presente anche pagina dedicata alle Universit\u00e0 nel sito della <a href=\"https:\/\/www.crui.it\">CRUI &#8211; Conferenza dei Rettori delle Universit\u00e0 Italiane<\/a><\/p>\n<p>Gli studenti stranieri interessati ad effettuare studi presso le Universit\u00e0 Italiane trovano notizie utili sui posti loro riservati nel sito del MIUR alla pagina relativa all&#8217;Offerta formativa.<\/p>\n<ol>\n<li>Per l&#8217;iscrizione a Facolt\u00e0 Universitarie in Italia (munirsi della Dichiarazione di Valore presso la Rappresentanza italiana competente per circoscrizione consolare) si dovr\u00e1 presentare:<\/li>\n<\/ol>\n<ul>\n<li>Titolo finale di scuola secondaria;<\/li>\n<li>Certificato analitico.<\/li>\n<\/ul>\n<p>L&#8217;iscrizione a Universit\u00e0 in Italia di cittadini stranieri si effettua esclusivamente tramite il Consolato e le disposizioni che disciplinano l\u2019immatricolazione universitaria vengono pubblicate annualmente con gli aggiornamenti e secondo termini e modalit\u00e0 stabiliti da ordinanze ministeriali:<\/p>\n<p>Per informazioni utili e date di iscrizione consultare la seguente <a href=\"https:\/\/www.studiare-in-italia.it\/studentistranieri\/\">pagina del MIUR<\/a><\/p>\n<p>2. Per il riconoscimento in Italia degli studi universitari parziali o totali compiuti in Argentina (*):<\/p>\n<ul>\n<li>Titolo finale di scuola secondaria;<\/li>\n<li>Certificato analitico secondario;<\/li>\n<li>Titolo universitario;<\/li>\n<li>Certificato analitico degli studi universitari;<\/li>\n<li>Programmi di studio del corso di laurea per ogni materia (timbrati e numerati dall&#8217;Universit\u00e0) non \u00e8 necessaria legalizzazione n\u00e9 traduzione. (Per ulteriori informazioni vedasi il sito del Ministero dell\u2019Istruzione, dell\u2019Universit\u00e0 e della Ricerca);<\/li>\n<li>Dichiarazione rilasciata dall&#8217;Universit\u00e0 che attesti l&#8217;effettivo svolgimento dei suddetti programmi di studio, legalizzata con Apostille dell\u2019Aja e tradotta (*).<\/li>\n<\/ul>\n<p>&nbsp;<\/p>\n<p>&nbsp;<\/p>\n<ul>\n<li><strong>Equipollenza titoli di Studio<\/strong><\/li>\n<\/ul>\n<p>Titoli universitari: I titoli di studio argentini <strong>non sono automaticamente riconosciuti<\/strong> in Italia. I cittadini italiani o stranieri interessati al riconoscimento accademico dell\u2019eguaglianza di valore e di efficacia (&#8220;equipollenza&#8221;) dei propri titoli di studio (conseguiti in Istituti di istruzione ufficialmente riconosciuti all\u2019estero) ai corrispondenti titoli di studio italiani, possono avanzare richiesta in tal senso presso un\u2019Universit\u00e0 di loro scelta.<\/p>\n<p>Titoli di scuola secondaria: I cittadini italiani o stranieri devono invece rivolgersi direttamente al Centro Servizi Amministrativi (CSA) oppure Ufficio Scolastico Provinciale (USP) ex Provveditorato agli Studi, per l\u2019ambito territoriale della provincia di appartenenza, ma sempre dopo aver richiesto all\u2019Ufficio Studi del Consolato competente il rilascio della &#8220;Dichiarazione di Valore&#8221;.<\/p>\n<p>I titoli di studio di scuola secondaria argentini <strong>non sono automaticamente riconosciuti in Italia<\/strong>, comunque, in conformit\u00e0 a quanto previsto dall\u2019Accordo Culturale tra l\u2019Italia e l\u2019Argentina del 03\/12\/1997, sono idonei all\u2019ammissione alle Universit\u00e0 e agli Istituti di Istruzione Superiore Italiani muniti della relativa Dichiarazione di Valore.<\/p>\n<p>I titoli di studio ottenuti all\u2019estero, una volta dichiarati equipollenti ai titoli italiani di corrispondente valore (terza media, diploma di scuola media superiore o laurea), hanno in Italia valore legale; questo significa, ad esempio, che la persona in possesso della cittadinanza italiana ha diritto a partecipare ai concorsi banditi dalla Pubblica Amministrazione italiana.<\/p>\n<ul>\n<li><strong>Dichiarazione di Valore<\/strong><\/li>\n<\/ul>\n<p>La dichiarazione di valore \u00e8 un documento rilasciato dalle autorit\u00e0 consolari italiane a coloro che, avendo conseguito un titolo di studio presso istituti di istruzione stranieri, intendono proseguire gli studi in Italia oppure avviare le procedure di Equipollenza dei Titoli di Studio oppure di Riconoscimento professionale.<\/p>\n<p><strong>N.B. La Dichiarazione di Valore non attribuisce alcun riconoscimento al Titolo in Italia<\/strong> ma ha l&#8217;unico scopo di descrivere il valore acquisito dal Titolo di studio nel Paese di origine. Il riconoscimento o l&#8217;equipollenza dei Titoli sono di competenza delle specifiche Autorit\u00e0 italiane.<\/p>\n<p>Pertanto gli stranieri e gli italiani residenti all\u2019estero possono accedere alle Universit\u00e0 italiane presentando al Consolato una domanda che deve essere corredata dalla documentazione prescritta. Questa documentazione, munita della relativa Dichiarazione di Valore, deve essere approvata dalle competenti Autorit\u00e0 italiane, in base alla valutazione dei titoli di studio conseguiti all\u2019estero.<\/p>\n<p>Per ottenere la Dichiarazione di Valore di un titolo secondario, occorre presentare la seguente documentazione:<\/p>\n<ul>\n<li>Titolo finale di scuola secondaria (*);<\/li>\n<li>Certificato analitico secondario (*);<\/li>\n<li><a href=\"https:\/\/consmendoza.esteri.it\/wp-content\/uploads\/2024\/10\/Domanda-rilascio-dich.-valore.pdf\">Modulo richiesta Dichiarazione di Valore<\/a><\/li>\n<li>Copia di un documento di identit\u00e0 in corso di validit\u00e0<\/li>\n<\/ul>\n<p>Per ottenere la Dichiarazione di Valore di un diploma di specializzazione post secondaria (di durata biennale o triennale) o di un titolo universitario \u00e8 necessario presentare la seguente documentazione, vedere punto (*):<\/p>\n<p><strong>Documenti obbligatori:<\/strong><\/p>\n<ul>\n<li>Titolo universitario o diploma di specializzazione post secondaria (*);<\/li>\n<li>Certificato analitico degli studi di specializzazione post secondaria o universitari (*)<\/li>\n<li><a href=\"https:\/\/consmendoza.esteri.it\/wp-content\/uploads\/2024\/10\/Domanda-rilascio-dich.-valore.pdf\">Modulo richiesta Dichiarazione di Valore<\/a><\/li>\n<li>Copia di un documento di identit\u00e0 in corso di validit\u00e0<\/li>\n<\/ul>\n<p><strong>Eventualmente:<\/strong><\/p>\n<ul>\n<li>Dichiarazione rilasciata dall\u2019Istituto o dall&#8217;Universit\u00e0 che attesti l&#8217;effettivo svolgimento dei\u00a0 programmi di studio, legalizzata con apostille dell\u2019Aja e tradotta (*);<\/li>\n<li>Certificazione in originale su carta intestata, rilasciata dalla Universit\u00e0 \/ Istituto o Collegio Professionale dal quale risulti:a) Normativa e fonte giuridica che regola l\u2019esercizio della professione nella Repubblica Argentina (Legge, Decreto, Regolamentazione, ecc.) che definisce l\u2019attivit\u00e0 e responsabilit\u00e0 della professione;<br \/>\nb) L\u2019 Autorit\u00e0 di Stato competente al controllo dell\u2019esercizio della professione (Ministero, Dipartimento, Ordine Professionale, ecc);<\/li>\n<\/ul>\n<p>Qualora dal certificato analitico non risultassero gli anni di studio previsti per ottenere il titolo \u00e8 necessario presentare:<\/p>\n<ul>\n<li>Certificazione rilasciata dall\u2019Istituzione competente, attestante quanto sopra (presentarla in originale, senza legalizzazione n\u00e9 traduzione)<\/li>\n<\/ul>\n<p>Qualora la Dichiarazione di Valore sia richiesta per ottenere il riconoscimento del titolo professionale \/ accademico in Italia, e\u2019 necessario presentare:<\/p>\n<ul>\n<li>Certificazione rilasciata dall\u2019Autorit\u00e0 competente dalla quale risulti l\u2019iscrizione all\u2019Albo Professionale e il relativo numero di matricola (da presentare in originale, legalizzata con Apostille dell\u2019Aja e traduzione in italiano (*).<\/li>\n<\/ul>\n<p>&nbsp;<\/p>\n<p><strong>(*) Modalit\u00e0 di presentazione dei documenti<\/strong><\/p>\n<p>Al fine di ottenere la Dichiarazione di Valore, tutti i documenti dovranno essere:<\/p>\n<ul>\n<li>presentati in originale<\/li>\n<li>legalizzati con Apostille dell\u2019Aja<\/li>\n<li>tradotti in italiano<\/li>\n<li>fotocopia di TUTTA la documentazione (senza autentica notarile)<\/li>\n<\/ul>\n<p><strong>(*) AUTORITA\u00b4 COMPETENTI ALLA LEGALIZZAZIONE DEI DOCUMENTI:<\/strong><\/p>\n<p>\u2022 Ministerio de Educaci\u00f3n<\/p>\n<p>\u2022 Direcci\u00f3n General de Educaci\u00f3n Superior<\/p>\n<p>\u2022 Direcci\u00f3n de Educaci\u00f3n Gesti\u00f3n Privada<\/p>\n<p>\u2022 Ministerio de Educaci\u00f3n de la Naci\u00f3n<\/p>\n<p>\u2022 Ministerio de Relaciones Exteriores &#8211; \u201cApostille dell\u2019Aja\u201d<\/p>\n<p>NOTA BENE:<\/p>\n<p>La traduzione dei titoli di studio ed eventuali certificazioni pu\u00f2 essere effettuata anche in Italia. Per le iscrizioni alle Universit\u00e0 pregasi attenersi ai requisiti di ogni Ateneo.<\/p>\n<p>&nbsp;<\/p>\n<ul>\n<li><strong>Iscrizioni alle Universit\u00e0<\/strong><\/li>\n<\/ul>\n<p>Per realizzare iscrizioni universitarie di cittadini stranieri che intendano proseguire gli studi presso universit\u00e0 italiane, secondo i termini e le modalit\u00e0 stabiliti annualmente da ordinanze ministeriali, occorre:<\/p>\n<ul>\n<li>Consultare le informazioni sulle norme per l\u2019accesso degli studenti stranieri ai corsi universitari e le procedure per le immatricolazioni nelle universit\u00e0 stabilite annualmente: pagina web del MIUR;<\/li>\n<li>Ottenere una dichiarazione di valore dei titoli rilasciati all\u2019estero presso il Consolato competente territorialmente;<\/li>\n<li><strong>VISTO DI STUDIO<\/strong> da richiedere presso l\u2019<strong><strong>Ufficio Visti di questo Consolato Generale a <a href=\"mailto:passaporti.mendoza@esteri.it\">passaporti.mendoza@esteri.it<\/a>\u00a0<\/strong><\/strong><\/li>\n<li><strong>Informazioni Utili:<\/strong><\/li>\n<\/ul>\n<p>Titoli di studio conseguiti in Italia<\/p>\n<p>Agli interessati che abbiano studiato o conseguito titoli in Italia e desiderino continuare gli studi o farli riconoscere in Argentina, si consiglia di effettuare in Italia il percorso inverso:<\/p>\n<ul>\n<li>Legalizzare le schede di valutazione, le pagelle, i diplomi, le lauree, ecc. presso le competenti Autorit\u00e1 italiane;<\/li>\n<li>Legalizzare con Apostille dell\u2019Aja presso la Procura della Repubblica o la Prefettura competente, cio\u00e8, della provincia in cui fu conseguito il titolo;<\/li>\n<li>Far tradurre in lingua spagnola da un traduttore;<\/li>\n<li>Richiedere al Consolato argentino competente per territorio la legalizzazione delle traduzioni e la dichiarazione di valore di ciascun documento.<\/li>\n<\/ul>\n","protected":false},"excerpt":{"rendered":"Informazioni Generali IMPORTANTE: Si possono presentare all\u2019Ufficio Studi, previo appuntamento al servizio, gli utenti &#8211; cittadini italiani e\/o stranieri &#8211; che risultino aver conseguito il proprio titolo di studio nella circoscrizione consolare di Mendoza, San Juan e San Luis. Per richiedere un appuntamento si pregano gli utenti di scrivere una mail a mendoza.studi@esteri.it Le pratiche [&hellip;]","protected":false},"author":1,"featured_media":0,"parent":59,"menu_order":22,"comment_status":"closed","ping_status":"closed","template":"","meta":{"footnotes":""},"class_list":["post-94","page","type-page","status-publish","hentry"],"_links":{"self":[{"href":"https:\/\/consmendoza.esteri.it\/it\/wp-json\/wp\/v2\/pages\/94","targetHints":{"allow":["GET"]}}],"collection":[{"href":"https:\/\/consmendoza.esteri.it\/it\/wp-json\/wp\/v2\/pages"}],"about":[{"href":"https:\/\/consmendoza.esteri.it\/it\/wp-json\/wp\/v2\/types\/page"}],"author":[{"embeddable":true,"href":"https:\/\/consmendoza.esteri.it\/it\/wp-json\/wp\/v2\/users\/1"}],"replies":[{"embeddable":true,"href":"https:\/\/consmendoza.esteri.it\/it\/wp-json\/wp\/v2\/comments?post=94"}],"version-history":[{"count":6,"href":"https:\/\/consmendoza.esteri.it\/it\/wp-json\/wp\/v2\/pages\/94\/revisions"}],"predecessor-version":[{"id":3081,"href":"https:\/\/consmendoza.esteri.it\/it\/wp-json\/wp\/v2\/pages\/94\/revisions\/3081"}],"up":[{"embeddable":true,"href":"https:\/\/consmendoza.esteri.it\/it\/wp-json\/wp\/v2\/pages\/59"}],"wp:attachment":[{"href":"https:\/\/consmendoza.esteri.it\/it\/wp-json\/wp\/v2\/media?parent=94"}],"curies":[{"name":"wp","href":"https:\/\/api.w.org\/{rel}","templated":true}]}}